{"id":9859,"date":"2015-04-08T15:47:56","date_gmt":"2015-04-08T15:47:56","guid":{"rendered":"https:\/\/laserisse.com\/login\/"},"modified":"2021-05-18T14:01:19","modified_gmt":"2021-05-18T11:01:19","slug":"giris","status":"publish","type":"page","link":"https:\/\/laserisse.com\/tr\/giris\/","title":{"rendered":"Giri\u015f"},"content":{"rendered":"<section class=\"l-section wpb_row us_custom_cb159828 height_medium full_height valign_center with_img\"><div class=\"l-section-img\" role=\"img\" data-img-width=\"1920\" data-img-height=\"1080\" style=\"background-image: url(https:\/\/laserisse.com\/wp-content\/uploads\/2020\/08\/login-register-background.jpg);\"><\/div><div class=\"l-section-overlay\" style=\"background:rgba(40,40,40,0.5)\"><\/div><div class=\"l-section-h i-cf\"><div class=\"g-cols vc_row via_flex valign_top type_boxes stacking_default\"><div class=\"vc_col-sm-12 wpb_column vc_column_container\"><div class=\"vc_column-inner\"><div class=\"wpb_wrapper\"><div class=\"w-separator size_custom\" style=\"height:5px\"><\/div><\/div><\/div><\/div><div class=\"vc_col-sm-4 wpb_column vc_column_container\"><div class=\"vc_column-inner\"><div class=\"wpb_wrapper\"><div class=\"w-separator size_small\"><\/div><\/div><\/div><\/div><div class=\"vc_col-sm-4 wpb_column vc_column_container has_bg_color\"><div class=\"vc_column-inner us_custom_4fb9e5a3\"><div class=\"wpb_wrapper\"><div class=\"wpb_widgetised_column wpb_content_element\"><div class=\"wpb_wrapper\"><div id=\"us_login-3\" class=\"widget widget_us_login\"><h3 class=\"widgettitle\">Giri\u015f Yap \/ Kay\u0131t Ol<\/h3><div class=\"w-login\"><div class=\"g-preloader type_1\"><\/div><div class=\"w-profile hidden\"><a class=\"w-profile-link for_user\" href=\"https:\/\/laserisse.com\/wp-admin\/profile.php\"><span class=\"w-profile-avatar\"><img loading=\"lazy\" decoding=\"async\" alt=\"\" src=\"https:\/\/secure.gravatar.com\/avatar\/?s=64&#038;d=mm&#038;r=g\" srcset=\"https:\/\/secure.gravatar.com\/avatar\/?s=128&#038;d=mm&#038;r=g 2x\" class=\"avatar avatar-64 photo avatar-default\" height=\"64\" width=\"64\" title=\"Laser Isse\"><\/span><span class=\"w-profile-name\"><\/span><\/a><a class=\"w-profile-link for_logout\" href=\"https:\/\/laserisse.com\/wp-login.php?action=logout&#038;redirect_to=https%3A%2F%2Flaserisse.com%2Ftr%2Fwp-json%2Fwp%2Fv2%2Fpages%2F9859&#038;_wpnonce=b775271f4e\">\u00c7\u0131k\u0131\u015f yap<\/a><\/div><form class=\"w-form hidden for_login layout_ver\" autocomplete=\"off\" action=\"https:\/\/laserisse.com\/wp-login.php\" method=\"post\"><div class=\"w-form-h\"><div class=\"w-form-row for_text required\">\r\n\t\t<div class=\"w-form-row-field\">\r\n\t\t\t\t\t\t<input aria-label=\"Kullan\u0131c\u0131 ad\u0131 ya da e-posta adresi\" type=\"text\" name=\"username\" value placeholder=\"Kullan\u0131c\u0131 ad\u0131 ya da e-posta adresi *\" data-required=\"true\" aria-required=\"true\"\/>\r\n\t\t\t<\/div>\r\n\t\t<div class=\"w-form-row-state\">Fill out this field<\/div>\r\n<\/div>\r\n<div class=\"w-form-row for_password required\">\r\n\t\t<div class=\"w-form-row-field\">\r\n\t\t\t\t\t\t<input aria-label=\"Parola\" type=\"password\" name=\"password\" value placeholder=\"Parola *\" data-required=\"true\" aria-required=\"true\"\/>\r\n\t\t\t<\/div>\r\n\t\t<div class=\"w-form-row-state\">Fill out this field<\/div>\r\n<\/div>\r\n<div class=\"w-form-row for_submit\">\r\n\t<button class=\"w-btn us-btn-style_1\" aria-label=\"Oturum a\u00e7\" type=\"submit\">\r\n\t\t<span class=\"g-preloader type_1\"><\/span>\r\n\t\t\t\t<span class=\"w-btn-label\">Oturum a\u00e7<\/span>\r\n\t\t\t<\/button>\r\n\t<a class=\"w-form-row-link for_register\" href=\"https:\/\/laserisse.com\/tr\/kayit-ol\">Hesap a\u00e7<\/a><\/div>\r\n<input type=\"hidden\" name value=\"forever\" \/>\r\n<input type=\"hidden\" id=\"us_login_nonce\" name=\"us_login_nonce\" value=\"516c6260e3\" \/><input type=\"hidden\" name=\"_wp_http_referer\" value=\"\/tr\/wp-json\/wp\/v2\/pages\/9859\" \/><input type=\"hidden\" name=\"action\" value=\"us_ajax_login\" \/>\r\n<input type=\"hidden\" name=\"redirect_to\" value=\"https:\/\/laserisse.com\/tr\/kutuphane\" \/>\r\n<\/div><div class=\"w-form-message\"><\/div><div class=\"w-form-json hidden\" onclick='return {&quot;login_redirect&quot;:&quot;https:\\\/\\\/laserisse.com\\\/tr\\\/kutuphane&quot;,&quot;use_ajax&quot;:true,&quot;ajaxurl&quot;:&quot;https:\\\/\\\/laserisse.com\\\/wp-admin\\\/admin-ajax.php&quot;,&quot;messages&quot;:{&quot;err_empty&quot;:&quot;Fill out this field&quot;,&quot;err_size&quot;:&quot;File size cannot exceed %s MB&quot;,&quot;err_extension&quot;:&quot;%s file type is not allowed&quot;}}'><\/div><\/form><\/div><\/div><\/div><\/div><\/div><\/div><\/div><div class=\"vc_col-sm-4 wpb_column vc_column_container\"><div class=\"vc_column-inner\"><div class=\"wpb_wrapper\"><div class=\"w-separator size_small\"><\/div><\/div><\/div><\/div><\/div><\/div><\/section>\n","protected":false},"excerpt":{"rendered":"Giri\u015f Yap \/ Kay\u0131t Ol\u00c7\u0131k\u0131\u015f yap Fill out this field Fill out this field Oturum a\u00e7 Hesap a\u00e7","protected":false},"author":743,"featured_media":0,"parent":0,"menu_order":10,"comment_status":"closed","ping_status":"closed","template":"","meta":{"inline_featured_image":false,"footnotes":""},"class_list":["post-9859","page","type-page","status-publish","hentry"],"_links":{"self":[{"href":"https:\/\/laserisse.com\/tr\/wp-json\/wp\/v2\/pages\/9859","targetHints":{"allow":["GET"]}}],"collection":[{"href":"https:\/\/laserisse.com\/tr\/wp-json\/wp\/v2\/pages"}],"about":[{"href":"https:\/\/laserisse.com\/tr\/wp-json\/wp\/v2\/types\/page"}],"author":[{"embeddable":true,"href":"https:\/\/laserisse.com\/tr\/wp-json\/wp\/v2\/users\/743"}],"replies":[{"embeddable":true,"href":"https:\/\/laserisse.com\/tr\/wp-json\/wp\/v2\/comments?post=9859"}],"version-history":[{"count":0,"href":"https:\/\/laserisse.com\/tr\/wp-json\/wp\/v2\/pages\/9859\/revisions"}],"wp:attachment":[{"href":"https:\/\/laserisse.com\/tr\/wp-json\/wp\/v2\/media?parent=9859"}],"curies":[{"name":"wp","href":"https:\/\/api.w.org\/{rel}","templated":true}]}}