{"id":9857,"date":"2015-10-26T11:08:51","date_gmt":"2015-10-26T08:08:51","guid":{"rendered":"https:\/\/laserisse.com\/contact\/"},"modified":"2025-11-14T09:40:43","modified_gmt":"2025-11-14T06:40:43","slug":"iletisim","status":"publish","type":"page","link":"https:\/\/laserisse.com\/tr\/iletisim\/","title":{"rendered":"\u0130leti\u015fim"},"content":{"rendered":"<section class=\"l-section wpb_row us_custom_8cd4af33 height_custom color_primary with_img\"><div class=\"l-section-img\" role=\"img\" data-img-width=\"1920\" data-img-height=\"350\" style=\"background-image: url(https:\/\/laserisse.com\/wp-content\/uploads\/2020\/06\/contact.jpg);background-position: bottom center;background-repeat: no-repeat;background-size: contain;\"><\/div><div class=\"l-section-overlay\" style=\"background:rgba(2,2,2,0.67)\"><\/div><div class=\"l-section-h i-cf\"><div class=\"g-cols vc_row via_flex valign_top type_default stacking_default\"><div class=\"vc_col-sm-12 wpb_column vc_column_container\"><div class=\"vc_column-inner\"><div class=\"wpb_wrapper\"><div class=\"w-separator size_medium\"><\/div><div class=\"wpb_text_column\"><div class=\"wpb_wrapper\"><h1 style=\"text-align: center;\">\u0130leti\u015fime Ge\u00e7in<\/h1>\n<\/div><\/div><div class=\"w-separator size_small\"><\/div><div class=\"w-iconbox iconpos_top style_default color_custom align_center no_text no_title\"><a href=\"#intro\" class=\"w-iconbox-link\" aria-label=\"far|chevron-down\"><div class=\"w-iconbox-icon\" style=\"font-size:3rem;--icon-color:#ffffff;\"><i class=\"far fa-chevron-down\"><\/i><\/div><\/a><div class=\"w-iconbox-meta\"><\/div><\/div><\/div><\/div><\/div><\/div><\/div><\/section><section class=\"l-section wpb_row height_custom\" id=\"intro\"><div class=\"l-section-h i-cf\"><div class=\"g-cols vc_row via_flex valign_middle type_default stacking_default\"><div class=\"vc_col-sm-8 wpb_column vc_column_container\"><div class=\"vc_column-inner\"><div class=\"wpb_wrapper\">\n<div class=\"wpcf7 no-js\" id=\"wpcf7-f10060-o1\" lang=\"tr-TR\" dir=\"ltr\">\n<div class=\"screen-reader-response\"><p role=\"status\" aria-live=\"polite\" aria-atomic=\"true\"><\/p> <ul><\/ul><\/div>\n<form action=\"\/tr\/wp-json\/wp\/v2\/pages\/9857#wpcf7-f10060-o1\" method=\"post\" class=\"wpcf7-form init\" aria-label=\"\u0130leti\u015fim Formu\" novalidate=\"novalidate\" data-status=\"init\">\n<div style=\"display: none;\">\n<input type=\"hidden\" name=\"_wpcf7\" value=\"10060\" \/>\n<input type=\"hidden\" name=\"_wpcf7_version\" value=\"5.9.8\" \/>\n<input type=\"hidden\" name=\"_wpcf7_locale\" value=\"tr_TR\" \/>\n<input type=\"hidden\" name=\"_wpcf7_unit_tag\" value=\"wpcf7-f10060-o1\" \/>\n<input type=\"hidden\" name=\"_wpcf7_container_post\" value=\"0\" \/>\n<input type=\"hidden\" name=\"_wpcf7_posted_data_hash\" value=\"\" \/>\n<input type=\"hidden\" name=\"_wpcf7_recaptcha_response\" value=\"\" \/>\n<\/div>\n<h6>Bize Ula\u015f\u0131n\n<\/h6>\n<p><label>Ad\u0131n\u0131z ( <b style=\"color:red\">*<\/b>) <span class=\"wpcf7-form-control-wrap\" data-name=\"your-name\"><input size=\"40\" maxlength=\"400\" class=\"wpcf7-form-control wpcf7-text wpcf7-validates-as-required\" aria-required=\"true\" aria-invalid=\"false\" value=\"\" type=\"text\" name=\"your-name\" \/><\/span> <\/label><br \/>\n<label>Soyad\u0131n\u0131z( <b style=\"color:red\">*<\/b>) <span class=\"wpcf7-form-control-wrap\" data-name=\"your-surname\"><input size=\"40\" maxlength=\"400\" class=\"wpcf7-form-control wpcf7-text wpcf7-validates-as-required\" aria-required=\"true\" aria-invalid=\"false\" value=\"\" type=\"text\" name=\"your-surname\" \/><\/span> <\/label><br \/>\n<label>E-Posta ( <b style=\"color:red\">*<\/b>) <span class=\"wpcf7-form-control-wrap\" data-name=\"your-email\"><input size=\"40\" maxlength=\"400\" class=\"wpcf7-form-control wpcf7-email wpcf7-validates-as-required wpcf7-text wpcf7-validates-as-email\" aria-required=\"true\" aria-invalid=\"false\" value=\"\" type=\"email\" name=\"your-email\" \/><\/span> <\/label><br \/>\n<label>Firma \u0130smi ( <b style=\"color:red\">*<\/b>) <span class=\"wpcf7-form-control-wrap\" data-name=\"company\"><input size=\"40\" maxlength=\"400\" class=\"wpcf7-form-control wpcf7-text wpcf7-validates-as-required\" aria-required=\"true\" aria-invalid=\"false\" value=\"\" type=\"text\" name=\"company\" \/><\/span> <\/label><br \/>\n<label>Telefon ( <b style=\"color:red\">*<\/b>) <span class=\"wpcf7-form-control-wrap\" data-name=\"your-phone\"><input size=\"40\" maxlength=\"400\" class=\"wpcf7-form-control wpcf7-text wpcf7-validates-as-required\" aria-required=\"true\" aria-invalid=\"false\" value=\"\" type=\"text\" name=\"your-phone\" \/><\/span> <\/label><br \/>\n<label>Mesaj\u0131n\u0131z ( <b style=\"color:red\">*<\/b>) <span class=\"wpcf7-form-control-wrap\" data-name=\"your-message\"><textarea cols=\"40\" rows=\"10\" maxlength=\"2000\" class=\"wpcf7-form-control wpcf7-textarea\" aria-invalid=\"false\" name=\"your-message\"><\/textarea><\/span> <\/label>\n<\/p>\n<p><input class=\"wpcf7-form-control wpcf7-submit has-spinner\" type=\"submit\" value=\"G\u00f6nder\" \/>\n<\/p><div class=\"wpcf7-response-output\" aria-hidden=\"true\"><\/div>\n<\/form>\n<\/div>\n<div class=\"w-separator size_small\"><\/div><div class=\"wpb_text_column\"><div class=\"wpb_wrapper\"><p>Ki\u015fisel verileriniz \u201c<a href=\"https:\/\/laserisse.com\/wp-content\/uploads\/2022\/01\/Kis\u0327isel-Verilerin-I\u0307s\u0327lenmesi-Aydinlatma-Metni-1.docx\"><b>KVKK Ayd\u0131nlatma Metni<\/b><\/a>\u201dkapsam\u0131nda i\u015flenmektedir.<\/p>\n<\/div><\/div><\/div><\/div><\/div><div class=\"vc_col-sm-4 wpb_column vc_column_container\"><div class=\"vc_column-inner\"><div class=\"wpb_wrapper\"><div class=\"g-cols wpb_row us_custom_f39367a0 via_flex valign_middle type_default stacking_default\"><div class=\"vc_col-sm-12 wpb_column vc_column_container\"><div class=\"vc_column-inner\"><div class=\"wpb_wrapper\"><div class=\"w-separator size_custom\" style=\"height:2rem\"><\/div><div class=\"wpb_text_column us_custom_d46481fa has_text_color\"><div class=\"wpb_wrapper\"><h4 style=\"text-align: center;\"><strong>Laser ISSE<\/strong><\/h4>\n<\/div><\/div><div class=\"w-contacts us_custom_6df4bc3a has_text_color\"><div class=\"w-contacts-list\"><div class=\"w-contacts-item for_address\"><span class=\"w-contacts-item-value\">Trakya Free Zone, Ali R\u0131za Efendi Cad. No:26, 34540 \u00c7atalca \/ \u0130stanbul,T\u00fcrkiye<\/span><\/div><div class=\"w-contacts-item for_phone\"><span class=\"w-contacts-item-value\">+90 (212) 671 15 64<\/span><\/div><div class=\"w-contacts-item for_email\"><span class=\"w-contacts-item-value\"><a href=\"mailto:info@laserisse.com\">info@laserisse.com<\/a><\/span><\/div><\/div><\/div><div class=\"w-separator size_custom with_line width_default thick_1 style_solid color_border align_center\" style=\"height:5rem\"><div class=\"w-separator-h\"><\/div><\/div><div class=\"wpb_text_column us_custom_d46481fa has_text_color\"><div class=\"wpb_wrapper\"><h4 style=\"text-align: center;\"><strong>Laser ISSE Europe GmbH<\/strong><\/h4>\n<\/div><\/div><div class=\"w-contacts us_custom_6df4bc3a has_text_color\"><div class=\"w-contacts-list\"><div class=\"w-contacts-item for_address\"><span class=\"w-contacts-item-value\">Heerstra\u00dfe 280-C, 47053 Duisburg, Germany<\/span><\/div><div class=\"w-contacts-item for_phone\"><span class=\"w-contacts-item-value\">+49 203 31759-132<\/span><\/div><div class=\"w-contacts-item for_email\"><span class=\"w-contacts-item-value\"><a href=\"mailto:info@laserisse.com\">info@laserisse.com<\/a><\/span><\/div><\/div><\/div><div class=\"w-separator size_custom with_line width_default thick_1 style_solid color_border align_center\" style=\"height:5rem\"><div class=\"w-separator-h\"><\/div><\/div><div class=\"wpb_text_column us_custom_d46481fa has_text_color\"><div class=\"wpb_wrapper\"><h4 style=\"text-align: center;\"><strong>Laser ISSE USA, Inc.<\/strong><\/h4>\n<\/div><\/div><div class=\"w-contacts us_custom_6df4bc3a has_text_color\"><div class=\"w-contacts-list\"><div class=\"w-contacts-item for_address\"><span class=\"w-contacts-item-value\">8801 Washington Blvd., Ste 101 Roseville, CA 95678<\/span><\/div><div class=\"w-contacts-item for_phone\"><span class=\"w-contacts-item-value\">+1 916 530 2288<\/span><\/div><div class=\"w-contacts-item for_email\"><span class=\"w-contacts-item-value\"><a href=\"mailto:info@laserisse.com\">info@laserisse.com<\/a><\/span><\/div><\/div><\/div><div class=\"w-separator size_custom\" style=\"height:2.5rem\"><\/div><\/div><\/div><\/div><\/div><\/div><\/div><\/div><\/div><\/div><\/section><section class=\"l-section wpb_row height_auto width_full color_alternate\"><div class=\"l-section-h i-cf\"><div class=\"g-cols vc_row via_flex valign_top type_default stacking_default\"><div class=\"vc_col-sm-12 wpb_column vc_column_container\"><div class=\"vc_column-inner\"><div class=\"wpb_wrapper\"><div class=\"wpb_text_column\"><div class=\"wpb_wrapper\"><p><iframe loading=\"lazy\" style=\"border: 0;\" tabindex=\"0\" src=\"https:\/\/www.google.com\/maps\/embed?pb=!1m14!1m8!1m3!1d751.3021499086046!2d28.488936!3d41.129972!3m2!1i1024!2i768!4f13.1!3m3!1m2!1s0x0%3A0x9b67ba704598e68f!2sLASERISSE%20Lazer%20Teknolojileri!5e0!3m2!1str!2str!4v1592315620503!5m2!1str!2str\" width=\"100%\" height=\"350\" frameborder=\"0\" allowfullscreen=\"allowfullscreen\" aria-hidden=\"false\"><\/iframe><\/p>\n<\/div><\/div><\/div><\/div><\/div><\/div><\/div><\/section>\n","protected":false},"excerpt":{"rendered":"\u0130leti\u015fime Ge\u00e7in Bize Ula\u015f\u0131n Ad\u0131n\u0131z ( *) Soyad\u0131n\u0131z( *) E-Posta ( *) Firma \u0130smi ( *) Telefon ( *) Mesaj\u0131n\u0131z ( *) Ki\u015fisel verileriniz \u201cKVKK Ayd\u0131nlatma Metni\u201dkapsam\u0131nda i\u015flenmektedir. Laser ISSE Trakya Free Zone, Ali R\u0131za Efendi Cad. No:26, 34540 \u00c7atalca \/ \u0130stanbul,T\u00fcrkiye+90 (212) 671 15 64info@laserisse.com Laser ISSE Europe GmbH Heerstra\u00dfe 280-C, 47053 Duisburg, Germany+49...","protected":false},"author":743,"featured_media":0,"parent":0,"menu_order":56,"comment_status":"closed","ping_status":"closed","template":"","meta":{"inline_featured_image":false,"footnotes":""},"class_list":["post-9857","page","type-page","status-publish","hentry"],"_links":{"self":[{"href":"https:\/\/laserisse.com\/tr\/wp-json\/wp\/v2\/pages\/9857","targetHints":{"allow":["GET"]}}],"collection":[{"href":"https:\/\/laserisse.com\/tr\/wp-json\/wp\/v2\/pages"}],"about":[{"href":"https:\/\/laserisse.com\/tr\/wp-json\/wp\/v2\/types\/page"}],"author":[{"embeddable":true,"href":"https:\/\/laserisse.com\/tr\/wp-json\/wp\/v2\/users\/743"}],"replies":[{"embeddable":true,"href":"https:\/\/laserisse.com\/tr\/wp-json\/wp\/v2\/comments?post=9857"}],"version-history":[{"count":3,"href":"https:\/\/laserisse.com\/tr\/wp-json\/wp\/v2\/pages\/9857\/revisions"}],"predecessor-version":[{"id":28852,"href":"https:\/\/laserisse.com\/tr\/wp-json\/wp\/v2\/pages\/9857\/revisions\/28852"}],"wp:attachment":[{"href":"https:\/\/laserisse.com\/tr\/wp-json\/wp\/v2\/media?parent=9857"}],"curies":[{"name":"wp","href":"https:\/\/api.w.org\/{rel}","templated":true}]}}