{"id":9851,"date":"2015-10-26T12:35:37","date_gmt":"2015-10-26T09:35:37","guid":{"rendered":"https:\/\/laserisse.com\/corporate\/news\/"},"modified":"2021-05-18T14:01:05","modified_gmt":"2021-05-18T11:01:05","slug":"haberler","status":"publish","type":"page","link":"https:\/\/laserisse.com\/tr\/haberler\/","title":{"rendered":"Laser Isse Blog"},"content":{"rendered":"<section class=\"l-section wpb_row height_huge width_full color_alternate with_img parallax_ver\"><div class=\"l-section-img\" role=\"img\" data-img-width=\"1920\" data-img-height=\"955\" style=\"background-image: url(https:\/\/laserisse.com\/wp-content\/uploads\/2020\/04\/laserisse-blog-header.jpg);background-position: bottom center;background-repeat: no-repeat;\"><\/div><div class=\"l-section-overlay\" style=\"background:rgba(34,35,41,0.65)\"><\/div><div class=\"l-section-h i-cf\"><div class=\"g-cols vc_row via_flex valign_middle type_default stacking_default\"><div class=\"vc_col-sm-12 wpb_column vc_column_container\"><div class=\"vc_column-inner\"><div class=\"wpb_wrapper\"><div class=\"w-separator size_medium\"><\/div><div class=\"wpb_text_column\"><div class=\"wpb_wrapper\"><h2 style=\"text-align: center; color: white;\">Laser ISSE Blog<\/h2>\n<\/div><\/div><\/div><\/div><\/div><\/div><\/div><\/section><section class=\"l-section wpb_row height_custom\"><div class=\"l-section-h i-cf\"><div class=\"g-cols vc_row via_flex valign_top type_default stacking_default\"><div class=\"vc_col-sm-12 wpb_column vc_column_container\"><div class=\"vc_column-inner\"><div class=\"wpb_wrapper\"><div class=\"w-grid type_grid layout_blog_4 cols_3 with_filters\" id=\"us_grid_1\" style=\"--gap:1.5rem;\"><style>@media (max-width:1280px){#us_grid_1 .w-grid-item{width:50%}}@media (max-width:1024px){#us_grid_1 .w-grid-list{margin:0}#us_grid_1 .w-grid-item{width:100%;padding:0;margin-bottom:var(--gap,0px)}}@media (max-width:600px){#us_grid_1 .w-grid-list{margin:0}#us_grid_1 .w-grid-item{width:100%;padding:0;margin-bottom:var(--gap,0px)}}@media (min-width:1024px){#us_grid_1 .w-post-elm.post_title{font-size:1.5rem!important}}.layout_blog_4 .w-grid-item-h{}.layout_blog_4 .usg_post_image_1{margin-bottom:0.6rem!important}.layout_blog_4 .usg_post_title_1{font-size:1.2rem!important;margin-bottom:0.3rem!important}.layout_blog_4 .usg_post_date_1{color:var(--color-content-faded)!important;font-size:0.8rem!important;line-height:1.6!important}<\/style><div class=\"g-filters style_2 align_center\"><button class=\"g-filters-item active\" data-taxonomy=\"*\"><span>Hepsi<\/span><\/button><button class=\"g-filters-item\" data-taxonomy=\"basin\" data-amount=\"1\"><span>Bas\u0131n<\/span><span class=\"g-filters-item-amount\">1<\/span><\/button><button class=\"g-filters-item\" data-taxonomy=\"firma-duyurulari\" data-amount=\"3\"><span>Firma Duyurular\u0131<\/span><span class=\"g-filters-item-amount\">3<\/span><\/button><button class=\"g-filters-item\" data-taxonomy=\"genel\" data-amount=\"2\"><span>Genel<\/span><span class=\"g-filters-item-amount\">2<\/span><\/button><button class=\"g-filters-item\" data-taxonomy=\"katildigimiz-fuarlar\" data-amount=\"13\"><span>Kat\u0131ld\u0131\u011f\u0131m\u0131z Fuarlar<\/span><span class=\"g-filters-item-amount\">13<\/span><\/button><button class=\"g-filters-item\" data-taxonomy=\"lazer-kaynak\" data-amount=\"4\"><span>Lazer Kaynak<\/span><span class=\"g-filters-item-amount\">4<\/span><\/button><button class=\"g-filters-item\" data-taxonomy=\"lazer-kesim\" data-amount=\"3\"><span>Lazer Kesim<\/span><span class=\"g-filters-item-amount\">3<\/span><\/button><button class=\"g-filters-item\" data-taxonomy=\"lazer-lab\" data-amount=\"3\"><span>Lazer Lab<\/span><span class=\"g-filters-item-amount\">3<\/span><\/button><button class=\"g-filters-item\" data-taxonomy=\"lazer-markalama\" data-amount=\"1\"><span>Lazer Markalama<\/span><span class=\"g-filters-item-amount\">1<\/span><\/button><button class=\"g-filters-item\" data-taxonomy=\"lazer-temizleme\" data-amount=\"4\"><span>Lazer Temizleme<\/span><span class=\"g-filters-item-amount\">4<\/span><\/button><button class=\"g-filters-item\" data-taxonomy=\"vaka-calismalari\" data-amount=\"6\"><span>Vaka \u00c7al\u0131\u015fmalar\u0131<\/span><span class=\"g-filters-item-amount\">6<\/span><\/button><\/div><div class=\"w-grid-list\" data-filter_taxonomy_name=\"category\">\t<article class=\"w-grid-item size_1x1 post-28882 post type-post status-publish format-standard has-post-thumbnail hentry category-firma-duyurulari\" data-id=\"28882\">\r\n\t\t<div class=\"w-grid-item-h\">\r\n\t\t\t\t\t\t<div class=\"w-post-elm post_image usg_post_image_1 stretched\"><a href=\"https:\/\/laserisse.com\/tr\/firma-duyurulari\/open-house-at-laser-isse-europe-gmbh-2\/\" aria-label=\"Laser ISSE Europe GmbH&#8217;de Open House Etkinli\u011fi\"><img loading=\"lazy\" decoding=\"async\" width=\"1024\" height=\"1024\" src=\"https:\/\/laserisse.com\/wp-content\/uploads\/2025\/11\/Open-House-Laser-ISSE-Europe-GmbH-k-1024x1024.jpg\" class=\"attachment-large size-large wp-post-image\" alt=\"\" srcset=\"https:\/\/laserisse.com\/wp-content\/uploads\/2025\/11\/Open-House-Laser-ISSE-Europe-GmbH-k-1024x1024.jpg 1024w, https:\/\/laserisse.com\/wp-content\/uploads\/2025\/11\/Open-House-Laser-ISSE-Europe-GmbH-k-300x300.jpg 300w, https:\/\/laserisse.com\/wp-content\/uploads\/2025\/11\/Open-House-Laser-ISSE-Europe-GmbH-k-150x150.jpg 150w, https:\/\/laserisse.com\/wp-content\/uploads\/2025\/11\/Open-House-Laser-ISSE-Europe-GmbH-k-1280x1280.jpg 1280w, https:\/\/laserisse.com\/wp-content\/uploads\/2025\/11\/Open-House-Laser-ISSE-Europe-GmbH-k-400x400.jpg 400w, https:\/\/laserisse.com\/wp-content\/uploads\/2025\/11\/Open-House-Laser-ISSE-Europe-GmbH-k.jpg 1500w\" sizes=\"auto, (max-width: 1024px) 100vw, 1024px\" title=\"Laser Isse\"><\/a><\/div><h2 class=\"w-post-elm post_title usg_post_title_1 entry-title color_link_inherit\"><a href=\"https:\/\/laserisse.com\/tr\/firma-duyurulari\/open-house-at-laser-isse-europe-gmbh-2\/\">Laser ISSE Europe GmbH&#8217;de Open House Etkinli\u011fi<\/a><\/h2><time class=\"w-post-elm post_date usg_post_date_1 has_text_color entry-date published\" datetime=\"2025-11-19T12:03:37+03:00\" title=\"19 Kas\u0131m 2025, 12:03:37 +03:00\">5 ay \u00f6nce<\/time>\t\t<\/div>\r\n\t\t\t<\/article>\r\n\t<article class=\"w-grid-item size_1x1 post-27597 post type-post status-publish format-standard has-post-thumbnail hentry category-katildigimiz-fuarlar\" data-id=\"27597\">\r\n\t\t<div class=\"w-grid-item-h\">\r\n\t\t\t\t\t\t<div class=\"w-post-elm post_image usg_post_image_1 stretched\"><a href=\"https:\/\/laserisse.com\/tr\/katildigimiz-fuarlar\/euroblech-2024\/\" aria-label=\"Lazer ISSE EuroBlech 2024&#8217;e Kat\u0131l\u0131yor\"><img loading=\"lazy\" decoding=\"async\" width=\"1024\" height=\"1024\" src=\"https:\/\/laserisse.com\/wp-content\/uploads\/2024\/10\/Image-Invitation-Web-1024x1024.jpg\" class=\"attachment-large size-large wp-post-image\" alt=\"\" srcset=\"https:\/\/laserisse.com\/wp-content\/uploads\/2024\/10\/Image-Invitation-Web-1024x1024.jpg 1024w, https:\/\/laserisse.com\/wp-content\/uploads\/2024\/10\/Image-Invitation-Web-300x300.jpg 300w, https:\/\/laserisse.com\/wp-content\/uploads\/2024\/10\/Image-Invitation-Web-150x150.jpg 150w, https:\/\/laserisse.com\/wp-content\/uploads\/2024\/10\/Image-Invitation-Web.jpg 1250w\" sizes=\"auto, (max-width: 1024px) 100vw, 1024px\" title=\"Laser Isse\"><\/a><\/div><h2 class=\"w-post-elm post_title usg_post_title_1 entry-title color_link_inherit\"><a href=\"https:\/\/laserisse.com\/tr\/katildigimiz-fuarlar\/euroblech-2024\/\">Lazer ISSE EuroBlech 2024&#8217;e Kat\u0131l\u0131yor<\/a><\/h2><time class=\"w-post-elm post_date usg_post_date_1 has_text_color entry-date published\" datetime=\"2024-10-01T14:00:47+03:00\" title=\"1 Ekim 2024, 14:00:47 +03:00\">2 y\u0131l \u00f6nce<\/time>\t\t<\/div>\r\n\t\t\t<\/article>\r\n\t<article class=\"w-grid-item size_1x1 post-17955 post type-post status-publish format-standard has-post-thumbnail hentry category-katildigimiz-fuarlar\" data-id=\"17955\">\r\n\t\t<div class=\"w-grid-item-h\">\r\n\t\t\t\t\t\t<div class=\"w-post-elm post_image usg_post_image_1 stretched\"><a href=\"https:\/\/laserisse.com\/tr\/katildigimiz-fuarlar\/laser-isse-blechexpo-2023de\/\" aria-label=\"LASER ISSE Blechexpo 2023\u2019de!\"><img loading=\"lazy\" decoding=\"async\" width=\"1024\" height=\"1024\" src=\"https:\/\/laserisse.com\/wp-content\/uploads\/2023\/10\/Laser-ISSE-Blechexpo-2023-Participating_blog-1024x1024.jpg\" class=\"attachment-large size-large wp-post-image\" alt=\"\" srcset=\"https:\/\/laserisse.com\/wp-content\/uploads\/2023\/10\/Laser-ISSE-Blechexpo-2023-Participating_blog-1024x1024.jpg 1024w, https:\/\/laserisse.com\/wp-content\/uploads\/2023\/10\/Laser-ISSE-Blechexpo-2023-Participating_blog-300x300.jpg 300w, https:\/\/laserisse.com\/wp-content\/uploads\/2023\/10\/Laser-ISSE-Blechexpo-2023-Participating_blog-150x150.jpg 150w, https:\/\/laserisse.com\/wp-content\/uploads\/2023\/10\/Laser-ISSE-Blechexpo-2023-Participating_blog.jpg 1080w\" sizes=\"auto, (max-width: 1024px) 100vw, 1024px\" title=\"Laser Isse\"><\/a><\/div><h2 class=\"w-post-elm post_title usg_post_title_1 entry-title color_link_inherit\"><a href=\"https:\/\/laserisse.com\/tr\/katildigimiz-fuarlar\/laser-isse-blechexpo-2023de\/\">LASER ISSE Blechexpo 2023\u2019de!<\/a><\/h2><time class=\"w-post-elm post_date usg_post_date_1 has_text_color entry-date published\" datetime=\"2023-10-10T10:19:07+03:00\" title=\"10 Ekim 2023, 10:19:07 +03:00\">3 y\u0131l \u00f6nce<\/time>\t\t<\/div>\r\n\t\t\t<\/article>\r\n\t<article class=\"w-grid-item size_1x1 post-15935 post type-post status-publish format-standard has-post-thumbnail hentry category-vaka-calismalari category-lazer-kesim\" data-id=\"15935\">\r\n\t\t<div class=\"w-grid-item-h\">\r\n\t\t\t\t\t\t<div class=\"w-post-elm post_image usg_post_image_1 stretched\"><a href=\"https:\/\/laserisse.com\/tr\/vaka-calismalari\/coil-fed-ile-metal-kesiminizde-devrim-yaratin-hassasiyet-ve-verimlilik-icin-nihai-cozum\/\" aria-label=\"Coil Fed ile Metal Kesiminizde Devrim Yarat\u0131n\"><img loading=\"lazy\" decoding=\"async\" width=\"1024\" height=\"1024\" src=\"https:\/\/laserisse.com\/wp-content\/uploads\/2023\/04\/LaserIsse-coilfed-blog-cover-tr-1024x1024.jpg\" class=\"attachment-large size-large wp-post-image\" alt=\"\" srcset=\"https:\/\/laserisse.com\/wp-content\/uploads\/2023\/04\/LaserIsse-coilfed-blog-cover-tr-1024x1024.jpg 1024w, https:\/\/laserisse.com\/wp-content\/uploads\/2023\/04\/LaserIsse-coilfed-blog-cover-tr-300x300.jpg 300w, https:\/\/laserisse.com\/wp-content\/uploads\/2023\/04\/LaserIsse-coilfed-blog-cover-tr-150x150.jpg 150w, https:\/\/laserisse.com\/wp-content\/uploads\/2023\/04\/LaserIsse-coilfed-blog-cover-tr-1536x1536.jpg 1536w\" sizes=\"auto, (max-width: 1024px) 100vw, 1024px\" title=\"Laser Isse\"><\/a><\/div><h2 class=\"w-post-elm post_title usg_post_title_1 entry-title color_link_inherit\"><a href=\"https:\/\/laserisse.com\/tr\/vaka-calismalari\/coil-fed-ile-metal-kesiminizde-devrim-yaratin-hassasiyet-ve-verimlilik-icin-nihai-cozum\/\">Coil Fed ile Metal Kesiminizde Devrim Yarat\u0131n<\/a><\/h2><time class=\"w-post-elm post_date usg_post_date_1 has_text_color entry-date published\" datetime=\"2023-04-28T17:39:43+03:00\" title=\"28 Nisan 2023, 17:39:43 +03:00\">3 y\u0131l \u00f6nce<\/time>\t\t<\/div>\r\n\t\t\t<\/article>\r\n\t<article class=\"w-grid-item size_1x1 post-15179 post type-post status-publish format-standard has-post-thumbnail hentry category-katildigimiz-fuarlar\" data-id=\"15179\">\r\n\t\t<div class=\"w-grid-item-h\">\r\n\t\t\t\t\t\t<div class=\"w-post-elm post_image usg_post_image_1 stretched\"><a href=\"https:\/\/laserisse.com\/tr\/katildigimiz-fuarlar\/global-industrie-2023e-katiliyoruz\/\" aria-label=\"Global Industrie 2023&#8217;e Kat\u0131l\u0131yoruz\"><img loading=\"lazy\" decoding=\"async\" width=\"1024\" height=\"1024\" src=\"https:\/\/laserisse.com\/wp-content\/uploads\/2023\/02\/Laser-ISSE-Global-Industrie-Participating_blog-cover-1024x1024.png\" class=\"attachment-large size-large wp-post-image\" alt=\"\" srcset=\"https:\/\/laserisse.com\/wp-content\/uploads\/2023\/02\/Laser-ISSE-Global-Industrie-Participating_blog-cover-1024x1024.png 1024w, https:\/\/laserisse.com\/wp-content\/uploads\/2023\/02\/Laser-ISSE-Global-Industrie-Participating_blog-cover-300x300.png 300w, https:\/\/laserisse.com\/wp-content\/uploads\/2023\/02\/Laser-ISSE-Global-Industrie-Participating_blog-cover-150x150.png 150w, https:\/\/laserisse.com\/wp-content\/uploads\/2023\/02\/Laser-ISSE-Global-Industrie-Participating_blog-cover.png 1080w\" sizes=\"auto, (max-width: 1024px) 100vw, 1024px\" title=\"Laser Isse\"><\/a><\/div><h2 class=\"w-post-elm post_title usg_post_title_1 entry-title color_link_inherit\"><a href=\"https:\/\/laserisse.com\/tr\/katildigimiz-fuarlar\/global-industrie-2023e-katiliyoruz\/\">Global Industrie 2023&#8217;e Kat\u0131l\u0131yoruz<\/a><\/h2><time class=\"w-post-elm post_date usg_post_date_1 has_text_color entry-date published\" datetime=\"2023-02-24T10:09:09+03:00\" title=\"24 \u015eubat 2023, 10:09:09 +03:00\">3 y\u0131l \u00f6nce<\/time>\t\t<\/div>\r\n\t\t\t<\/article>\r\n\t<article class=\"w-grid-item size_1x1 post-14332 post type-post status-publish format-standard has-post-thumbnail hentry category-katildigimiz-fuarlar\" data-id=\"14332\">\r\n\t\t<div class=\"w-grid-item-h\">\r\n\t\t\t\t\t\t<div class=\"w-post-elm post_image usg_post_image_1 stretched\"><a href=\"https:\/\/laserisse.com\/tr\/katildigimiz-fuarlar\/bursa-otomotiv-bulusmalari\/\" aria-label=\"Bursa Otomotiv Bulu\u015fmalar\u0131\"><img loading=\"lazy\" decoding=\"async\" width=\"1024\" height=\"1024\" src=\"https:\/\/laserisse.com\/wp-content\/uploads\/2022\/11\/we-are-participating-bursa-automotive-meetings-header-1024x1024.jpg\" class=\"attachment-large size-large wp-post-image\" alt=\"\" srcset=\"https:\/\/laserisse.com\/wp-content\/uploads\/2022\/11\/we-are-participating-bursa-automotive-meetings-header-1024x1024.jpg 1024w, https:\/\/laserisse.com\/wp-content\/uploads\/2022\/11\/we-are-participating-bursa-automotive-meetings-header-300x300.jpg 300w, https:\/\/laserisse.com\/wp-content\/uploads\/2022\/11\/we-are-participating-bursa-automotive-meetings-header-150x150.jpg 150w, https:\/\/laserisse.com\/wp-content\/uploads\/2022\/11\/we-are-participating-bursa-automotive-meetings-header.jpg 1080w\" sizes=\"auto, (max-width: 1024px) 100vw, 1024px\" title=\"Laser Isse\"><\/a><\/div><h2 class=\"w-post-elm post_title usg_post_title_1 entry-title color_link_inherit\"><a href=\"https:\/\/laserisse.com\/tr\/katildigimiz-fuarlar\/bursa-otomotiv-bulusmalari\/\">Bursa Otomotiv Bulu\u015fmalar\u0131<\/a><\/h2><time class=\"w-post-elm post_date usg_post_date_1 has_text_color entry-date published\" datetime=\"2022-11-07T13:18:14+03:00\" title=\"7 Kas\u0131m 2022, 13:18:14 +03:00\">3 y\u0131l \u00f6nce<\/time>\t\t<\/div>\r\n\t\t\t<\/article>\r\n<\/div><div class=\"w-grid-preloader\">\t<div class=\"g-preloader type_1\">\r\n\t\t<div><\/div>\r\n\t<\/div>\r\n\t<\/div>\t\t\t<div class=\"g-loadmore \">\r\n\t\t\t\t<div class=\"g-preloader type_1\">\r\n\t\t\t\t\t<div><\/div>\r\n\t\t\t\t<\/div>\r\n\t\t\t\t<button class=\"w-btn us-btn-style_1\">\r\n\t\t\t\t\t<span class=\"w-btn-label\">Daha fazla<\/span>\r\n\t\t\t\t<\/button>\r\n\t\t\t<\/div>\r\n\t\t\t\t<div class=\"w-grid-json hidden\" onclick='return {&quot;action&quot;:&quot;us_ajax_grid&quot;,&quot;infinite_scroll&quot;:true,&quot;max_num_pages&quot;:5,&quot;pagination&quot;:&quot;ajax&quot;,&quot;template_vars&quot;:{&quot;columns&quot;:&quot;3&quot;,&quot;exclude_items&quot;:&quot;none&quot;,&quot;img_size&quot;:&quot;default&quot;,&quot;ignore_items_size&quot;:0,&quot;items_layout&quot;:&quot;blog_4&quot;,&quot;items_offset&quot;:&quot;1&quot;,&quot;load_animation&quot;:&quot;none&quot;,&quot;overriding_link&quot;:&quot;{\\&quot;url\\&quot;:\\&quot;\\&quot;}&quot;,&quot;post_id&quot;:0,&quot;query_args&quot;:{&quot;post_type&quot;:[&quot;post&quot;],&quot;post_status&quot;:[&quot;publish&quot;],&quot;posts_per_page&quot;:&quot;6&quot;},&quot;orderby_query_args&quot;:{&quot;orderby&quot;:{&quot;date&quot;:&quot;DESC&quot;}},&quot;type&quot;:&quot;grid&quot;,&quot;us_grid_post_type&quot;:&quot;post&quot;,&quot;us_grid_ajax_index&quot;:1,&quot;us_grid_filter_query_string&quot;:null,&quot;us_grid_index&quot;:1,&quot;page_args&quot;:[],&quot;lang&quot;:&quot;tr&quot;}}'><\/div>\r\n\t<\/div><\/div><\/div><\/div><\/div><\/div><\/section>\n","protected":false},"excerpt":{"rendered":"Laser ISSE olarak 8-10 Kas\u0131m tarihleri aras\u0131nda Bursa Merinos Atat\u00fcrk Kongre Ve K\u00fclt\u00fcr Merkezi\u2019nde ger\u00e7ekle\u015ftirilen Automotive Meetings etkinli\u011fine kat\u0131ld\u0131k. \u0130ki y\u0131lda bir d\u00fczenlenen Automotive Meetings bu y\u0131l bir\u00e7ok farkl\u0131 alanda tecr\u00fcbeye sahip 38 farkl\u0131 \u00fclkeden toplamda 300 sekt\u00f6r temsilcisinin kat\u0131l\u0131m\u0131 ile ger\u00e7ekle\u015fti. Laser ISSE olarak OEM, Tier 1 ve Tier 2 firmalar\u0131na otomotiv sekt\u00f6r\u00fc i\u00e7in...","protected":false},"author":743,"featured_media":0,"parent":0,"menu_order":22,"comment_status":"closed","ping_status":"closed","template":"","meta":{"inline_featured_image":false,"footnotes":""},"class_list":["post-9851","page","type-page","status-publish","hentry"],"_links":{"self":[{"href":"https:\/\/laserisse.com\/tr\/wp-json\/wp\/v2\/pages\/9851","targetHints":{"allow":["GET"]}}],"collection":[{"href":"https:\/\/laserisse.com\/tr\/wp-json\/wp\/v2\/pages"}],"about":[{"href":"https:\/\/laserisse.com\/tr\/wp-json\/wp\/v2\/types\/page"}],"author":[{"embeddable":true,"href":"https:\/\/laserisse.com\/tr\/wp-json\/wp\/v2\/users\/743"}],"replies":[{"embeddable":true,"href":"https:\/\/laserisse.com\/tr\/wp-json\/wp\/v2\/comments?post=9851"}],"version-history":[{"count":0,"href":"https:\/\/laserisse.com\/tr\/wp-json\/wp\/v2\/pages\/9851\/revisions"}],"wp:attachment":[{"href":"https:\/\/laserisse.com\/tr\/wp-json\/wp\/v2\/media?parent=9851"}],"curies":[{"name":"wp","href":"https:\/\/api.w.org\/{rel}","templated":true}]}}