{"id":9818,"date":"2020-04-11T19:48:31","date_gmt":"2020-04-11T16:48:31","guid":{"rendered":"https:\/\/laserisse.com\/human-resources\/"},"modified":"2022-01-29T11:25:03","modified_gmt":"2022-01-29T08:25:03","slug":"insan-kaynaklari","status":"publish","type":"page","link":"https:\/\/laserisse.com\/tr\/insan-kaynaklari\/","title":{"rendered":"\u0130nsan Kaynaklar\u0131"},"content":{"rendered":"<section class=\"l-section wpb_row height_huge width_full color_alternate with_img parallax_ver\"><div class=\"l-section-img\" role=\"img\" data-img-width=\"1920\" data-img-height=\"955\" style=\"background-image: url(https:\/\/laserisse.com\/wp-content\/uploads\/2020\/04\/laserisse-human-resources-header.jpg);background-position: top center;background-repeat: no-repeat;\"><\/div><div class=\"l-section-overlay\" style=\"background:rgba(34,35,41,0.65)\"><\/div><div class=\"l-section-h i-cf\"><div class=\"g-cols vc_row via_flex valign_middle type_default stacking_default\"><div class=\"vc_col-sm-12 wpb_column vc_column_container\"><div class=\"vc_column-inner\"><div class=\"wpb_wrapper\"><div class=\"wpb_text_column\"><div class=\"wpb_wrapper\"><h2 style=\"text-align: center; color: white;\">\u0130nsan Kaynaklar\u0131<\/h2>\n<\/div><\/div><\/div><\/div><\/div><\/div><\/div><\/section><section class=\"l-section wpb_row height_auto\"><div class=\"l-section-h i-cf\"><div class=\"g-cols vc_row via_flex valign_top type_default stacking_default\"><div class=\"vc_col-sm-4 wpb_column vc_column_container\"><div class=\"vc_column-inner\"><div class=\"wpb_wrapper\"><div class=\"w-image us_custom_8a0380b4 aboutus-company-image align_center us_animate_fade\"><div class=\"w-image-h\"><img decoding=\"async\" width=\"600\" height=\"881\" src=\"https:\/\/laserisse.com\/wp-content\/uploads\/2020\/04\/laserisse-hr-policy-image.jpg\" class=\"attachment-full size-full\" alt=\"\" loading=\"lazy\" srcset=\"https:\/\/laserisse.com\/wp-content\/uploads\/2020\/04\/laserisse-hr-policy-image.jpg 600w, https:\/\/laserisse.com\/wp-content\/uploads\/2020\/04\/laserisse-hr-policy-image-204x300.jpg 204w, https:\/\/laserisse.com\/wp-content\/uploads\/2020\/04\/laserisse-hr-policy-image-58x85.jpg 58w, https:\/\/laserisse.com\/wp-content\/uploads\/2020\/04\/laserisse-hr-policy-image-409x600.jpg 409w, https:\/\/laserisse.com\/wp-content\/uploads\/2020\/04\/laserisse-hr-policy-image-272x400.jpg 272w\" sizes=\"auto, (max-width: 600px) 100vw, 600px\" title=\"Laser Isse\"><\/div><\/div><\/div><\/div><\/div><div class=\"vc_col-sm-8 wpb_column vc_column_container\"><div class=\"vc_column-inner\"><div class=\"wpb_wrapper\"><div class=\"w-separator size_large\"><\/div><div class=\"wpb_text_column\"><div class=\"wpb_wrapper\"><div class=\"title\">\n<h5>\u0130nsan Kaynaklar\u0131 Politikam\u0131z<\/h5>\n<\/div>\n<\/div><\/div><div class=\"w-separator size_small\"><\/div><div class=\"wpb_text_column\"><div class=\"wpb_wrapper\"><h5><strong>Laser ISSE Lazer Teknolojileri olarak, rekabet g\u00fcc\u00fcn\u00fc art\u0131rmak i\u00e7in kaliteli \u00fcr\u00fcn ve hizmet anlay\u0131\u015f\u0131 ile sekt\u00f6rdeki konumunu koruyarak \u201cS\u00fcrekli Yenilik\u00e7ilik\u201d vizyonu ile daima gelece\u011fi hedefliyoruz.<\/strong><\/h5>\n<h5><strong>\u0130nsan Kaynaklar\u0131 Y\u00f6netimi ile birlikte i\u015f stratejilerine odaklan\u0131p t\u00fcm insan kaynaklar\u0131 uygulamalar\u0131n\u0131 entegre bir \u015fekilde y\u00f6netmeyi hedefliyoruz.<\/strong><\/h5>\n<p>Bu ama\u00e7la \u0130nsan Kaynaklar\u0131 s\u00fcre\u00e7lerimizi i\u015f \u00f6nceliklerimizin ve hedeflerimizin merkezinde tutarak;<\/p>\n<ul>\n<li>\u0130\u015f Sa\u011fl\u0131\u011f\u0131 ve G\u00fcvenli\u011fi ilke ve sorumluluklar\u0131 dahilinde i\u015f s\u00fcre\u00e7lerini belirlemek,<\/li>\n<li>S\u00fcrekli iyile\u015ftirme i\u00e7in \u00e7al\u0131\u015fanlar\u0131na nitelikli ve \u00f6l\u00e7\u00fclebilir e\u011fitim ve geli\u015fim f\u0131rsatlar\u0131 sunmak,<\/li>\n<li>\u00c7al\u0131\u015fanlar\u0131n yeteneklerine odaklanmak. Potansiyellerini fark etmelerini ve geli\u015ftirmelerini sa\u011flamak i\u00e7in \u00e7e\u015fitli e\u011fitim ve geli\u015fim ortamlar\u0131 yaratmak,<\/li>\n<li>\u00c7e\u015fitlili\u011fi \u00e7ok k\u00fclt\u00fcrl\u00fcl\u00fckle harmanlanm\u0131\u015f bir \u00e7al\u0131\u015fan profili f\u0131rsat\u0131 olarak g\u00f6rmek,<\/li>\n<li>Ekip \u00e7al\u0131\u015fmas\u0131n\u0131 desteklemek ve ekip bilincine sahip olmak<\/li>\n<li>S\u00fcrekli \u00f6\u011frenme anlay\u0131\u015f\u0131 ile yeni geli\u015fmeleri \u015firket k\u00fclt\u00fcr\u00fcne entegre etmek,<\/li>\n<li>T\u00fcm \u00e7al\u0131\u015fanlar\u0131m\u0131z\u0131n i\u015f \/ \u00f6zel ya\u015fam dengesine sayg\u0131 duymak,<\/li>\n<li>Bireysel, sosyal ve \u00e7evresel sorunlar konusunda bilin\u00e7li bireylerle toplumun refah\u0131na hizmet etmeyi ama\u00e7lamak.<\/li>\n<\/ul>\n<p>Bu ama\u00e7la uygulamalar\u0131m\u0131z\u0131 s\u00fcrekli iyile\u015ftirmeyi hedefliyoruz.<\/p>\n<\/div><\/div><div class=\"w-separator size_small\"><\/div><\/div><\/div><\/div><\/div><\/div><\/section><section class=\"l-section wpb_row height_custom\"><div class=\"l-section-h i-cf\"><div class=\"g-cols vc_row via_flex valign_top type_default stacking_default\"><div class=\"vc_col-sm-3 wpb_column vc_column_container\"><div class=\"vc_column-inner\"><div class=\"wpb_wrapper\"><div class=\"wpb_text_column\"><div class=\"wpb_wrapper\"><h5>A\u00e7\u0131k Pozisyonlar<\/h5>\n<\/div><\/div><div class=\"wpb_text_column\"><div class=\"wpb_wrapper\"><p>&#8230;.<\/p>\n<\/div><\/div><\/div><\/div><\/div><div class=\"vc_col-sm-9 wpb_column vc_column_container\"><div class=\"vc_column-inner\"><div class=\"wpb_wrapper\"><div class=\"wpb_text_column\"><div class=\"wpb_wrapper\"><h5 style=\"margin-top: 0cm; background: white;\"><b>Genel Ba\u015fvuru<\/b><\/h5>\n<\/div><\/div>\n<div class=\"wpcf7 no-js\" id=\"wpcf7-f10062-o1\" lang=\"tr-TR\" dir=\"ltr\">\n<div class=\"screen-reader-response\"><p role=\"status\" aria-live=\"polite\" aria-atomic=\"true\"><\/p> <ul><\/ul><\/div>\n<form action=\"\/tr\/wp-json\/wp\/v2\/pages\/9818#wpcf7-f10062-o1\" method=\"post\" class=\"wpcf7-form init\" aria-label=\"\u0130leti\u015fim Formu\" novalidate=\"novalidate\" data-status=\"init\">\n<div style=\"display: none;\">\n<input type=\"hidden\" name=\"_wpcf7\" value=\"10062\" \/>\n<input type=\"hidden\" name=\"_wpcf7_version\" value=\"5.9.8\" \/>\n<input type=\"hidden\" name=\"_wpcf7_locale\" value=\"tr_TR\" \/>\n<input type=\"hidden\" name=\"_wpcf7_unit_tag\" value=\"wpcf7-f10062-o1\" \/>\n<input type=\"hidden\" name=\"_wpcf7_container_post\" value=\"0\" \/>\n<input type=\"hidden\" name=\"_wpcf7_posted_data_hash\" value=\"\" \/>\n<input type=\"hidden\" name=\"_wpcf7_recaptcha_response\" value=\"\" \/>\n<\/div>\n<h6>\u0130nsan Kaynaklar\u0131 Formu\n<\/h6>\n<p><label>Pozisyon (gerekli)<\/label><span class=\"wpcf7-form-control-wrap\" data-name=\"position\"><input size=\"40\" maxlength=\"400\" class=\"wpcf7-form-control wpcf7-text wpcf7-validates-as-required\" aria-required=\"true\" aria-invalid=\"false\" value=\"\" type=\"text\" name=\"position\" \/><\/span><label>Daha \u00f6nce Laser ISSE'ye i\u015f ba\u015fvurusunda bulundunuz mu?<\/label><span class=\"wpcf7-form-control-wrap\" data-name=\"apply\"><input size=\"40\" maxlength=\"400\" class=\"wpcf7-form-control wpcf7-text wpcf7-validates-as-required\" aria-required=\"true\" aria-invalid=\"false\" value=\"\" type=\"text\" name=\"apply\" \/><\/span><label>Maa\u015f Beklentiniz<\/label><span class=\"wpcf7-form-control-wrap\" data-name=\"salary-expectation\"><input size=\"40\" maxlength=\"400\" class=\"wpcf7-form-control wpcf7-text wpcf7-validates-as-required\" aria-required=\"true\" aria-invalid=\"false\" value=\"\" type=\"text\" name=\"salary-expectation\" \/><\/span>\n<\/p>\n<h6>Ki\u015fisel Bilgileriniz\n<\/h6>\n<p><label>\u0130sim (gerekli)<\/label><span class=\"wpcf7-form-control-wrap\" data-name=\"your-name\"><input size=\"40\" maxlength=\"400\" class=\"wpcf7-form-control wpcf7-text wpcf7-validates-as-required\" aria-required=\"true\" aria-invalid=\"false\" value=\"\" type=\"text\" name=\"your-name\" \/><\/span><label>Soyisim (gerekli)<\/label><span class=\"wpcf7-form-control-wrap\" data-name=\"your-surname\"><input size=\"40\" maxlength=\"400\" class=\"wpcf7-form-control wpcf7-text wpcf7-validates-as-required\" aria-required=\"true\" aria-invalid=\"false\" value=\"\" type=\"text\" name=\"your-surname\" \/><\/span><label>Adres<\/label><span class=\"wpcf7-form-control-wrap\" data-name=\"your-address\"><textarea cols=\"40\" rows=\"10\" maxlength=\"2000\" class=\"wpcf7-form-control wpcf7-textarea\" aria-invalid=\"false\" name=\"your-address\"><\/textarea><\/span><label>Ev Telefonu<\/label><span class=\"wpcf7-form-control-wrap\" data-name=\"home-phone\"><input size=\"40\" maxlength=\"400\" class=\"wpcf7-form-control wpcf7-text wpcf7-validates-as-required\" aria-required=\"true\" aria-invalid=\"false\" value=\"\" type=\"text\" name=\"home-phone\" \/><\/span><label>Cep Telefonu<\/label><span class=\"wpcf7-form-control-wrap\" data-name=\"mobile-phone\"><input size=\"40\" maxlength=\"400\" class=\"wpcf7-form-control wpcf7-text wpcf7-validates-as-required\" aria-required=\"true\" aria-invalid=\"false\" value=\"\" type=\"text\" name=\"mobile-phone\" \/><\/span><label>E-posta (gerekli)<\/label><span class=\"wpcf7-form-control-wrap\" data-name=\"your-email\"><input size=\"40\" maxlength=\"400\" class=\"wpcf7-form-control wpcf7-email wpcf7-validates-as-required wpcf7-text wpcf7-validates-as-email\" aria-required=\"true\" aria-invalid=\"false\" value=\"\" type=\"email\" name=\"your-email\" \/><\/span><label>Cinsiyet<\/label><input type=\"radio\" name=\"gender\" value=\"kad\u0131n\" \/> Kad\u0131n <input type=\"radio\" name=\"gender\" value=\"erkek\" \/> Erkek<label>Medeni Durumu<\/label><input type=\"radio\" name=\"mstatus\" value=\"bekar\" \/> Bekar <input type=\"radio\" name=\"mstatus\" value=\"evli\" \/> Evli<label>Uyruk<\/label><input type=\"radio\" name=\"nationality\" value=\"single\" \/> T.C. <input type=\"radio\" name=\"nationality\" value=\"married\" \/> Yabanc\u0131 Uyruklu\n<\/p>\n<h6>E\u011fitim Bilgisi\n<\/h6>\n<p><label>Y\u00fcksek Lisans<\/label><span class=\"wpcf7-form-control-wrap\" data-name=\"your-master\"><textarea cols=\"40\" rows=\"10\" maxlength=\"2000\" class=\"wpcf7-form-control wpcf7-textarea\" aria-invalid=\"false\" name=\"your-master\"><\/textarea><\/span><label>\u00dcniversite<\/label><span class=\"wpcf7-form-control-wrap\" data-name=\"your-university\"><textarea cols=\"40\" rows=\"10\" maxlength=\"2000\" class=\"wpcf7-form-control wpcf7-textarea\" aria-invalid=\"false\" name=\"your-university\"><\/textarea><\/span><label>Lise<\/label><span class=\"wpcf7-form-control-wrap\" data-name=\"your-highschool\"><textarea cols=\"40\" rows=\"10\" maxlength=\"2000\" class=\"wpcf7-form-control wpcf7-textarea\" aria-invalid=\"false\" name=\"your-highschool\"><\/textarea><\/span>\n<\/p>\n<h6>\u0130\u015f Deneyimi\n<\/h6>\n<p><label>Firma Bilgisi<\/label><span class=\"wpcf7-form-control-wrap\" data-name=\"company-information1\"><textarea cols=\"40\" rows=\"10\" maxlength=\"2000\" class=\"wpcf7-form-control wpcf7-textarea\" aria-invalid=\"false\" name=\"company-information1\"><\/textarea><\/span><label>Firma Bilgisi<\/label><span class=\"wpcf7-form-control-wrap\" data-name=\"company-information2\"><textarea cols=\"40\" rows=\"10\" maxlength=\"2000\" class=\"wpcf7-form-control wpcf7-textarea\" aria-invalid=\"false\" name=\"company-information2\"><\/textarea><\/span><label>Firma Bilgisi<\/label><span class=\"wpcf7-form-control-wrap\" data-name=\"company-information3\"><textarea cols=\"40\" rows=\"10\" maxlength=\"2000\" class=\"wpcf7-form-control wpcf7-textarea\" aria-invalid=\"false\" name=\"company-information3\"><\/textarea><\/span>\n<\/p>\n<h6>Yabanc\u0131 Dil\n<\/h6>\n<p><label>Dil ve yetenek<\/label><span class=\"wpcf7-form-control-wrap\" data-name=\"language-ability1\"><input size=\"40\" maxlength=\"400\" class=\"wpcf7-form-control wpcf7-text\" aria-invalid=\"false\" value=\"\" type=\"text\" name=\"language-ability1\" \/><\/span><label>Dil ve yetenek<\/label><span class=\"wpcf7-form-control-wrap\" data-name=\"language-ability2\"><input size=\"40\" maxlength=\"400\" class=\"wpcf7-form-control wpcf7-text\" aria-invalid=\"false\" value=\"\" type=\"text\" name=\"language-ability2\" \/><\/span><label>Dil ve yetenek<\/label><span class=\"wpcf7-form-control-wrap\" data-name=\"language-ability3\"><input size=\"40\" maxlength=\"400\" class=\"wpcf7-form-control wpcf7-text\" aria-invalid=\"false\" value=\"\" type=\"text\" name=\"language-ability3\" \/><\/span>\n<\/p>\n<h6>S\u00fcr\u00fc\u015f Bilgisi\n<\/h6>\n<p><span class=\"wpcf7-form-control-wrap\" data-name=\"driving-license\"><textarea cols=\"40\" rows=\"10\" maxlength=\"2000\" class=\"wpcf7-form-control wpcf7-textarea\" aria-invalid=\"false\" name=\"driving-license\"><\/textarea><\/span>\n<\/p>\n<h6>Referanslar\n<\/h6>\n<p><span class=\"wpcf7-form-control-wrap\" data-name=\"your-references\"><textarea cols=\"40\" rows=\"10\" maxlength=\"2000\" class=\"wpcf7-form-control wpcf7-textarea\" aria-invalid=\"false\" name=\"your-references\"><\/textarea><\/span><input class=\"wpcf7-form-control wpcf7-submit has-spinner\" type=\"submit\" value=\"G\u00f6nder\" \/>\n<\/p><div class=\"wpcf7-response-output\" aria-hidden=\"true\"><\/div>\n<\/form>\n<\/div>\n<div class=\"w-separator size_medium\"><\/div><div class=\"wpb_text_column\"><div class=\"wpb_wrapper\"><p class=\"228bf8a64b8551e1MsoNormal\">Ki\u015fisel verileriniz\u00a0<a href=\"https:\/\/laserisse.com\/wp-content\/uploads\/2022\/01\/Adaylara-I\u0307lis\u0327kin-Aydinlatma-Metni-1.docx\" target=\"_blank\" rel=\"noopener\" data-link-id=\"50\" data-schema-attribute=\"\">\u201c\u00c7al\u0131\u015fan Aday\u0131 Ayd\u0131nlatma Metni\u201d<\/a>\u00a0kapsam\u0131nda i\u015flenmekte olup, CV&#8217;nizin \u0130nsan Kaynaklar\u0131 Havuzunda saklanmas\u0131n\u0131 istiyorsan\u0131z l\u00fctfen a\u00e7\u0131k r\u0131za metnini onaylay\u0131n\u0131z.<\/p>\n<p class=\"228bf8a64b8551e1MsoNormal\"><a href=\"https:\/\/laserisse.com\/wp-content\/uploads\/2022\/01\/C\u0327alis\u0327an-Adayi-Ac\u0327ik-Riza-Beyan-Formu-1.docx\" target=\"_blank\" rel=\"noopener\" data-link-id=\"51\" data-schema-attribute=\"\">\u201cA\u00e7\u0131k R\u0131za Metni\u201d<\/a>\u00a0ni kabul ediyorum.<\/p>\n<\/div><\/div><\/div><\/div><\/div><\/div><\/div><\/section>\n","protected":false},"excerpt":{"rendered":"\u0130nsan Kaynaklar\u0131 \u0130nsan Kaynaklar\u0131 Politikam\u0131z Laser ISSE Lazer Teknolojileri olarak, rekabet g\u00fcc\u00fcn\u00fc art\u0131rmak i\u00e7in kaliteli \u00fcr\u00fcn ve hizmet anlay\u0131\u015f\u0131 ile sekt\u00f6rdeki konumunu koruyarak \u201cS\u00fcrekli Yenilik\u00e7ilik\u201d vizyonu ile daima gelece\u011fi hedefliyoruz. \u0130nsan Kaynaklar\u0131 Y\u00f6netimi ile birlikte i\u015f stratejilerine odaklan\u0131p t\u00fcm insan kaynaklar\u0131 uygulamalar\u0131n\u0131 entegre bir \u015fekilde y\u00f6netmeyi hedefliyoruz. Bu ama\u00e7la \u0130nsan Kaynaklar\u0131 s\u00fcre\u00e7lerimizi i\u015f \u00f6nceliklerimizin ve...","protected":false},"author":743,"featured_media":0,"parent":0,"menu_order":23,"comment_status":"closed","ping_status":"closed","template":"","meta":{"inline_featured_image":false,"footnotes":""},"class_list":["post-9818","page","type-page","status-publish","hentry"],"_links":{"self":[{"href":"https:\/\/laserisse.com\/tr\/wp-json\/wp\/v2\/pages\/9818","targetHints":{"allow":["GET"]}}],"collection":[{"href":"https:\/\/laserisse.com\/tr\/wp-json\/wp\/v2\/pages"}],"about":[{"href":"https:\/\/laserisse.com\/tr\/wp-json\/wp\/v2\/types\/page"}],"author":[{"embeddable":true,"href":"https:\/\/laserisse.com\/tr\/wp-json\/wp\/v2\/users\/743"}],"replies":[{"embeddable":true,"href":"https:\/\/laserisse.com\/tr\/wp-json\/wp\/v2\/comments?post=9818"}],"version-history":[{"count":0,"href":"https:\/\/laserisse.com\/tr\/wp-json\/wp\/v2\/pages\/9818\/revisions"}],"wp:attachment":[{"href":"https:\/\/laserisse.com\/tr\/wp-json\/wp\/v2\/media?parent=9818"}],"curies":[{"name":"wp","href":"https:\/\/api.w.org\/{rel}","templated":true}]}}