{"id":9510,"date":"2020-07-07T14:45:24","date_gmt":"2020-07-07T11:45:24","guid":{"rendered":"https:\/\/laserisse.com\/technical-support\/"},"modified":"2023-02-09T13:40:06","modified_gmt":"2023-02-09T10:40:06","slug":"teknik-destek","status":"publish","type":"page","link":"https:\/\/laserisse.com\/tr\/teknik-destek\/","title":{"rendered":"Teknik Destek"},"content":{"rendered":"<section class=\"l-section wpb_row height_custom color_primary with_img parallax_hor bgwidth_120\"><div class=\"l-section-img\" role=\"img\" data-img-width=\"1920\" data-img-height=\"350\" style=\"background-image: url(https:\/\/laserisse.com\/wp-content\/uploads\/2020\/07\/support.jpg);\"><\/div><div class=\"l-section-overlay\" style=\"background:rgba(2,2,2,0.67)\"><\/div><div class=\"l-section-h i-cf\"><div class=\"g-cols vc_row via_flex valign_top type_default stacking_default\"><div class=\"vc_col-sm-12 wpb_column vc_column_container\"><div class=\"vc_column-inner\"><div class=\"wpb_wrapper\"><div class=\"w-separator size_medium\"><\/div><div class=\"wpb_text_column\"><div class=\"wpb_wrapper\"><h1 style=\"text-align: center;\">Teknik Destek<\/h1>\n<\/div><\/div><div class=\"w-separator size_small\"><\/div><div class=\"w-iconbox iconpos_top style_default color_custom align_center no_text no_title\"><a href=\"#intro\" class=\"w-iconbox-link\" aria-label=\"far|chevron-down\"><div class=\"w-iconbox-icon\" style=\"font-size:3rem;--icon-color:#ffffff;\"><i class=\"far fa-chevron-down\"><\/i><\/div><\/a><div class=\"w-iconbox-meta\"><\/div><\/div><\/div><\/div><\/div><\/div><\/div><\/section><section class=\"l-section wpb_row height_custom\"><div class=\"l-section-h i-cf\"><div class=\"g-cols vc_row via_flex valign_top type_default stacking_default\"><div class=\"vc_col-sm-12 wpb_column vc_column_container\"><div class=\"vc_column-inner\"><div class=\"wpb_wrapper\"><div class=\"w-image align_center\"><a target=\" _blank\" rel=\"nofollow noopener\" href=\"https:\/\/get.teamviewer.com\/7gvsbce\" aria-label=\"teamviewer-Tr\" class=\"w-image-h\"><img decoding=\"async\" width=\"550\" height=\"200\" src=\"https:\/\/laserisse.com\/wp-content\/uploads\/2020\/11\/teamviewer-Tr.png\" class=\"attachment-full size-full\" alt=\"\" loading=\"lazy\" srcset=\"https:\/\/laserisse.com\/wp-content\/uploads\/2020\/11\/teamviewer-Tr.png 550w, https:\/\/laserisse.com\/wp-content\/uploads\/2020\/11\/teamviewer-Tr-300x109.png 300w\" sizes=\"auto, (max-width: 550px) 100vw, 550px\" title=\"Laser Isse\"><\/a><\/div><div class=\"wpb_text_column\"><div class=\"wpb_wrapper\"><h2 style=\"text-align: center;\">Bizimle \u0130leti\u015fime Ge\u00e7in<\/h2>\n<p>Lazer Sistemleri ile ilgili t\u00fcm sorular\u0131n\u0131zda size yard\u0131mc\u0131 olmaktan memnuniyet duyar\u0131z.<br \/>\nBizimle ileti\u015fime ge\u00e7mek i\u00e7in a\u015fa\u011f\u0131daki formu kullan\u0131n. M\u00fcmk\u00fcn olan en k\u0131sa s\u00fcrede size geri d\u00f6nece\u011fiz.<\/p>\n<p>Teknik Servis Email: <a href=\"mailto:destek@laserisse.com\">destek@laserisse.com<\/a><\/p>\n<\/div><\/div><\/div><\/div><\/div><\/div><\/div><\/section><section class=\"l-section wpb_row height_small\" id=\"intro\"><div class=\"l-section-h i-cf\"><div class=\"g-cols vc_row via_flex valign_top type_default stacking_default\"><div class=\"vc_col-sm-8 wpb_column vc_column_container\"><div class=\"vc_column-inner\"><div class=\"wpb_wrapper\">\n<div class=\"wpcf7 no-js\" id=\"wpcf7-f10066-o1\" lang=\"tr-TR\" dir=\"ltr\">\n<div class=\"screen-reader-response\"><p role=\"status\" aria-live=\"polite\" aria-atomic=\"true\"><\/p> <ul><\/ul><\/div>\n<form action=\"\/tr\/wp-json\/wp\/v2\/pages\/9510#wpcf7-f10066-o1\" method=\"post\" class=\"wpcf7-form init\" aria-label=\"\u0130leti\u015fim Formu\" novalidate=\"novalidate\" data-status=\"init\">\n<div style=\"display: none;\">\n<input type=\"hidden\" name=\"_wpcf7\" value=\"10066\" \/>\n<input type=\"hidden\" name=\"_wpcf7_version\" value=\"5.9.8\" \/>\n<input type=\"hidden\" name=\"_wpcf7_locale\" value=\"tr_TR\" \/>\n<input type=\"hidden\" name=\"_wpcf7_unit_tag\" value=\"wpcf7-f10066-o1\" \/>\n<input type=\"hidden\" name=\"_wpcf7_container_post\" value=\"0\" \/>\n<input type=\"hidden\" name=\"_wpcf7_posted_data_hash\" value=\"\" \/>\n<input type=\"hidden\" name=\"_wpcf7_recaptcha_response\" value=\"\" \/>\n<\/div>\n<h5>Genel Bilgi\n<\/h5>\n<p><label>L\u00fctfen Se\u00e7iniz(\n\t\t<font style=\"color:red\">*\n\t\t<\/font>)<\/label><span class=\"wpcf7-form-control-wrap\" data-name=\"menu-859\"><select class=\"wpcf7-form-control wpcf7-select wpcf7-validates-as-required\" aria-required=\"true\" aria-invalid=\"false\" name=\"menu-859\"><option value=\"Mekanik\">Mekanik<\/option><option value=\"Elektrik - Elektronik\">Elektrik - Elektronik<\/option><option value=\"Yaz\u0131l\u0131m\">Yaz\u0131l\u0131m<\/option><\/select><\/span><label>Firma \u0130smi (\n\t\t<font style=\"color:red\">*\n\t\t<\/font>) <span class=\"wpcf7-form-control-wrap\" data-name=\"company\"><input size=\"40\" maxlength=\"400\" class=\"wpcf7-form-control wpcf7-text wpcf7-validates-as-required\" aria-required=\"true\" aria-invalid=\"false\" value=\"\" type=\"text\" name=\"company\" \/><\/span><\/label><label>\u0130lgili Ki\u015fi (\n\t\t<font style=\"color:red\">*\n\t\t<\/font>) <span class=\"wpcf7-form-control-wrap\" data-name=\"your-name\"><input size=\"40\" maxlength=\"400\" class=\"wpcf7-form-control wpcf7-text wpcf7-validates-as-required\" aria-required=\"true\" aria-invalid=\"false\" value=\"\" type=\"text\" name=\"your-name\" \/><\/span><\/label><label>Adres (\n\t\t<font style=\"color:red\">*\n\t\t<\/font>) <span class=\"wpcf7-form-control-wrap\" data-name=\"your-address\"><input size=\"40\" maxlength=\"400\" class=\"wpcf7-form-control wpcf7-text wpcf7-validates-as-required\" aria-required=\"true\" aria-invalid=\"false\" value=\"\" type=\"text\" name=\"your-address\" \/><\/span><\/label><label>\u015eehir(\n\t\t<font style=\"color:red\">*\n\t\t<\/font>) <span class=\"wpcf7-form-control-wrap\" data-name=\"your-city\"><input size=\"40\" maxlength=\"400\" class=\"wpcf7-form-control wpcf7-text wpcf7-validates-as-required\" aria-required=\"true\" aria-invalid=\"false\" value=\"\" type=\"text\" name=\"your-city\" \/><\/span><\/label><label>Telefon (\n\t\t<font style=\"color:red\">*\n\t\t<\/font>) <span class=\"wpcf7-form-control-wrap\" data-name=\"your-phone\"><input size=\"40\" maxlength=\"400\" class=\"wpcf7-form-control wpcf7-text wpcf7-validates-as-required\" aria-required=\"true\" aria-invalid=\"false\" value=\"\" type=\"text\" name=\"your-phone\" \/><\/span><\/label><label>Fax (\n\t\t<font style=\"color:red\">*\n\t\t<\/font>) <span class=\"wpcf7-form-control-wrap\" data-name=\"your-fax\"><input size=\"40\" maxlength=\"400\" class=\"wpcf7-form-control wpcf7-text wpcf7-validates-as-required\" aria-required=\"true\" aria-invalid=\"false\" value=\"\" type=\"text\" name=\"your-fax\" \/><\/span><\/label><label>E-Posta (\n\t\t<font style=\"color:red\">*\n\t\t<\/font>) <span class=\"wpcf7-form-control-wrap\" data-name=\"your-email\"><input size=\"40\" maxlength=\"400\" class=\"wpcf7-form-control wpcf7-email wpcf7-validates-as-required wpcf7-text wpcf7-validates-as-email\" aria-required=\"true\" aria-invalid=\"false\" value=\"\" type=\"email\" name=\"your-email\" \/><\/span><\/label><label>Mesaj\u0131n\u0131z (\n\t\t<font style=\"color:red\">*\n\t\t<\/font>) <span class=\"wpcf7-form-control-wrap\" data-name=\"your-message\"><textarea cols=\"40\" rows=\"10\" maxlength=\"2000\" class=\"wpcf7-form-control wpcf7-textarea\" aria-invalid=\"false\" name=\"your-message\"><\/textarea><\/span><\/label>\n<\/p>\n<h5>Makine Bilgisi\n<\/h5>\n<p><label>Makine Modeli <span class=\"wpcf7-form-control-wrap\" data-name=\"your-machine\"><input size=\"40\" maxlength=\"400\" class=\"wpcf7-form-control wpcf7-text\" aria-invalid=\"false\" value=\"\" type=\"text\" name=\"your-machine\" \/><\/span><\/label><label>Sat\u0131nalma Tarihi <span class=\"wpcf7-form-control-wrap\" data-name=\"your-pdate\"><input size=\"40\" maxlength=\"400\" class=\"wpcf7-form-control wpcf7-text\" aria-invalid=\"false\" value=\"\" type=\"text\" name=\"your-pdate\" \/><\/span><\/label><label>Makine Seri Numaras\u0131 <span class=\"wpcf7-form-control-wrap\" data-name=\"your-snumber\"><input size=\"40\" maxlength=\"400\" class=\"wpcf7-form-control wpcf7-text\" aria-invalid=\"false\" value=\"\" type=\"text\" name=\"your-snumber\" \/><\/span><\/label><label>A\u00e7\u0131klama <span class=\"wpcf7-form-control-wrap\" data-name=\"your-desc\"><textarea cols=\"40\" rows=\"10\" maxlength=\"2000\" class=\"wpcf7-form-control wpcf7-textarea\" aria-invalid=\"false\" name=\"your-desc\"><\/textarea><\/span><\/label><input class=\"wpcf7-form-control wpcf7-submit has-spinner\" type=\"submit\" value=\"G\u00f6nder\" \/>\n<\/p><div class=\"wpcf7-response-output\" aria-hidden=\"true\"><\/div>\n<\/form>\n<\/div>\n<\/div><\/div><\/div><div class=\"vc_col-sm-4 wpb_column vc_column_container\"><div class=\"vc_column-inner\"><div class=\"wpb_wrapper\"><div class=\"g-cols wpb_row us_custom_f39367a0 via_flex valign_middle type_default stacking_default\"><div class=\"vc_col-sm-12 wpb_column vc_column_container\"><div class=\"vc_column-inner\"><div class=\"wpb_wrapper\"><div class=\"w-separator size_custom\" style=\"height:2rem\"><\/div><div class=\"wpb_text_column us_custom_d46481fa has_text_color\"><div class=\"wpb_wrapper\"><h4 style=\"text-align: center;\"><strong>Fabrika 1<\/strong><\/h4>\n<\/div><\/div><div class=\"w-contacts us_custom_6df4bc3a has_text_color\"><div class=\"w-contacts-list\"><div class=\"w-contacts-item for_address\"><span class=\"w-contacts-item-value\">Ferhatpa\u015fa SB Mahallesi Ali R\u0131za Efendi CAD. NO:26\/2B1, 34540 \u0130stanbul<\/span><\/div><div class=\"w-contacts-item for_phone\"><span class=\"w-contacts-item-value\">+90 (212) 671 15 64<\/span><\/div><div class=\"w-contacts-item for_email\"><span class=\"w-contacts-item-value\"><a href=\"mailto:info@laserisse.com\">info@laserisse.com<\/a><\/span><\/div><\/div><\/div><div class=\"w-separator size_custom with_line width_default thick_1 style_solid color_border align_center\" style=\"height:5rem\"><div class=\"w-separator-h\"><\/div><\/div><div class=\"wpb_text_column us_custom_d46481fa has_text_color\"><div class=\"wpb_wrapper\"><h4 style=\"text-align: center;\"><strong>Fabrika 2<\/strong><\/h4>\n<\/div><\/div><div class=\"w-contacts us_custom_6df4bc3a has_text_color\"><div class=\"w-contacts-list\"><div class=\"w-contacts-item for_address\"><span class=\"w-contacts-item-value\">IOSB Eskoop San. Sit. C3 Blok N.100 34490 Basaksehir\/Istanbul Turkey<\/span><\/div><div class=\"w-contacts-item for_phone\"><span class=\"w-contacts-item-value\">+90 (212) 671 15 64<\/span><\/div><div class=\"w-contacts-item for_email\"><span class=\"w-contacts-item-value\"><a href=\"mailto:info@laserisse.com\">info@laserisse.com<\/a><\/span><\/div><\/div><\/div><div class=\"w-separator size_custom\" style=\"height:2.5rem\"><\/div><\/div><\/div><\/div><\/div><\/div><\/div><\/div><\/div><\/div><\/section>\n","protected":false},"excerpt":{"rendered":"Teknik Destek Bizimle \u0130leti\u015fime Ge\u00e7in Lazer Sistemleri ile ilgili t\u00fcm sorular\u0131n\u0131zda size yard\u0131mc\u0131 olmaktan memnuniyet duyar\u0131z. Bizimle ileti\u015fime ge\u00e7mek i\u00e7in a\u015fa\u011f\u0131daki formu kullan\u0131n. M\u00fcmk\u00fcn olan en k\u0131sa s\u00fcrede size geri d\u00f6nece\u011fiz. Teknik Servis Email: destek@laserisse.com Genel Bilgi L\u00fctfen Se\u00e7iniz( * )MekanikElektrik - ElektronikYaz\u0131l\u0131mFirma \u0130smi ( * ) \u0130lgili Ki\u015fi ( * ) Adres ( *...","protected":false},"author":743,"featured_media":0,"parent":0,"menu_order":16,"comment_status":"closed","ping_status":"closed","template":"","meta":{"inline_featured_image":false,"footnotes":""},"class_list":["post-9510","page","type-page","status-publish","hentry"],"_links":{"self":[{"href":"https:\/\/laserisse.com\/tr\/wp-json\/wp\/v2\/pages\/9510","targetHints":{"allow":["GET"]}}],"collection":[{"href":"https:\/\/laserisse.com\/tr\/wp-json\/wp\/v2\/pages"}],"about":[{"href":"https:\/\/laserisse.com\/tr\/wp-json\/wp\/v2\/types\/page"}],"author":[{"embeddable":true,"href":"https:\/\/laserisse.com\/tr\/wp-json\/wp\/v2\/users\/743"}],"replies":[{"embeddable":true,"href":"https:\/\/laserisse.com\/tr\/wp-json\/wp\/v2\/comments?post=9510"}],"version-history":[{"count":0,"href":"https:\/\/laserisse.com\/tr\/wp-json\/wp\/v2\/pages\/9510\/revisions"}],"wp:attachment":[{"href":"https:\/\/laserisse.com\/tr\/wp-json\/wp\/v2\/media?parent=9510"}],"curies":[{"name":"wp","href":"https:\/\/api.w.org\/{rel}","templated":true}]}}