{"id":9508,"date":"2020-08-10T13:49:40","date_gmt":"2020-08-10T10:49:40","guid":{"rendered":"https:\/\/laserisse.com\/registration\/"},"modified":"2024-08-28T14:58:44","modified_gmt":"2024-08-28T11:58:44","slug":"kayit-ol","status":"publish","type":"page","link":"https:\/\/laserisse.com\/tr\/kayit-ol\/","title":{"rendered":"Kay\u0131t Ol"},"content":{"rendered":"<section class=\"l-section wpb_row height_custom with_img\"><div class=\"l-section-img\" role=\"img\" data-img-width=\"1920\" data-img-height=\"1080\" style=\"background-image: url(https:\/\/laserisse.com\/wp-content\/uploads\/2020\/08\/login-register-background.jpg);background-size: contain;\"><\/div><div class=\"l-section-overlay\" style=\"background:rgba(26,26,26,0.00)\"><\/div><div class=\"l-section-h i-cf\"><div class=\"g-cols vc_row via_flex valign_top type_default stacking_default\"><div class=\"vc_col-sm-4 wpb_column vc_column_container\"><div class=\"vc_column-inner\"><div class=\"wpb_wrapper\"><\/div><\/div><\/div><div class=\"vc_col-sm-4 wpb_column vc_column_container has_bg_color\"><div class=\"vc_column-inner us_custom_4fb9e5a3\"><div class=\"wpb_wrapper\"><div class=\"wpb_text_column\"><div class=\"wpb_wrapper\"><div id=\"erf_form_container_10316\" class=\"erf-container erf-label-top erf-layout-one-column erf-style-rounded-corner erf-login-register-form erf-login-register\">\n    <div class=\"\">\n    <div class=\"erf-login-container erf-label-top erf-style-rounded-corner erf-layout-one-column\" style=\"\">     \n        <div class=\"erf-message\"><\/div>\n\n                    <form action=\"\" method=\"post\" class=\"erf-login-form erf-form\">\n                <div class=\"fb-text form-group\">\n                    <label for=\"erf_username\" class=\"fb-text-label\">\n                        Username\/Email<span class=\"erf-required\">*<\/span>\n                    <\/label>\n\n                    <input required=\"\" placeholder=\"\" value=\"\" type=\"text\" class=\"form-control\" id=\"erf_username\" name=\"erf_username\">\n                <\/div>\n\n                <div class=\"fb-text form-group\">\n                    <label for=\"erf_password\" class=\"fb-text-label\">\n                        Password<span class=\"erf-required\">*<\/span>\n                    <\/label>\n\n                    <input placeholder=\"\" type=\"password\" value=\"\" required=\"\" class=\"form-control\" id=\"erf_password\" name=\"erf_password\">\n                <\/div>\n\n                <div class=\"fb-text form-group\">\n\n                    <label for=\"rememberme\" class=\"fb-text-label\">\n                        <input name=\"rememberme\"  type=\"checkbox\" id=\"erf_rememberme\" value=\"forever\">\n                        Remember                    <\/label>\n                <\/div>\n\n\n                <input type=\"hidden\" name=\"action\" value=\"erf_login_user\"  \/>\n                <input type=\"hidden\" name=\"erf_login_nonce\" id=\"erf_login_nonce\" value=\"2fc247d2aa\" \/>\n\n                <div class=\"erf-before-login-btn\">\n                                    <\/div>   \n\n                <div class=\"erf-external-form-elements\">\n                                            <!-- Show reCaptcha if configured -->\n                                                    <div class=\"g-recaptcha erf-recaptcha clearfix\" data-sitekey=\"6LdjYbkqAAAAABFiVtZqxBfclZ_ygnlaKUt85q0q\"><\/div>\n                            \n                        <!-- reCaptcha ends here -->\n                                    <\/div>   \n                <div class=\"erf-error\"><\/div>\n                <div class=\"erf-submit-button erf-clearfix\">    \n                    <div class=\"fb-button form-group\">\n                        <button type=\"submit\" class=\"btn btn-default\" style=\"default\">Login<\/button>\n                    <\/div>\n                <\/div>\n                                    <div class=\"erf-account-switch\">\n                        <a class=\"erf-show-lost-password\"  href=\"javascript:void(0)\" title=\"Lost\/Forgot Password?\">Lost Password?<\/a>\n                    <\/div>\n                \n            <\/form>\n\n            <form id=\"erf_login_reload_form\" method=\"POST\">\n\n            <\/form>\n\n            <\/div>\n            <div class=\"erf-password-lost-container erf-layoutone-column erf-style-rounded-corner erf-label-top\"  style=\"display:none\">\n\n                    <h3>Forgot Your Password?<\/h3>\n                <p>\n                    Enter your email address                <\/p>\n                <form id=\"lostpasswordform\" class=\"erf-form erf-reset-password-form\" action=\"\" method=\"post\" onkeypress=\"return event.keyCode != 13;\">\n                    <div class=\"fb-text form-group\">\n                        <input type=\"email\" name=\"user_login\" class=\"form-control\" id=\"erf_user_login\">\n                    <\/div>\n                    <div class=\"erf-error\"><\/div>\n                    <div class=\"fb-text form-group\">\n                        <button type=\"button\" name=\"submit\" class=\"lostpassword-button erf-reset-password btn btn-default\">\n                            Reset Password                        <\/button>\n                    <\/div>\n                    <input type=\"hidden\" name=\"action\" value=\"erf_lost_password\" \/>\n                    <div class=\"erf-account-switch erf-clearfix\">\n                            <a class=\"erf-show-login\" href=\"javascript:void(0)\">Back to Login<\/a>\n                    <\/div>\n                <\/form>\n    <\/div>\n    \n    <div class=\"erf-otp-container erf-layoutone-column erf-style-rounded-corner erf-label-top\"  style=\"display:none\">\n        <div class=\"erf-message\"><\/div>\n        <h3>Forgot Your Password?<\/h3>\n        <p>Enter OTP<\/p>\n        <form id=\"otpform\" class=\"erf-form erf-otp-form\" action=\"\" method=\"post\" onkeypress=\"return event.keyCode != 13;\">\n            <div class=\"fb-text form-group\">\n                <input type=\"text\" name=\"user_otp\" class=\"form-control\" id=\"erf_user_otp\">\n            <\/div>\n            <div class=\"erf-error\"><\/div>\n            <div class=\"fb-text form-group\">\n                <button type=\"button\" name=\"submit\" class=\"otp-button erf-otp btn btn-default\">\n                    Submit                <\/button>\n            <\/div>\n            <input type=\"hidden\" name=\"action\" value=\"erf_otp\" \/>\n            <div class=\"erf-account-switch erf-clearfix\">\n                <a class=\"erf-show-login\" href=\"javascript:void(0)\">Back to Login<\/a>\n            <\/div>\n        <\/form>\n    <\/div>\n\n    <div class=\"erf-password-update-container erf-layoutone-column erf-style-rounded-corner erf-label-top\"  style=\"display:none\">\n        <h3>Forgot Your Password?<\/h3>        \n        <p>Enter a new password below<\/p>\n        <form id=\"updatepasswordform\" class=\"erf-form erf-update-password-form\" action=\"\" method=\"post\" onkeypress=\"return event.keyCode != 13;\">\n            <div class=\"fb-text form-group\">\n                <label for=\"user_password\" class=\"fb-text-label\">New Password<\/label>\n                <input type=\"password\" name=\"user_password\" class=\"form-control\" id=\"erf_user_password\">\n            <\/div>\n            <div class=\"fb-text form-group\">\n                <label for=\"user_cpassword\" class=\"fb-text-label\">Re-enter New Password<\/label>\n                <input type=\"password\" name=\"user_cpassword\" class=\"form-control\" id=\"erf_user_cpassword\">\n            <\/div>\n            <div class=\"erf-error\"><\/div>\n            <div class=\"fb-text form-group\">\n                <button type=\"button\" name=\"submit\" class=\"updatepassword-button erf-update-password btn btn-default\">\n                    Update Password                <\/button>\n            <\/div>\n            <input type=\"hidden\" name=\"action\" value=\"erf_update_password\" \/>\n            <div class=\"erf-account-switch erf-clearfix\">\n                <a class=\"erf-show-login\" href=\"javascript:void(0)\">Back to Login<\/a>\n            <\/div>\n        <\/form>\n    <\/div>\n<\/div>    \n    <div class=\"erf-reg-form-container\" style=\"\">\n            \n        \n             \n                            <div class=\"erf-content-above\">\n                    A\u015fa\u011f\u0131daki formu doldurarak kay\u0131t olabilirsiniz.                <\/div>\n                <form method=\"post\" enctype=\"multipart\/form-data\" class=\"erf-form erf-front-form\" data-parsley-validate=\"\" novalidate=\"true\" autocomplete=\"off\" data-erf-submission-id=\"0\" data-erf-form-id=\"10316\">\n                    <div class=\"erf-form-html\" id=\"erf_form_10316\">\n                        <div class=\"rendered-form\">\n                        <div class=\"erf-text form-group field-text-MUToOp erf-element-width-12\"><label for=\"text-MUToOp\" class=\"erf-text-label\">Ad\u0131n\u0131z<span class=\"erf-required\">*<\/span><\/label><input type='text' class='form-control' name='text-MUToOp' required='required' id='text-MUToOp'  \/><\/div><div class=\"erf-text form-group field-text-iwnUwA erf-element-width-12\"><label for=\"text-iwnUwA\" class=\"erf-text-label\">Soyad\u0131n\u0131z<span class=\"erf-required\">*<\/span><\/label><input type='text' class='form-control' name='text-iwnUwA' required='required' id='text-iwnUwA'  \/><\/div><div class=\"erf-text form-group field-field-0squIt8FlBYnbCF erf-element-width-12\"><label for=\"field-0squIt8FlBYnbCF\" class=\"erf-text-label\">Firma Ad\u0131<span class=\"erf-required\">*<\/span><\/label><input type='text' class='form-control' name='field-0squIt8FlBYnbCF' required='required' id='field-0squIt8FlBYnbCF'  \/><\/div><div class=\"erf-text form-group field-field-lEuksPrLpnS9DgU erf-element-width-12\"><label for=\"field-lEuksPrLpnS9DgU\" class=\"erf-text-label\">Telefon<span class=\"erf-required\">*<\/span><\/label><input type='text' class='form-control' name='field-lEuksPrLpnS9DgU' required='required' id='field-lEuksPrLpnS9DgU'  \/><\/div><div class=\"erf-text form-group field-field-2hpypbauhSsqU0W erf-element-width-12\"><label for=\"field-2hpypbauhSsqU0W\" class=\"erf-text-label\">\u00dclke \/ \u015eehir<span class=\"erf-required\">*<\/span><\/label><input type='text' class='form-control' name='field-2hpypbauhSsqU0W' required='required' id='field-2hpypbauhSsqU0W'  \/><\/div><div class=\"erf-email form-group field-text-thOIhr erf-element-width-12\"><label for=\"text-thOIhr\" class=\"erf-email-label\">E-Posta<span class=\"erf-required\">*<\/span><\/label><input type='email' required='1' class='form-control' name='text-thOIhr' id='text-thOIhr'  \/><\/div><div class=\"erf-password form-group field-text-IdpaFd erf-element-width-12\"><label for=\"text-IdpaFd\" class=\"erf-password-label\">\u015eifre<span class=\"erf-required\">*<\/span><\/label><input type='password' required='1' class='form-control' name='text-IdpaFd' id='text-IdpaFd'  \/><\/div><div class=\"erf-button form-group field-button-kfCA4v erf-element-width-12\"><button type='submit'class='btn btn-default'name='button-kfCA4v'id='button-kfCA4v'>Kay\u0131t Ol<\/button><\/div>                        <\/div>    \n                    <\/div>   \n\n                    <div class=\"erf-external-form-elements\">\n                        \n                        \n\n                        \n                        \n                                                    <!-- Show reCaptcha if configured -->\n                                                                    <div class=\"g-recaptcha erf-recaptcha clearfix\" data-sitekey=\"6LdjYbkqAAAAABFiVtZqxBfclZ_ygnlaKUt85q0q\"><\/div>\n                                    \n                            <!-- reCaptcha ends here -->\n                                                <div class=\"erf-errors\" style=\"display:none\">\n                            <span class=\"erf-errors-head erf-error-row\">Error occured. Please confirm your data and submit again:<\/span>\n                            <div class=\"erf-errors-body\">\n                                                            <\/div> \n                        <\/div>    \n                    <\/div>\n\n                    <!-- Contains multipage Next,Previous buttons -->\n                    <div class=\"erf-form-nav clearfix\"><\/div>  \n\n                    <!-- Single page form button -->\n                    <div class=\"erf-submit-button clearfix\"><\/div>\n\n                    <input type=\"hidden\" name=\"erform_id\" value=\"10316\" \/>\n                    <input type=\"hidden\" id=\"erform_submission_nonce\" name=\"erform_submission_nonce\" value=\"91c564a508\" \/><input type=\"hidden\" name=\"_wp_http_referer\" value=\"\/tr\/wp-json\/wp\/v2\/pages\/9508\" \/>                    <input type=\"hidden\" name=\"action\" value=\"erf_submit_form\" \/>\n                    <input type=\"hidden\" name=\"redirect_to\" id=\"erform_redirect_to\" \/>\n\n                    \n                    \n\n                <\/form>\n                        <\/div>\n\n    \n<\/div>\n\n<\/div><\/div><div class=\"w-separator size_small\"><\/div><div class=\"wpb_text_column\"><div class=\"wpb_wrapper\"><p>Ki\u015fisel verileriniz \u201c<a href=\"https:\/\/laserisse.com\/wp-content\/uploads\/2022\/01\/Kis\u0327isel-Verilerin-I\u0307s\u0327lenmesi-Aydinlatma-Metni-1.docx\"><b>KVKK Ayd\u0131nlatma Metni<\/b><\/a>\u201dkapsam\u0131nda i\u015flenmektedir.<\/p>\n<\/div><\/div><\/div><\/div><\/div><div class=\"vc_col-sm-4 wpb_column vc_column_container\"><div class=\"vc_column-inner\"><div class=\"wpb_wrapper\"><\/div><\/div><\/div><\/div><\/div><\/section>\n","protected":false},"excerpt":{"rendered":"Username\/Email* Password* Remember Login Lost Password? Forgot Your Password? Enter your email address Reset Password Back to Login Forgot Your Password? Enter OTP Submit Back to Login Forgot Your Password? Enter a new password below New Password Re-enter New Password Update Password Back to Login A\u015fa\u011f\u0131daki formu doldurarak kay\u0131t olabilirsiniz. Ad\u0131n\u0131z*Soyad\u0131n\u0131z*Firma Ad\u0131*Telefon*\u00dclke \/ \u015eehir*E-Posta*\u015eifre*Kay\u0131t Ol...","protected":false},"author":743,"featured_media":0,"parent":0,"menu_order":18,"comment_status":"closed","ping_status":"closed","template":"","meta":{"inline_featured_image":false,"footnotes":""},"class_list":["post-9508","page","type-page","status-publish","hentry"],"_links":{"self":[{"href":"https:\/\/laserisse.com\/tr\/wp-json\/wp\/v2\/pages\/9508","targetHints":{"allow":["GET"]}}],"collection":[{"href":"https:\/\/laserisse.com\/tr\/wp-json\/wp\/v2\/pages"}],"about":[{"href":"https:\/\/laserisse.com\/tr\/wp-json\/wp\/v2\/types\/page"}],"author":[{"embeddable":true,"href":"https:\/\/laserisse.com\/tr\/wp-json\/wp\/v2\/users\/743"}],"replies":[{"embeddable":true,"href":"https:\/\/laserisse.com\/tr\/wp-json\/wp\/v2\/comments?post=9508"}],"version-history":[{"count":0,"href":"https:\/\/laserisse.com\/tr\/wp-json\/wp\/v2\/pages\/9508\/revisions"}],"wp:attachment":[{"href":"https:\/\/laserisse.com\/tr\/wp-json\/wp\/v2\/media?parent=9508"}],"curies":[{"name":"wp","href":"https:\/\/api.w.org\/{rel}","templated":true}]}}