{"id":9506,"date":"2020-08-25T10:52:41","date_gmt":"2020-08-25T07:52:41","guid":{"rendered":"https:\/\/laserisse.com\/feedback\/"},"modified":"2021-05-18T14:01:19","modified_gmt":"2021-05-18T11:01:19","slug":"musteri-memnuniyeti-anketi","status":"publish","type":"page","link":"https:\/\/laserisse.com\/tr\/musteri-memnuniyeti-anketi\/","title":{"rendered":"M\u00fc\u015fteri Memnuniyeti Anketi"},"content":{"rendered":"<section class=\"l-section wpb_row height_custom color_primary with_img parallax_hor bgwidth_120\"><div class=\"l-section-img\" role=\"img\" data-img-width=\"1692\" data-img-height=\"326\" style=\"background-image: url(https:\/\/laserisse.com\/wp-content\/uploads\/2020\/08\/feedback-2.jpg);background-position: bottom center;background-size: contain;\"><\/div><div class=\"l-section-overlay\" style=\"background:rgba(2,2,2,0.67)\"><\/div><div class=\"l-section-h i-cf\"><div class=\"g-cols vc_row via_flex valign_top type_default stacking_default\"><div class=\"vc_col-sm-12 wpb_column vc_column_container\"><div class=\"vc_column-inner\"><div class=\"wpb_wrapper\"><div class=\"w-separator size_medium\"><\/div><div class=\"wpb_text_column\"><div class=\"wpb_wrapper\"><h1 style=\"text-align: center;\">M\u00fc\u015fteri Memnuniyeti Anketi<\/h1>\n<\/div><\/div><div class=\"w-separator size_small\"><\/div><div class=\"w-iconbox iconpos_top style_default color_custom align_center no_text no_title\"><a href=\"#form\" class=\"w-iconbox-link\" aria-label=\"far|chevron-down\"><div class=\"w-iconbox-icon\" style=\"font-size:3rem;--icon-color:#ffffff;\"><i class=\"far fa-chevron-down\"><\/i><\/div><\/a><div class=\"w-iconbox-meta\"><\/div><\/div><\/div><\/div><\/div><\/div><\/div><\/section><section class=\"l-section wpb_row height_custom\" id=\"form\"><div class=\"l-section-h i-cf\"><div class=\"g-cols vc_row via_flex valign_top type_default stacking_default\"><div class=\"vc_col-sm-12 wpb_column vc_column_container\"><div class=\"vc_column-inner\"><div class=\"wpb_wrapper\"><div class=\"wpb_text_column\"><div class=\"wpb_wrapper\"><p><!-- Easy Forms --><\/p>\n<div id=\"c1\">Doldur <a href=\"https:\/\/laserisse.com\/memnuniyet-anketi\/app\/form?id=1&amp;b=0\">\u00e7evrimi\u00e7i form<\/a>.<\/div>\n<p><script type=\"text\/javascript\">\n    (function(d, t) {\n        var s = d.createElement(t), options = {\n            'id': 1,\n            'container': 'c1',\n            'height': '2247px',\n            'form': '\/\/laserisse.com\/memnuniyet-anketi\/app\/embed'\n        };\n        s.type= 'text\/javascript';\n        s.src = 'https:\/\/laserisse.com\/memnuniyet-anketi\/static_files\/js\/form.widget.js';\n        s.onload = s.onreadystatechange = function() {\n            var rs = this.readyState; if (rs) if (rs != 'complete') if (rs != 'loaded') return;\n            try { (new EasyForms()).initialize(options).display() } catch (e) { }\n        };\n        var scr = d.getElementsByTagName(t)[0], par = scr.parentNode; par.insertBefore(s, scr);\n    })(document, 'script');\n<\/script><br \/>\n<!-- End Easy Forms --><\/p>\n<\/div><\/div><\/div><\/div><\/div><\/div><\/div><\/section>\n","protected":false},"excerpt":{"rendered":"M\u00fc\u015fteri Memnuniyeti Anketi Doldur \u00e7evrimi\u00e7i form.","protected":false},"author":743,"featured_media":0,"parent":0,"menu_order":17,"comment_status":"closed","ping_status":"closed","template":"","meta":{"inline_featured_image":false,"footnotes":""},"class_list":["post-9506","page","type-page","status-publish","hentry"],"_links":{"self":[{"href":"https:\/\/laserisse.com\/tr\/wp-json\/wp\/v2\/pages\/9506","targetHints":{"allow":["GET"]}}],"collection":[{"href":"https:\/\/laserisse.com\/tr\/wp-json\/wp\/v2\/pages"}],"about":[{"href":"https:\/\/laserisse.com\/tr\/wp-json\/wp\/v2\/types\/page"}],"author":[{"embeddable":true,"href":"https:\/\/laserisse.com\/tr\/wp-json\/wp\/v2\/users\/743"}],"replies":[{"embeddable":true,"href":"https:\/\/laserisse.com\/tr\/wp-json\/wp\/v2\/comments?post=9506"}],"version-history":[{"count":0,"href":"https:\/\/laserisse.com\/tr\/wp-json\/wp\/v2\/pages\/9506\/revisions"}],"wp:attachment":[{"href":"https:\/\/laserisse.com\/tr\/wp-json\/wp\/v2\/media?parent=9506"}],"curies":[{"name":"wp","href":"https:\/\/api.w.org\/{rel}","templated":true}]}}