{"id":14078,"date":"2022-08-11T10:16:07","date_gmt":"2022-08-11T07:16:07","guid":{"rendered":"https:\/\/laserisse.com\/laser-blanking-custom-made-production-line\/"},"modified":"2023-09-18T16:02:49","modified_gmt":"2023-09-18T13:02:49","slug":"lazer-kesim-ozellestirilmis-uretim-hatti","status":"publish","type":"page","link":"https:\/\/laserisse.com\/tr\/lazer-kesim-ozellestirilmis-uretim-hatti\/","title":{"rendered":"LAZER KES\u0130M \u00d6ZELLE\u015eT\u0130R\u0130LM\u0130\u015e \u00dcRET\u0130M HATTI"},"content":{"rendered":"<section class=\"l-section wpb_row height_custom color_primary with_img parallax_hor bgwidth_120\"><div class=\"l-section-img\" role=\"img\" data-img-width=\"1920\" data-img-height=\"1080\" style=\"background-image: url(https:\/\/laserisse.com\/wp-content\/uploads\/2022\/10\/custom-laser-blanking-line.jpg);background-position: top center;background-repeat: no-repeat;\"><\/div><div class=\"l-section-overlay\" style=\"background:rgba(2,2,2,0.67)\"><\/div><div class=\"l-section-h i-cf\"><div class=\"g-cols vc_row via_flex valign_top type_default stacking_default\"><div class=\"vc_col-sm-12 wpb_column vc_column_container\"><div class=\"vc_column-inner\"><div class=\"wpb_wrapper\"><div class=\"w-separator size_medium\"><\/div><div class=\"wpb_text_column\"><div class=\"wpb_wrapper\"><h1 style=\"text-align: center;\">LAZER KES\u0130M \u00d6ZELLE\u015eT\u0130R\u0130LM\u0130\u015e<br \/>\n\u00dcRET\u0130M HATTI<\/h1>\n<\/div><\/div><div class=\"w-separator size_small\"><\/div><div class=\"w-iconbox iconpos_top style_default color_custom align_center no_text no_title\"><a href=\"#intro\" class=\"w-iconbox-link\" aria-label=\"far|chevron-down\"><div class=\"w-iconbox-icon\" style=\"font-size:3rem;--icon-color:#ffffff;\"><i class=\"far fa-chevron-down\"><\/i><\/div><\/a><div class=\"w-iconbox-meta\"><\/div><\/div><\/div><\/div><\/div><\/div><\/div><\/section><section class=\"l-section wpb_row height_auto color_secondary type_sticky\" id=\"intro\"><div class=\"l-section-h i-cf\"><div class=\"g-cols vc_row via_flex valign_top type_default stacking_default\"><div class=\"vc_col-sm-12 wpb_column vc_column_container\"><div class=\"vc_column-inner\"><div class=\"wpb_wrapper\"><nav class=\"w-menu us_custom_d16317ef layout_hor style_blocks not_responsive us_menu_1 with_children\" style=\"--main-ver-indent:0.8em;--main-hor-indent:0.8em;--main-color:#ffffff;--main-hover-color:#1a1a1a;--main-active-color:#d1d1d1;\"><ul id=\"menu-cutting-laser-blanking-custom-made-production-line-tr\" class=\"menu\"><li id=\"menu-item-14170\" class=\"menu-item menu-item-type-custom menu-item-object-custom menu-item-14170\"><a href=\"#main\">\u00d6zelle\u015fti\u0307ri\u0307lmi\u0307\u015f Lazer Kesi\u0307m \u00dcreti\u0307m Hatt\u0131<\/a><\/li><li id=\"menu-item-14171\" class=\"menu-item menu-item-type-custom menu-item-object-custom menu-item-14171\"><a href=\"#units\">\u00dcniteler<\/a><\/li><li id=\"menu-item-14172\" class=\"menu-item menu-item-type-custom menu-item-object-custom menu-item-14172\"><a href=\"#overview\">Genel Bak\u0131\u015f<\/a><\/li><li id=\"menu-item-14173\" class=\"menu-item menu-item-type-custom menu-item-object-custom menu-item-14173\"><a href=\"#video\">Videolar<\/a><\/li><li id=\"menu-item-27497\" class=\"menu-item menu-item-type-custom menu-item-object-custom menu-item-27497\"><a href=\"#main\">Laser Blanking Custom Made Production Line<\/a><\/li><li id=\"menu-item-27498\" class=\"menu-item menu-item-type-custom menu-item-object-custom menu-item-27498\"><a href=\"#units\">Units<\/a><\/li><li id=\"menu-item-27499\" class=\"menu-item menu-item-type-custom menu-item-object-custom menu-item-27499\"><a href=\"#overview\">Overview<\/a><\/li><li id=\"menu-item-27500\" class=\"menu-item menu-item-type-custom menu-item-object-custom menu-item-27500\"><a href=\"#video\">Application Videos<\/a><\/li><\/ul><\/nav><\/div><\/div><\/div><\/div><\/div><\/section><section class=\"l-section wpb_row us_custom_680133ec height_small\" id=\"main\"><div class=\"l-section-h i-cf\"><div class=\"g-cols vc_row via_flex valign_top type_default stacking_default\"><div class=\"vc_col-sm-12 wpb_column vc_column_container\"><div class=\"vc_column-inner\"><div class=\"wpb_wrapper\"><div class=\"w-separator size_medium\"><\/div><div class=\"w-image align_none\"><div class=\"w-image-h\"><img decoding=\"async\" width=\"3840\" height=\"966\" src=\"https:\/\/laserisse.com\/wp-content\/uploads\/2022\/08\/custom-cutting-line.png\" class=\"attachment-full size-full\" alt=\"\" loading=\"lazy\" srcset=\"https:\/\/laserisse.com\/wp-content\/uploads\/2022\/08\/custom-cutting-line.png 3840w, https:\/\/laserisse.com\/wp-content\/uploads\/2022\/08\/custom-cutting-line-300x75.png 300w, https:\/\/laserisse.com\/wp-content\/uploads\/2022\/08\/custom-cutting-line-1024x258.png 1024w, https:\/\/laserisse.com\/wp-content\/uploads\/2022\/08\/custom-cutting-line-1536x386.png 1536w\" sizes=\"auto, (max-width: 3840px) 100vw, 3840px\" title=\"Laser Isse\"><\/div><\/div><div class=\"w-separator size_medium\"><\/div><div class=\"wpb_text_column\"><div class=\"wpb_wrapper\"><p style=\"color: #ed1b2f; font-size: 30px; text-align: left;\">Tek <strong>Hat<\/strong> \u0130ki <strong>Metot<\/strong><\/p>\n<p style=\"font-size: 25px; text-align: left;\">Rulolu <strong>Makas<\/strong> Kesim &amp; Lazer <b>Kesim<\/b> Hatt\u0131<\/p>\n<p style=\"text-align: left;\">Blanking hatt\u0131m\u0131z, anahtar teslimi \u00e7\u00f6z\u00fcmlerimizle t\u00fcm \u00f6zel kesim saclar\u0131n\u0131z\u0131 do\u011frudan bobinden keser, t\u00fcm kesilmi\u015f par\u00e7alar\u0131n s\u00fcr\u00fclmesi, do\u011frultulmas\u0131, kesilmesi ve kesilen par\u00e7alar\u0131n istiflenmesi i\u00e7in otomasyondan yararlan\u0131r.<\/p>\n<ul>\n<li style=\"text-align: left;\"><strong>U\u00e7ar Makas Kesim<\/strong>\u00a0her boyuttaki plakan\u0131n h\u0131zl\u0131 kesilmesini sa\u011flar.<\/li>\n<li style=\"text-align: left;\"><strong>Lazer Kesim<\/strong> \u00fcretim gereksinimleriniz i\u00e7in d\u00fcz, trapezoid ve herhangi bir \u015fekil plakan\u0131n y\u00fcksek h\u0131zda kesimini sa\u011flar.<\/li>\n<\/ul>\n<\/div><\/div><div class=\"w-separator size_medium\" id=\"units\"><\/div><div class=\"wpb_text_column\"><div class=\"wpb_wrapper\"><h3 style=\"text-align: right;\">\u00d6zel \u00dcretim Lazer Blanking Hatt\u0131 \u00dcniteleri<\/h3>\n<\/div><\/div><div class=\"w-separator size_medium\"><\/div><div class=\"g-cols wpb_row via_flex valign_top type_default stacking_default\"><div class=\"vc_col-sm-12 wpb_column vc_column_container\"><div class=\"vc_column-inner\"><div class=\"wpb_wrapper\"><div class=\"w-image align_none\"><div class=\"w-image-h\"><img decoding=\"async\" width=\"1257\" height=\"502\" src=\"https:\/\/laserisse.com\/wp-content\/uploads\/2022\/10\/laser-blanki\u0307ng-custom-made-producti\u0307on-li\u0307ne-tr.png\" class=\"attachment-full size-full\" alt=\"\" loading=\"lazy\" srcset=\"https:\/\/laserisse.com\/wp-content\/uploads\/2022\/10\/laser-blanki\u0307ng-custom-made-producti\u0307on-li\u0307ne-tr.png 1257w, https:\/\/laserisse.com\/wp-content\/uploads\/2022\/10\/laser-blanki\u0307ng-custom-made-producti\u0307on-li\u0307ne-tr-300x120.png 300w, https:\/\/laserisse.com\/wp-content\/uploads\/2022\/10\/laser-blanki\u0307ng-custom-made-producti\u0307on-li\u0307ne-tr-1024x409.png 1024w\" sizes=\"auto, (max-width: 1257px) 100vw, 1257px\" title=\"Laser Isse\"><\/div><\/div><\/div><\/div><\/div><\/div><div class=\"g-cols wpb_row via_flex valign_top type_default stacking_default\"><div class=\"vc_col-sm-4 wpb_column vc_column_container\"><div class=\"vc_column-inner\"><div class=\"wpb_wrapper\"><div class=\"w-image align_none\"><div class=\"w-image-h\"><img decoding=\"async\" width=\"300\" height=\"203\" src=\"https:\/\/laserisse.com\/wp-content\/uploads\/2022\/08\/Resim1-300x203.png\" class=\"attachment-medium size-medium\" alt=\"\" loading=\"lazy\" srcset=\"https:\/\/laserisse.com\/wp-content\/uploads\/2022\/08\/Resim1-300x203.png 300w, https:\/\/laserisse.com\/wp-content\/uploads\/2022\/08\/Resim1.png 715w\" sizes=\"auto, (max-width: 300px) 100vw, 300px\" title=\"Laser Isse\"><\/div><\/div><div class=\"wpb_text_column\"><div class=\"wpb_wrapper\"><p style=\"text-align: center;\"><strong>A\u00e7\u0131c\u0131<\/strong><\/p>\n<\/div><\/div><\/div><\/div><\/div><div class=\"vc_col-sm-4 wpb_column vc_column_container\"><div class=\"vc_column-inner\"><div class=\"wpb_wrapper\"><div class=\"w-image align_none\"><div class=\"w-image-h\"><img decoding=\"async\" width=\"300\" height=\"203\" src=\"https:\/\/laserisse.com\/wp-content\/uploads\/2022\/08\/Resim2-300x203.png\" class=\"attachment-medium size-medium\" alt=\"\" loading=\"lazy\" srcset=\"https:\/\/laserisse.com\/wp-content\/uploads\/2022\/08\/Resim2-300x203.png 300w, https:\/\/laserisse.com\/wp-content\/uploads\/2022\/08\/Resim2.png 681w\" sizes=\"auto, (max-width: 300px) 100vw, 300px\" title=\"Laser Isse\"><\/div><\/div><div class=\"wpb_text_column\"><div class=\"wpb_wrapper\"><p style=\"text-align: center;\"><strong>Leveler<\/strong><\/p>\n<\/div><\/div><\/div><\/div><\/div><div class=\"vc_col-sm-4 wpb_column vc_column_container\"><div class=\"vc_column-inner\"><div class=\"wpb_wrapper\"><div class=\"w-image align_none\"><div class=\"w-image-h\"><img decoding=\"async\" width=\"300\" height=\"206\" src=\"https:\/\/laserisse.com\/wp-content\/uploads\/2022\/08\/Resim3-300x206.png\" class=\"attachment-medium size-medium\" alt=\"\" loading=\"lazy\" srcset=\"https:\/\/laserisse.com\/wp-content\/uploads\/2022\/08\/Resim3-300x206.png 300w, https:\/\/laserisse.com\/wp-content\/uploads\/2022\/08\/Resim3.png 760w\" sizes=\"auto, (max-width: 300px) 100vw, 300px\" title=\"Laser Isse\"><\/div><\/div><div class=\"wpb_text_column\"><div class=\"wpb_wrapper\"><p style=\"text-align: center;\"><strong>Eksantrik<br \/>\nU\u00e7ar Makas<\/strong><\/p>\n<\/div><\/div><\/div><\/div><\/div><\/div><div class=\"g-cols wpb_row via_flex valign_top type_default stacking_default\"><div class=\"vc_col-sm-4 wpb_column vc_column_container\"><div class=\"vc_column-inner\"><div class=\"wpb_wrapper\"><div class=\"w-image align_none\"><div class=\"w-image-h\"><img decoding=\"async\" width=\"300\" height=\"161\" src=\"https:\/\/laserisse.com\/wp-content\/uploads\/2022\/08\/Resim4-300x161.png\" class=\"attachment-medium size-medium\" alt=\"\" loading=\"lazy\" srcset=\"https:\/\/laserisse.com\/wp-content\/uploads\/2022\/08\/Resim4-300x161.png 300w, https:\/\/laserisse.com\/wp-content\/uploads\/2022\/08\/Resim4.png 495w\" sizes=\"auto, (max-width: 300px) 100vw, 300px\" title=\"Laser Isse\"><\/div><\/div><div class=\"wpb_text_column\"><div class=\"wpb_wrapper\"><p style=\"text-align: center;\"><strong>\u0130stifleme<\/strong><br \/>\n<strong>\u00dcnitesi<\/strong><\/p>\n<\/div><\/div><\/div><\/div><\/div><div class=\"vc_col-sm-4 wpb_column vc_column_container\"><div class=\"vc_column-inner\"><div class=\"wpb_wrapper\"><div class=\"w-image align_none\"><div class=\"w-image-h\"><img decoding=\"async\" width=\"300\" height=\"190\" src=\"https:\/\/laserisse.com\/wp-content\/uploads\/2022\/08\/Resim5-300x190.png\" class=\"attachment-medium size-medium\" alt=\"\" loading=\"lazy\" srcset=\"https:\/\/laserisse.com\/wp-content\/uploads\/2022\/08\/Resim5-300x190.png 300w, https:\/\/laserisse.com\/wp-content\/uploads\/2022\/08\/Resim5.png 618w\" sizes=\"auto, (max-width: 300px) 100vw, 300px\" title=\"Laser Isse\"><\/div><\/div><div class=\"wpb_text_column\"><div class=\"wpb_wrapper\"><p style=\"text-align: center;\"><strong>Lazer<\/strong><br \/>\n<strong>Kesim H\u00fccresi<\/strong><\/p>\n<\/div><\/div><\/div><\/div><\/div><div class=\"vc_col-sm-4 wpb_column vc_column_container\"><div class=\"vc_column-inner\"><div class=\"wpb_wrapper\"><div class=\"w-image align_none\"><div class=\"w-image-h\"><img decoding=\"async\" width=\"300\" height=\"205\" src=\"https:\/\/laserisse.com\/wp-content\/uploads\/2022\/08\/Resim6-300x205.png\" class=\"attachment-medium size-medium\" alt=\"\" loading=\"lazy\" srcset=\"https:\/\/laserisse.com\/wp-content\/uploads\/2022\/08\/Resim6-300x205.png 300w, https:\/\/laserisse.com\/wp-content\/uploads\/2022\/08\/Resim6.png 520w\" sizes=\"auto, (max-width: 300px) 100vw, 300px\" title=\"Laser Isse\"><\/div><\/div><div class=\"wpb_text_column\"><div class=\"wpb_wrapper\"><p style=\"text-align: center;\"><strong>Bo\u015faltma &amp;<br \/>\n\u0130stifleme<br \/>\n\u0130stasyonu<\/strong><\/p>\n<\/div><\/div><\/div><\/div><\/div><\/div><\/div><\/div><\/div><\/div><\/div><\/section><section class=\"l-section wpb_row height_custom\" id=\"overview\"><div class=\"l-section-h i-cf\"><div class=\"g-cols vc_row via_flex valign_top type_default stacking_default\"><div class=\"vc_col-sm-12 wpb_column vc_column_container\"><div class=\"vc_column-inner\"><div class=\"wpb_wrapper\"><div class=\"wpb_text_column\"><div class=\"wpb_wrapper\"><h3 style=\"text-align: left;\"><strong>Rulolu Kesim Hatt\u0131 Genel Bak\u0131\u015f<\/strong><\/h3>\n<\/div><\/div><div class=\"w-image align_none\"><div class=\"w-image-h\"><img decoding=\"async\" width=\"1920\" height=\"1080\" src=\"https:\/\/laserisse.com\/wp-content\/uploads\/2022\/10\/coil-fed-blanking-overview-tr.png\" class=\"attachment-full size-full\" alt=\"\" loading=\"lazy\" srcset=\"https:\/\/laserisse.com\/wp-content\/uploads\/2022\/10\/coil-fed-blanking-overview-tr.png 1920w, https:\/\/laserisse.com\/wp-content\/uploads\/2022\/10\/coil-fed-blanking-overview-tr-300x169.png 300w, https:\/\/laserisse.com\/wp-content\/uploads\/2022\/10\/coil-fed-blanking-overview-tr-1024x576.png 1024w, https:\/\/laserisse.com\/wp-content\/uploads\/2022\/10\/coil-fed-blanking-overview-tr-1536x864.png 1536w\" sizes=\"auto, (max-width: 1920px) 100vw, 1920px\" title=\"Laser Isse\"><\/div><\/div><\/div><\/div><\/div><\/div><\/div><\/section><section class=\"l-section wpb_row height_small\" id=\"video\"><div class=\"l-section-h i-cf\"><div class=\"g-cols vc_row via_flex valign_top type_default stacking_default\"><div class=\"vc_col-sm-12 wpb_column vc_column_container\"><div class=\"vc_column-inner\"><div class=\"wpb_wrapper\"><div class=\"wpb_text_column\"><div class=\"wpb_wrapper\"><h2 style=\"color: #ed1b2f; text-align: center;\"><strong>Uygulama Videolar\u0131<\/strong><\/h2>\n<\/div><\/div><div class=\"w-separator size_medium\"><\/div><div class=\"g-cols wpb_row via_flex valign_top type_default stacking_default\"><div class=\"vc_col-sm-6 wpb_column vc_column_container\"><div class=\"vc_column-inner\"><div class=\"wpb_wrapper\"><div class=\"wpb_text_column\"><div class=\"wpb_wrapper\"><div style=\"position: relative; padding-top: 56.25%;\"><iframe style=\"border: none; position: absolute; top: 0; left: 0; height: 100%; width: 100%;\" src=\"https:\/\/customer-mbxktl6mguo62w5b.cloudflarestream.com\/a3684568c92c3f070a751ff5cc6288df\/iframe?poster=https%3A%2F%2Fcustomer-mbxktl6mguo62w5b.cloudflarestream.com%2Fa3684568c92c3f070a751ff5cc6288df%2Fthumbnails%2Fthumbnail.jpg%3Ftime%3D%26height%3D600\" allowfullscreen=\"allowfullscreen\"><\/iframe><\/div>\n<\/div><\/div><\/div><\/div><\/div><div class=\"vc_col-sm-6 wpb_column vc_column_container\"><div class=\"vc_column-inner\"><div class=\"wpb_wrapper\"><div class=\"wpb_text_column\"><div class=\"wpb_wrapper\"><div style=\"position: relative; padding-top: 56.25%;\"><iframe style=\"border: none; position: absolute; top: 0; left: 0; height: 100%; width: 100%;\" src=\"https:\/\/customer-mbxktl6mguo62w5b.cloudflarestream.com\/8f9f4249863a96cdf2b261c93e6a2208\/iframe?poster=https%3A%2F%2Fcustomer-mbxktl6mguo62w5b.cloudflarestream.com%2F8f9f4249863a96cdf2b261c93e6a2208%2Fthumbnails%2Fthumbnail.jpg%3Ftime%3D%26height%3D600\" allowfullscreen=\"allowfullscreen\"><\/iframe><\/div>\n<\/div><\/div><\/div><\/div><\/div><\/div><\/div><\/div><\/div><\/div><\/div><\/section><section class=\"l-section wpb_row height_huge color_secondary with_img parallax_ver\"><div class=\"l-section-img\" role=\"img\" data-img-width=\"1920\" data-img-height=\"750\" style=\"background-image: url(https:\/\/laserisse.com\/wp-content\/uploads\/2020\/04\/laserisse-trusted-global-clients.jpg);background-repeat: no-repeat;\"><\/div><div class=\"l-section-overlay\" style=\"background:rgba(43,44,54,0.83)\"><\/div><div class=\"l-section-h i-cf\"><div class=\"g-cols vc_row via_flex valign_top type_default stacking_default\"><div class=\"vc_col-sm-12 wpb_column vc_column_container\"><div class=\"vc_column-inner\"><div class=\"wpb_wrapper\"><div class=\"wpb_text_column\"><div class=\"wpb_wrapper\"><h5 style=\"text-align: center;\"><\/h5>\n<h5 style=\"text-align: center;\"><strong><span class=\"theme_color\" style=\"color: #e40521;\">20+ <\/span><\/strong>Y\u0131l Lazer Deneyimi \u2022 <span class=\"theme_color\" style=\"color: #e40521;\">18.000+<\/span> SqM \u00c7al\u0131\u015fma Alan\u0131 \u2022 <span class=\"theme_color\" style=\"color: #e40521;\">4 <\/span>Tesis \u2022 <span class=\"theme_color\" style=\"color: #e40521;\">150+ <\/span> \u00c7al\u0131\u015fan \u2022 <span class=\"theme_color\" style=\"color: #e40521;\">150+ <\/span> Farkl\u0131 Lazer Uygulamas\u0131 \u2022 <span class=\"theme_color\" style=\"color: #e40521;\">1700+ <\/span> Kurulmu\u015f Lazer Sistemi \u2022 <span class=\"theme_color\" style=\"color: #e40521;\">56 <\/span> \u00dclkeye \u0130hracat<\/h5>\n<p style=\"text-align: center;\">M\u00fc\u015fterilerimizin g\u00fcveniyle daha iyi yar\u0131nlar\u0131 in\u015fa etmek i\u00e7in, lazer teknolojisinde en son teknolojileri kullanan m\u00fckemmel \u00fcr\u00fcnleri \u00fcretiyoruz.<\/p>\n<\/div><\/div><\/div><\/div><\/div><\/div><\/div><\/section>\n","protected":false},"excerpt":{"rendered":"LAZER KES\u0130M \u00d6ZELLE\u015eT\u0130R\u0130LM\u0130\u015e \u00dcRET\u0130M HATTI \u00d6zelle\u015fti\u0307ri\u0307lmi\u0307\u015f Lazer Kesi\u0307m \u00dcreti\u0307m Hatt\u0131\u00dcnitelerGenel Bak\u0131\u015fVideolarLaser Blanking Custom Made Production LineUnitsOverviewApplication Videos Tek Hat \u0130ki Metot Rulolu Makas Kesim &amp; Lazer Kesim Hatt\u0131 Blanking hatt\u0131m\u0131z, anahtar teslimi \u00e7\u00f6z\u00fcmlerimizle t\u00fcm \u00f6zel kesim saclar\u0131n\u0131z\u0131 do\u011frudan bobinden keser, t\u00fcm kesilmi\u015f par\u00e7alar\u0131n s\u00fcr\u00fclmesi, do\u011frultulmas\u0131, kesilmesi ve kesilen par\u00e7alar\u0131n istiflenmesi i\u00e7in otomasyondan yararlan\u0131r. U\u00e7ar Makas...","protected":false},"author":743,"featured_media":0,"parent":0,"menu_order":1,"comment_status":"closed","ping_status":"closed","template":"","meta":{"inline_featured_image":false,"footnotes":""},"class_list":["post-14078","page","type-page","status-publish","hentry"],"_links":{"self":[{"href":"https:\/\/laserisse.com\/tr\/wp-json\/wp\/v2\/pages\/14078","targetHints":{"allow":["GET"]}}],"collection":[{"href":"https:\/\/laserisse.com\/tr\/wp-json\/wp\/v2\/pages"}],"about":[{"href":"https:\/\/laserisse.com\/tr\/wp-json\/wp\/v2\/types\/page"}],"author":[{"embeddable":true,"href":"https:\/\/laserisse.com\/tr\/wp-json\/wp\/v2\/users\/743"}],"replies":[{"embeddable":true,"href":"https:\/\/laserisse.com\/tr\/wp-json\/wp\/v2\/comments?post=14078"}],"version-history":[{"count":0,"href":"https:\/\/laserisse.com\/tr\/wp-json\/wp\/v2\/pages\/14078\/revisions"}],"wp:attachment":[{"href":"https:\/\/laserisse.com\/tr\/wp-json\/wp\/v2\/media?parent=14078"}],"curies":[{"name":"wp","href":"https:\/\/api.w.org\/{rel}","templated":true}]}}