{"id":27760,"date":"2024-11-05T15:52:26","date_gmt":"2024-11-05T12:52:26","guid":{"rendered":"https:\/\/laserisse.com\/tire-mold-cleaning\/"},"modified":"2024-12-06T15:56:15","modified_gmt":"2024-12-06T12:56:15","slug":"reinigen-einer-reifengussform","status":"publish","type":"page","link":"https:\/\/laserisse.com\/de\/reinigen-einer-reifengussform\/","title":{"rendered":"Reinigen einer Reifengussform"},"content":{"rendered":"<section class=\"l-section wpb_row height_custom color_primary with_img parallax_hor bgwidth_120\"><div class=\"l-section-img\" role=\"img\" data-img-width=\"1920\" data-img-height=\"1080\" style=\"background-image: url(https:\/\/laserisse.com\/wp-content\/uploads\/2024\/11\/tire-mold-cleaning.jpg);\"><\/div><div class=\"l-section-overlay\" style=\"background:rgba(2,2,2,0.47)\"><\/div><div class=\"l-section-h i-cf\"><div class=\"g-cols vc_row via_flex valign_top type_default stacking_default\"><div class=\"vc_col-sm-12 wpb_column vc_column_container\"><div class=\"vc_column-inner\"><div class=\"wpb_wrapper\"><div class=\"w-separator size_medium\"><\/div><div class=\"wpb_text_column\"><div class=\"wpb_wrapper\"><h1 style=\"text-align: center;\">Reinigen einer Reifengussform<\/h1>\n<\/div><\/div><div class=\"w-separator size_medium\"><\/div><\/div><\/div><\/div><\/div><\/div><\/section><section class=\"l-section wpb_row height_custom\"><div class=\"l-section-h i-cf\"><div class=\"g-cols vc_row via_flex valign_top type_default stacking_default\"><div class=\"vc_col-sm-6 wpb_column vc_column_container\"><div class=\"vc_column-inner\"><div class=\"wpb_wrapper\"><div class=\"wpb_text_column\"><div class=\"wpb_wrapper\"><p><strong>Reinigen einer Reifengussform mit Laser<\/strong> ist ein hochmodernes, ber\u00fchrungsloses Verfahren, das pr\u00e4zise Lasertechnologie nutzt, um Verunreinigungen und R\u00fcckst\u00e4nde von Reifengussformen zu entfernen, ohne deren komplexe Oberfl\u00e4chen zu besch\u00e4digen.<\/p>\n<p>Im Gegensatz zu abrasiven Methoden wie Sandstrahlen oder Trockeneisreinigung bietet die Laserreinigung eine nicht-abrasive L\u00f6sung, die eine perfekte Reinigung komplexer Lauffl\u00e4chenmuster und empfindlicher Seitenw\u00e4nde erm\u00f6glicht.<\/p>\n<p>Dieser fortschrittliche Prozess verwendet automatisierte Lasersysteme, die jedes Segment der Form scannen und reinigen, selbst tief sitzende Verunreinigungen entfernen und gleichzeitig Abfall minimieren, den CO\u2082-Fu\u00dfabdruck verringern und Betriebskosten senken. Die Laserreinigung verbessert nicht nur die Reifenqualit\u00e4t, sondern unterst\u00fctzt auch Nachhaltigkeit und Sicherheit in der Automobilindustrie.<\/p>\n<\/div><\/div><\/div><\/div><\/div><div class=\"vc_col-sm-6 wpb_column vc_column_container\"><div class=\"vc_column-inner\"><div class=\"wpb_wrapper\"><div class=\"wpb_text_column\"><div class=\"wpb_wrapper\"><div style=\"position: relative; padding-top: 56.25%;\"><iframe style=\"border: none; position: absolute; top: 0; left: 0; height: 100%; width: 100%;\" src=\"https:\/\/customer-mbxktl6mguo62w5b.cloudflarestream.com\/1b9a65e6efc0bc40ebcbc1a874973add\/iframe?poster=https%3A%2F%2Fcustomer-mbxktl6mguo62w5b.cloudflarestream.com%2F1b9a65e6efc0bc40ebcbc1a874973add%2Fthumbnails%2Fthumbnail.jpg%3Ftime%3D%26height%3D600\" allowfullscreen=\"allowfullscreen\"><\/iframe><\/div>\n<\/div><\/div><\/div><\/div><\/div><\/div><\/div><\/section><section class=\"l-section wpb_row height_custom\"><div class=\"l-section-h i-cf\"><div class=\"g-cols vc_row via_flex valign_middle type_default stacking_default\"><div class=\"vc_col-sm-6 wpb_column vc_column_container\"><div class=\"vc_column-inner\"><div class=\"wpb_wrapper\"><div class=\"w-image align_center\"><div class=\"w-image-h\"><img decoding=\"async\" width=\"768\" height=\"432\" src=\"https:\/\/laserisse.com\/wp-content\/uploads\/2024\/11\/tire-mold-cleaning-2-1.gif\" class=\"attachment-full size-full\" alt=\"\" loading=\"lazy\" title=\"Laser Isse\"><\/div><\/div><\/div><\/div><\/div><div class=\"vc_col-sm-6 wpb_column vc_column_container\"><div class=\"vc_column-inner\"><div class=\"wpb_wrapper\"><div class=\"wpb_text_column\"><div class=\"wpb_wrapper\"><p><strong>Reifengussformen in der Automobilindustrie<\/strong><\/p>\n<p>Moderne Reifen werden mit verschiedenen Techniken hergestellt, die aus Dutzenden von Einzelteilen bestehen. Die endg\u00fcltige Form des Reifens wird durch Formgebung und Vulkanisation in speziellen Gussformen erreicht.<\/p>\n<p>Die Reinigung der Gussformen ist ein entscheidender Bestandteil der Reifenproduktion, da die Oberfl\u00e4chenqualit\u00e4t der Formen einen erheblichen Einfluss auf die Reifenqualit\u00e4t hat.<\/p>\n<p>Reifengussformen sind \u00e4u\u00dferst komplex und m\u00fcssen mit \u00e4u\u00dferst engen Toleranzen gefertigt werden.<\/p>\n<p>Eine Form besteht aus zwei Hauptteilen:<\/p>\n<ul>\n<li><strong>Lauffl\u00e4che (Tread):<\/strong> Der Teil des Reifens, der mit der Stra\u00dfe in Kontakt steht. Ihre Oberfl\u00e4che ist entsprechend geformt und kann graviert werden, um die Stra\u00dfenhaftung und Wasserabf\u00fchrung zu verbessern.<\/li>\n<li><strong>Seitenwand (Sidewall):<\/strong> Sie tr\u00e4gt den Gro\u00dfteil des Fahrzeuggewichts.<\/li>\n<\/ul>\n<\/div><\/div><\/div><\/div><\/div><\/div><\/div><\/section><section class=\"l-section wpb_row height_custom\"><div class=\"l-section-h i-cf\"><div class=\"g-cols vc_row via_flex valign_middle type_default stacking_default\"><div class=\"vc_col-sm-6 wpb_column vc_column_container\"><div class=\"vc_column-inner\"><div class=\"wpb_wrapper\"><div class=\"wpb_text_column\"><div class=\"wpb_wrapper\"><p><strong>Reifenoptik \u2013 Qualit\u00e4t sichtbar machen<\/strong><\/p>\n<p>In den letzten Jahren, mit der Entwicklung neuer Energiefahrzeuge, steigen auch die Anforderungen an die Leistung und Qualit\u00e4t von Reifen auf dem Verbrauchermarkt.<\/p>\n<p>Die st\u00e4ndig fortschreitende Aktualisierung des Reifendesigns hat zu komplexen Mustern mit zahlreichen Radien und Winkeln sowie minimalen Formtexturabst\u00e4nden gef\u00fchrt, was die Reinigung der Formen erheblich erschwert.<\/p>\n<p>Um die Qualit\u00e4t nachhaltig zu gew\u00e4hrleisten, m\u00fcssen Reifengussformen regelm\u00e4\u00dfig gereinigt werden, um Verunreinigungen und R\u00fcckst\u00e4nde von Trennmitteln zu entfernen.<\/p>\n<\/div><\/div><\/div><\/div><\/div><div class=\"vc_col-sm-6 wpb_column vc_column_container\"><div class=\"vc_column-inner\"><div class=\"wpb_wrapper\"><div class=\"w-image align_center\"><div class=\"w-image-h\"><img decoding=\"async\" width=\"768\" height=\"432\" src=\"https:\/\/laserisse.com\/wp-content\/uploads\/2024\/11\/tire-mold-cleaning-1.gif\" class=\"attachment-full size-full\" alt=\"\" loading=\"lazy\" title=\"Laser Isse\"><\/div><\/div><\/div><\/div><\/div><\/div><\/div><\/section><section class=\"l-section wpb_row height_custom\"><div class=\"l-section-h i-cf\"><div class=\"g-cols vc_row via_flex valign_middle type_default stacking_default\"><div class=\"vc_col-sm-6 wpb_column vc_column_container\"><div class=\"vc_column-inner\"><div class=\"wpb_wrapper\"><div class=\"w-image align_center\"><div class=\"w-image-h\"><img decoding=\"async\" width=\"768\" height=\"432\" src=\"https:\/\/laserisse.com\/wp-content\/uploads\/2024\/11\/tire-mold-cleaning-3.gif\" class=\"attachment-full size-full\" alt=\"\" loading=\"lazy\" title=\"Laser Isse\"><\/div><\/div><\/div><\/div><\/div><div class=\"vc_col-sm-6 wpb_column vc_column_container\"><div class=\"vc_column-inner\"><div class=\"wpb_wrapper\"><div class=\"wpb_text_column\"><div class=\"wpb_wrapper\"><p><strong>Vergleich der Reinigungsmethoden f\u00fcr Reifengussformen<\/strong><\/p>\n<p>Moderne Reifengussformen k\u00f6nnen nicht mehr mit Strahlverfahren wie Sandstrahlen oder Trockeneisreinigung gereinigt werden, da diese erhebliche Nachteile aufweisen. Sand und andere Strahlmittel verstopfen die Federentl\u00fcftungen, und der abrasive Reinigungsmechanismus solcher Verfahren f\u00fchrt zu einem Verschlei\u00df der Form.<\/p>\n<p>Das Sandstrahlen kann die Oberfl\u00e4che der Formh\u00f6hle leicht besch\u00e4digen, die Lebensdauer der Form verk\u00fcrzen, wiederholtes Zerlegen erforderlich machen, die Genauigkeit der Formbearbeitung beeintr\u00e4chtigen, die Federentl\u00fcftungen verstopfen und viel Zeit beanspruchen.<\/p>\n<p>Obwohl die Trockeneisreinigung sehr effizient ist, werden tiefe Rillenmuster nicht gr\u00fcndlich gereinigt, was zu Staub- und L\u00e4rmbelastung sowie einem hohen Energieverbrauch f\u00fchrt, insbesondere wenn ein Vorheizen der Form erforderlich ist.<\/p>\n<\/div><\/div><\/div><\/div><\/div><\/div><\/div><\/section><section class=\"l-section wpb_row height_custom\"><div class=\"l-section-h i-cf\"><div class=\"g-cols vc_row via_flex valign_middle type_default stacking_default\"><div class=\"vc_col-sm-6 wpb_column vc_column_container\"><div class=\"vc_column-inner\"><div class=\"wpb_wrapper\"><div class=\"wpb_text_column\"><div class=\"wpb_wrapper\"><p><strong>Twin Station \u2013 Laser-Reinigungszelle f\u00fcr Reifengussformen<\/strong><\/p>\n<p>Die <strong>Laserreinigungszelle von Laser ISSE<\/strong> ist eine hochmoderne L\u00f6sung zur effizienten und gr\u00fcndlichen Reinigung von Reifengussformen.<\/p>\n<p>Das Lasersystem reinigt Formen pr\u00e4zise und ohne abrasive Mittel, was die Oberfl\u00e4chenintegrit\u00e4t bewahrt und die Lebensdauer der Formen verl\u00e4ngert. Die Twin-Station-Architektur erm\u00f6glicht den Wechsel zwischen zwei Arbeitsstationen, wodurch die Reinigungseffizienz maximiert und Ausfallzeiten minimiert werden.<\/p>\n<p>Zus\u00e4tzlich bieten die integrierten Qualit\u00e4tssicherungssysteme von Laser ISSE eine Echtzeit\u00fcberwachung des Prozesses, um h\u00f6chste Reinigungsstandards zu gew\u00e4hrleisten. Die M\u00f6glichkeit, jede Form laserbasiert zu markieren, erleichtert die R\u00fcckverfolgbarkeit, sodass jede Form \u00fcber den gesamten Lebenszyklus hinweg \u00fcberwacht werden kann \u2013 von der Reinigung bis zur weiteren Nutzung.<\/p>\n<p>Dies verbessert nicht nur die Zuverl\u00e4ssigkeit der Reifengussformen, sondern steigert auch die Kundenzufriedenheit durch konsequent hohe Qualit\u00e4t.<\/p>\n<\/div><\/div><\/div><\/div><\/div><div class=\"vc_col-sm-6 wpb_column vc_column_container\"><div class=\"vc_column-inner\"><div class=\"wpb_wrapper\"><div class=\"w-image align_center\"><div class=\"w-image-h\"><img decoding=\"async\" width=\"1894\" height=\"1064\" src=\"https:\/\/laserisse.com\/wp-content\/uploads\/2024\/11\/twin-station-tire-mold-cleaning-cell-laser-isse-1.png\" class=\"attachment-full size-full\" alt=\"\" loading=\"lazy\" srcset=\"https:\/\/laserisse.com\/wp-content\/uploads\/2024\/11\/twin-station-tire-mold-cleaning-cell-laser-isse-1.png 1894w, https:\/\/laserisse.com\/wp-content\/uploads\/2024\/11\/twin-station-tire-mold-cleaning-cell-laser-isse-1-300x169.png 300w, https:\/\/laserisse.com\/wp-content\/uploads\/2024\/11\/twin-station-tire-mold-cleaning-cell-laser-isse-1-1024x575.png 1024w, https:\/\/laserisse.com\/wp-content\/uploads\/2024\/11\/twin-station-tire-mold-cleaning-cell-laser-isse-1-1536x863.png 1536w\" sizes=\"auto, (max-width: 1894px) 100vw, 1894px\" title=\"Laser Isse\"><\/div><\/div><\/div><\/div><\/div><\/div><\/div><\/section><section class=\"l-section wpb_row height_custom\"><div class=\"l-section-h i-cf\"><div class=\"g-cols vc_row via_flex valign_middle type_default stacking_default\"><div class=\"vc_col-sm-12 wpb_column vc_column_container\"><div class=\"vc_column-inner\"><div class=\"wpb_wrapper\"><div class=\"wpb_text_column\"><div class=\"wpb_wrapper\"><h3><strong>Haupttechnische Spezifikationen<\/strong><\/h3>\n<div class=\"group\/conversation-turn relative flex w-full min-w-0 flex-col agent-turn\">\n<div class=\"flex-col gap-1 md:gap-3\">\n<div class=\"flex max-w-full flex-col flex-grow\">\n<div class=\"min-h-8 text-message flex w-full flex-col items-end gap-2 whitespace-normal break-words text-start &#091;.text-message+&amp;&#093;:mt-5\" dir=\"auto\" data-message-author-role=\"assistant\" data-message-id=\"0b475069-9566-441c-96d3-6ee3381467c9\" data-message-model-slug=\"gpt-4o\">\n<div class=\"flex w-full flex-col gap-1 empty:hidden first:pt-&#091;3px&#093;\">\n<div class=\"markdown prose w-full break-words dark:prose-invert light\">\n<p>Die Twin-Station-Laserreinigungszelle von Laser ISSE bietet folgende Hauptmerkmale:<\/p>\n<ul>\n<li><strong>Automatisierte Be- und Entladevorrichtungen mit Vorrichtungen:<\/strong> Gew\u00e4hrleisten einen effizienten und nahtlosen Betrieb.<\/li>\n<li><strong>2D- und 3D-Scan-Kopf:<\/strong> Erm\u00f6glicht pr\u00e4zises Scannen und Reinigen komplexer Formen.<\/li>\n<li><strong>6-Achsen-Roboter:<\/strong> Bietet Flexibilit\u00e4t und Genauigkeit bei der Reinigung.<\/li>\n<li><strong>Staubabscheider:<\/strong> Sorgt f\u00fcr eine saubere Arbeitsumgebung durch effektive Entfernung von Partikeln.<\/li>\n<li><strong>Angepasste HMI (Human Machine Interface):<\/strong> Benutzerfreundliche Schnittstelle f\u00fcr einfache Bedienung und \u00dcberwachung.<\/li>\n<li><strong>Industrie 4.0 \/ R\u00fcckverfolgbarkeit \/ MES-Integration:<\/strong> Unterst\u00fctzt moderne Fertigungsstandards und erm\u00f6glicht eine nahtlose Integration in bestehende Systeme.<\/li>\n<li><strong>Laser-Sicherheitsklasse 1:<\/strong> Gew\u00e4hrleistet h\u00f6chste Sicherheit f\u00fcr Bediener und Umgebung.<\/li>\n<\/ul>\n<p>Diese Spezifikationen unterstreichen die fortschrittliche Technologie und die Benutzerfreundlichkeit der Laserreinigungszelle von Laser ISSE.<\/p>\n<\/div>\n<\/div>\n<\/div>\n<\/div>\n<\/div>\n<\/div>\n<\/div><\/div><div class=\"w-separator size_small\"><\/div><div class=\"g-cols wpb_row via_flex valign_top type_default stacking_default\"><div class=\"vc_col-sm-6 wpb_column vc_column_container\"><div class=\"vc_column-inner\"><div class=\"wpb_wrapper\"><div class=\"wpb_text_column\"><div class=\"wpb_wrapper\"><p><strong>Automatisiertes Be- und Entladen<\/strong><\/p>\n<p>Effizientes System zur Reduzierung von Zykluszeiten und Maximierung der Produktivit\u00e4t.<\/p>\n<p><strong>Positionierer mit Vorrichtungen<\/strong><\/p>\n<p>Pr\u00e4zise Positionierung und stabile Fixierung der Reifengussformen f\u00fcr eine konsistente Reinigung.<\/p>\n<p><strong>2D- und 3D-Scankopf<\/strong><\/p>\n<p>Hochpr\u00e4zise Erkennung und Abtastung komplexer Geometrien f\u00fcr eine optimale Reinigung.<\/p>\n<p><strong>6-DOF-Roboter (6 Freiheitsgrade)<\/strong><\/p>\n<p>Flexibler und pr\u00e4ziser Bewegungsablauf, ideal f\u00fcr die Bearbeitung komplexer Formen und schwer zug\u00e4nglicher Bereiche.<\/p>\n<\/div><\/div><\/div><\/div><\/div><div class=\"vc_col-sm-6 wpb_column vc_column_container\"><div class=\"vc_column-inner\"><div class=\"wpb_wrapper\"><div class=\"wpb_text_column\"><div class=\"wpb_wrapper\"><p><strong>Staubabscheider<\/strong><\/p>\n<p>Effektive Entfernung von Partikeln und Verunreinigungen w\u00e4hrend des Reinigungsprozesses, sorgt f\u00fcr eine saubere und sichere Arbeitsumgebung.<\/p>\n<p><strong>Angepasste HMI (Human Machine Interface)<\/strong><\/p>\n<p>Benutzerfreundliche, individuell anpassbare Steuerungsschnittstelle f\u00fcr einfache Bedienung, Prozess\u00fcberwachung und schnelle Anpassungen.<\/p>\n<p><strong>Industrie 4.0 \/ R\u00fcckverfolgbarkeit \/ MES-Integration<\/strong><\/p>\n<p>Unterst\u00fctzung moderner Fertigungsstandards mit nahtloser Integration in Manufacturing Execution Systems (MES), um R\u00fcckverfolgbarkeit und Prozessoptimierung zu gew\u00e4hrleisten.<\/p>\n<p><strong>Laser-Sicherheitsklasse 1-Zelle<\/strong><\/p>\n<p>H\u00f6chste Sicherheitsstandards f\u00fcr Bediener und Umgebung, vollst\u00e4ndig geschlossenes und sicheres Lasersystem.<\/p>\n<\/div><\/div><\/div><\/div><\/div><\/div><\/div><\/div><\/div><\/div><\/div><\/section>\n","protected":false},"excerpt":{"rendered":"Reinigen einer Reifengussform Reinigen einer Reifengussform mit Laser ist ein hochmodernes, ber\u00fchrungsloses Verfahren, das pr\u00e4zise Lasertechnologie nutzt, um Verunreinigungen und R\u00fcckst\u00e4nde von Reifengussformen zu entfernen, ohne deren komplexe Oberfl\u00e4chen zu besch\u00e4digen. Im Gegensatz zu abrasiven Methoden wie Sandstrahlen oder Trockeneisreinigung bietet die Laserreinigung eine nicht-abrasive L\u00f6sung, die eine perfekte Reinigung komplexer Lauffl\u00e4chenmuster und empfindlicher Seitenw\u00e4nde...","protected":false},"author":743,"featured_media":0,"parent":0,"menu_order":0,"comment_status":"closed","ping_status":"closed","template":"","meta":{"inline_featured_image":false,"footnotes":""},"class_list":["post-27760","page","type-page","status-publish","hentry"],"_links":{"self":[{"href":"https:\/\/laserisse.com\/de\/wp-json\/wp\/v2\/pages\/27760","targetHints":{"allow":["GET"]}}],"collection":[{"href":"https:\/\/laserisse.com\/de\/wp-json\/wp\/v2\/pages"}],"about":[{"href":"https:\/\/laserisse.com\/de\/wp-json\/wp\/v2\/types\/page"}],"author":[{"embeddable":true,"href":"https:\/\/laserisse.com\/de\/wp-json\/wp\/v2\/users\/743"}],"replies":[{"embeddable":true,"href":"https:\/\/laserisse.com\/de\/wp-json\/wp\/v2\/comments?post=27760"}],"version-history":[{"count":3,"href":"https:\/\/laserisse.com\/de\/wp-json\/wp\/v2\/pages\/27760\/revisions"}],"predecessor-version":[{"id":27763,"href":"https:\/\/laserisse.com\/de\/wp-json\/wp\/v2\/pages\/27760\/revisions\/27763"}],"wp:attachment":[{"href":"https:\/\/laserisse.com\/de\/wp-json\/wp\/v2\/media?parent=27760"}],"curies":[{"name":"wp","href":"https:\/\/api.w.org\/{rel}","templated":true}]}}