{"id":27239,"date":"2022-01-26T16:49:16","date_gmt":"2022-01-26T13:49:16","guid":{"rendered":"https:\/\/laserisse.com\/cookie-policy\/"},"modified":"2024-09-26T15:19:53","modified_gmt":"2024-09-26T12:19:53","slug":"cookie-richtlinie","status":"publish","type":"page","link":"https:\/\/laserisse.com\/de\/cookie-richtlinie\/","title":{"rendered":"Cookie-Richtlinie"},"content":{"rendered":"<section class=\"l-section wpb_row us_custom_6df4bc3a has_text_color height_huge width_full color_alternate\"><div class=\"l-section-overlay\" style=\"background:rgba(34,35,41,0.30)\"><\/div><div class=\"l-section-h i-cf\"><div class=\"g-cols vc_row via_flex valign_middle type_default stacking_default\"><div class=\"vc_col-sm-12 wpb_column vc_column_container\"><div class=\"vc_column-inner\"><div class=\"wpb_wrapper\"><div class=\"wpb_text_column us_custom_6df4bc3a has_text_color\"><div class=\"wpb_wrapper\"><h2 style=\"text-align: center; color: white;\">Cookie-Richtlinie<\/h2>\n<\/div><\/div><\/div><\/div><\/div><\/div><\/div><\/section><section class=\"l-section wpb_row height_custom\"><div class=\"l-section-h i-cf\"><div class=\"g-cols vc_row via_flex valign_top type_default stacking_default\"><div class=\"vc_col-sm-12 wpb_column vc_column_container\"><div class=\"vc_column-inner\"><div class=\"wpb_wrapper\"><div class=\"wpb_text_column\"><div class=\"wpb_wrapper\"><p>Die Website mit dem Domainnamen \u201ehttps:\/\/laserisse.com\u201c (\u201eWebsite\u201c), Istanbul Trakya Free Zone, Ferhatpa\u015fa SB. Mah., Ali Riza Efendi Cad. No: 26\/2B1 \u00c7atalca\/\u0130stanbul\/T\u00fcrkei \u201eLaserisse Laser Technologies Se\u00e7kin Birzat ve Selahattin Burak \u00c7elikkaya Kollektif \u015eti.\u201c (im Folgenden kurz \u201eLaserisse Laser Technologies\u201c genannt) ist als Inhaber der Datenverarbeitung f\u00fcr die Festlegung der Zwecke und Mittel der Verarbeitung personenbezogener Daten, die Einrichtung und Verwaltung des Datenerfassungssystems verantwortlich.<\/p>\n<p>In \u00dcbereinstimmung mit dem Gesetz \u00fcber den Schutz personenbezogener Daten Nr. 6698 (\u201eGesetz\u201c), Artikel 3 des Gesetzes mit dem Titel \u201eDefinitionen\u201c, einschlie\u00dflich, aber nicht beschr\u00e4nkt auf die Sammlung, Speicherung, \u00dcbertragung Ihrer personenbezogenen Daten, die in Verbindung mit Ihrer Nutzung der Website erhalten wurden. Wir m\u00f6chten Sie \u00fcber die Verarbeitung[1] und die Verfahren und Grunds\u00e4tze einer solchen Verarbeitung informieren.<\/p>\n<ol>\n<li><strong>Zu welchem Zweck werden die personenbezogenen Daten verarbeitet:<\/strong><\/li>\n<\/ol>\n<p>Gem\u00e4\u00df Artikel 3 des Gesetzes mit dem Titel \u201eDefinitionen\u201c sind personenbezogene Daten \u201ealle Informationen, die sich auf eine identifizierte oder identifizierbare nat\u00fcrliche Person beziehen\u201c. Diese Daten umfassen Ihren Namen, Adresse, E-Mail-Adresse oder Telefonnummer, etc. Dar\u00fcber hinaus k\u00f6nnen Informationen\/Daten, die durch die Verwendung von Cookies gesammelt werden, die es nicht direkt erm\u00f6glichen, Sie zu identifizieren (z.B. wie Sie die Website nutzen, welche Teile der Website Sie besucht haben), wenn diese auf einer dem Nutzer\/Besucher zugewiesenen Identit\u00e4t beruhen und daher individuell gesammelt, gespeichert und, falls ausgewertet, als personenbezogene Daten qualifiziert werden k\u00f6nnen.<\/p>\n<p>Wir verarbeiten die personenbezogenen Daten von Internetnutzern und Besuchern der Website, um die Nutzung der Website durch Cookies zu erleichtern und die Website an die Interessen und Bed\u00fcrfnisse der Nutzer und Besucher anzupassen. Wir verarbeiten auch anonyme und aggregierte statistische Daten, die es uns erm\u00f6glichen zu verstehen, wie die Nutzer und Besucher der Website die Website nutzen, und die uns helfen, die Strukturen und Inhalte der Website zu verbessern. Bei diesen Daten handelt es sich nicht um Informationen, mit denen wir Sie identifizieren k\u00f6nnen.<\/p>\n<ol>\n<li><strong>An wen und zu welchem Zweck d\u00fcrfen personenbezogene Daten weitergegeben werden:<\/strong><\/li>\n<\/ol>\n<p>Ihre gesammelten pers\u00f6nlichen Daten k\u00f6nnen auf Anfrage der gesetzlich befugten Beh\u00f6rden an diese Beh\u00f6rden weitergegeben werden, soweit dies erforderlich ist, um unsere gesetzlichen Verpflichtungen als Laserisse Laser Technologies gem\u00e4\u00df Artikel 8 und 9 des Gesetzes zu erf\u00fcllen.<\/p>\n<ol>\n<li><strong>Methode und Rechtsgrund f\u00fcr die Erhebung personenbezogener Daten:<\/strong><\/li>\n<\/ol>\n<p>Pers\u00f6nliche Daten \u00fcber aktuelle und potenzielle Internetnutzer und Besucher k\u00f6nnen von Laserisse Laser Technologies durch die Platzierung von Cookies auf der Website gesammelt werden, vorausgesetzt, dass Laserisse Laser Technologies seine Aktivit\u00e4ten durchf\u00fchren und die Produkte anbieten kann, die Gegenstand seiner T\u00e4tigkeit sind, und dass dies die Grundrechte und -freiheiten der Dateninhaber nicht beeintr\u00e4chtigt. Das berechtigte Interesse des Unternehmens wird auf der Grundlage des Rechtsgrundes erhoben.<\/p>\n<ul>\n<li style=\"list-style-type: none;\"><strong>Netzwerkserver-Datenprotokollierung<\/strong><\/li>\n<li style=\"list-style-type: none;\">Wenn Sie sich auf der Website einloggen, ist Ihr Webbrowser so eingestellt, dass er automatisch die folgenden Daten an unseren Internetserver \u00fcbermittelt und die folgenden Informationen\/Daten in den Datenprotokollen speichert.<\/li>\n<\/ul>\n<ul>\n<li>Entry date,<\/li>\n<li>Entry time,<\/li>\n<li>URL of the application website,<\/li>\n<li>Received files,<\/li>\n<li>The amount of data transmitted,<\/li>\n<li>Browser type and version,<\/li>\n<li>OS,<\/li>\n<li>IP,<\/li>\n<li>The domain name of your internet access provider.<\/li>\n<\/ul>\n<ul>\n<li style=\"list-style-type: none;\"><strong>Cookies<\/strong><\/li>\n<li style=\"list-style-type: none;\">Cookies sind kleine Textdateien, die vom Server der Webseite auf Ihrer Festplatte abgelegt werden. Auf diese Weise erhalten wir automatisch bestimmte Daten wie die IP-Adresse, den verwendeten Browser, das Betriebssystem auf Ihrem Computer und Ihre Internetverbindung.<\/li>\n<li style=\"list-style-type: none;\">\n<ul>\n<li>Es ist obligatorisch, die Schnittstelle und die Funktionen der Website wie gew\u00fcnscht zu nutzen.<\/li>\n<li>Sie erm\u00f6glicht es Ihnen, die Aktivit\u00e4ten bei Ihren zuk\u00fcnftigen Besuchen zu beschleunigen.<\/li>\n<li>Sie erm\u00f6glichen es uns zu verstehen, wie die Website von den Besuchern genutzt wird, und helfen uns, statistische Daten zu sammeln und die Inhalte entsprechend diesen Daten zu entwickeln.<\/li>\n<li>In keinem Fall werden Daten gesammelt, gespeichert und verarbeitet, die wir identifizieren k\u00f6nnen, und sie sind nicht als personenbezogene Daten zu betrachten.<\/li>\n<\/ul>\n<\/li>\n<\/ul>\n<table>\n<tbody>\n<tr>\n<td width=\"26\"><strong>\u00a0<\/strong><\/td>\n<td width=\"176\">\n<p><strong>\u00a0<\/strong><\/p>\n<p><strong>COOKIE-TYPE<\/strong><\/td>\n<td width=\"421\">\n<p><strong>\u00a0<\/strong><\/p>\n<p><strong>BEABSICHTIGTE VERWENDUNG VON COOKIES<\/strong><\/td>\n<\/tr>\n<tr>\n<td width=\"26\">\n<p><strong>\u00a0<\/strong><\/p>\n<p><strong>1.<\/strong><\/td>\n<td width=\"176\">\n<p><strong>\u00a0<\/strong><\/p>\n<p><strong>ERFORDERLICHE COOKIES<\/strong><\/td>\n<td width=\"421\">Diese Art von Cookies erm\u00f6glicht das ordnungsgem\u00e4\u00dfe Funktionieren der Website und die Nutzung aller auf der Website angebotenen Funktionen. Ein Beispiel hierf\u00fcr ist die Erinnerung an die vorherige Aktion, wenn Sie innerhalb derselben Sitzung zu einer Seite zur\u00fcckkehren. Diese Cookies identifizieren Sie nicht. Wenn Sie diese Cookies nicht akzeptieren, k\u00f6nnen Sie m\u00f6glicherweise nicht alle Funktionen der Website nutzen.<\/td>\n<\/tr>\n<tr>\n<td width=\"26\">\n<p><strong>\u00a0<\/strong><\/p>\n<p><strong>2.<\/strong><\/p>\n<p><strong>\u00a0<\/strong><\/td>\n<td width=\"176\">\n<p><strong>\u00a0<\/strong><\/p>\n<p><strong>PERFORMANCE-COOKIES<\/strong><\/td>\n<td width=\"421\">Solche Cookies sammeln Informationen dar\u00fcber, wie die Website genutzt wird, damit wir die Website verbessern k\u00f6nnen. So werden beispielsweise Daten\/Informationen dar\u00fcber gesammelt, welche Seiten Sie am h\u00e4ufigsten besuchen, wie viel Zeit Sie auf der Website verbringen und welche Fehlermeldungen Sie erhalten. Die von diesen Cookies gesammelten Daten\/Informationen werden anonymisiert aufgezeichnet. Es werden keine Informationen gespeichert, die Sie identifizieren k\u00f6nnten.<\/td>\n<\/tr>\n<tr>\n<td width=\"26\">\n<p><strong>\u00a0<\/strong><\/p>\n<p><strong>3.<\/strong><\/p>\n<p><strong>\u00a0<\/strong><\/td>\n<td width=\"176\">\n<p><strong>\u00a0<\/strong><\/p>\n<p><strong>FUNKTIONALE COOKIES<\/strong><\/td>\n<td width=\"421\">Diese Art von Cookies erm\u00f6glicht es uns, Ihnen eine pers\u00f6nlichere Erfahrung zu bieten. Sie erm\u00f6glichen es uns, Daten wie Ihren Benutzernamen und Ihre Sprachpr\u00e4ferenzen zu speichern, so dass Sie diese Informationen bei Ihren n\u00e4chsten Besuchen nicht erneut eingeben m\u00fcssen. Die Informationen, auf denen diese Cookies gespeichert sind, sind anonym. Wenn Sie solche Cookies nicht akzeptieren, k\u00f6nnen die Leistung und die Funktionalit\u00e4t der Website beeintr\u00e4chtigt sein und einige Inhalte der Website sind m\u00f6glicherweise nicht zug\u00e4nglich.<\/td>\n<\/tr>\n<tr>\n<td width=\"26\">\n<p><strong>\u00a0<\/strong><\/p>\n<p><strong>4.<\/strong><\/p>\n<p><strong>\u00a0<\/strong><\/td>\n<td width=\"176\">\n<p><strong>\u00a0<\/strong><\/p>\n<p><strong>TARGETING-\/WERBE-COOKIES<\/strong><\/td>\n<td width=\"421\">Diese Arten von Cookies werden verwendet, um Inhalte\/Produkte zu pr\u00e4sentieren, die Ihnen und Ihren Interessen entsprechen. So k\u00f6nnen wir beispielsweise Targeting- oder Werbe-Cookies verwenden, um die Ihnen auf der Website angebotenen Anzeigen und Inhalte zu personalisieren, die H\u00e4ufigkeit des Erscheinens derselben Anzeige auf der Website zu begrenzen und die Wirksamkeit unserer Werbekampagnen zu messen.<\/td>\n<\/tr>\n<\/tbody>\n<\/table>\n<ol>\n<li><strong>Cookie-Einstellungen verwalten<\/strong><\/li>\n<\/ol>\n<p>Damit Sie die Website so effizient wie m\u00f6glich nutzen k\u00f6nnen, empfehlen wir Ihnen, Cookies zu akzeptieren. Sie k\u00f6nnen die Website auch ohne Cookies betrachten. Internet-Browser sind so eingestellt, dass sie Cookies jederzeit akzeptieren. Sie k\u00f6nnen die Verwendung von Cookies jederzeit \u00fcber Ihre Browsereinstellungen unterbinden. Bitte nutzen Sie die Hilfefunktion Ihres Browsers, um zu erfahren, wie Sie die Einstellungen f\u00fcr die Verwaltung Ihrer Cookies \u00e4ndern k\u00f6nnen. Bitte beachten Sie, dass einige Funktionen unserer Website m\u00f6glicherweise nicht richtig funktionieren, wenn Sie die Verwendung von Cookies einstellen oder die Cookie-Einstellungen \u00e4ndern.<\/p>\n<ol>\n<li><strong>Rechte des Dateneigent\u00fcmers<\/strong><\/li>\n<\/ol>\n<p>Gem\u00e4\u00df Artikel 11 des Gesetzes mit dem Titel \u201eRechte der betroffenen Person\u201c; Als Inhaber der Daten, schriftlich oder durch andere vom Datenschutzausschuss[2] festgelegte Methoden, indem Sie sich an Laserisse Laser Technologies wenden, um zu erfahren, ob Ihre pers\u00f6nlichen Daten verarbeitet werden, um Informationen zu verlangen, wenn Ihre pers\u00f6nlichen Daten verarbeitet werden, wenn Ihre pers\u00f6nlichen Daten verarbeitet werden, den Zweck der Verarbeitung Ihrer pers\u00f6nlichen Daten und deren Zweck. zu erfahren, ob sie zweckentsprechend verwendet werden, die Dritten zu erfahren, an die Ihre personenbezogenen Daten weitergegeben werden, wenn Ihre personenbezogenen Daten an Dritte im In- oder Ausland weitergegeben werden, die Berichtigung Ihrer personenbezogenen Daten zu verlangen, wenn sie unvollst\u00e4ndig oder unrichtig verarbeitet sind, und die Dritten zu benachrichtigen, an die Ihre personenbezogenen Daten weitergegeben werden, und die L\u00f6schung oder Vernichtung Ihrer personenbezogenen Daten zu verlangen, wenn die Gr\u00fcnde f\u00fcr ihre Verarbeitung wegfallen, Sie haben das Recht, auch wenn die Verarbeitung gem\u00e4\u00df den Bestimmungen anderer einschl\u00e4giger Gesetze erfolgt ist, die Benachrichtigung Dritter zu verlangen, sich der Entstehung eines Ergebnisses gegen Sie zu widersetzen, indem die verarbeiteten Daten ausschlie\u00dflich durch automatisierte Systeme analysiert werden, und den Ersatz des Schadens zu verlangen, falls Ihnen durch die unrechtm\u00e4\u00dfige Verarbeitung Ihrer personenbezogenen Daten ein Schaden entsteht.<\/p>\n<p>Ihre Anfragen in Ihrem Antrag werden von Laserisse Laser Technologies so schnell wie m\u00f6glich, sp\u00e4testens jedoch innerhalb von drei\u00dfig Tagen, je nach Art der Anfrage, kostenlos bearbeitet. Sollte die Bearbeitung jedoch f\u00fcr Laserisse Laser Technologies mit gesonderten Kosten verbunden sein, kann die vom Datenschutzausschuss festgelegte Geb\u00fchr in Rechnung gestellt werden.[3]<\/p>\n<ol>\n<li><strong>Nutzung von Rechten, Anwendung und Kommunikation<\/strong><\/li>\n<\/ol>\n<p>Ihre Anfragen zu Ihren oben genannten Rechten im Rahmen des Gesetzes, indem Sie das diesbez\u00fcglich vorbereitete Antragsformular an den f\u00fcr die Datenverarbeitung Verantwortlichen vollst\u00e4ndig ausf\u00fcllen und mit einer feuchten Unterschrift versehen, \u201eIOSB Eskoop San. site C3 Blok N.100 34490 Ba\u015fak\u015fehir\/Istanbul\/T\u00fcrkei\u201c pers\u00f6nlich<\/p>\n<ol>\n<li><strong>Verlinkung zu anderen Websites<\/strong><\/li>\n<\/ol>\n<p>Die Website enth\u00e4lt Links zu anderen Internet-Seiten. Wir haben keinen Einfluss darauf, dass die Betreiber dieser Seiten die Datenschutzbestimmungen einhalten. Laserisse Laser Technologies ist nicht verantwortlich f\u00fcr den Inhalt der Seiten, auf die verlinkt wird (und f\u00fcr den Inhalt anderer Seiten, auf die verlinkt wird) und hat nicht die Befugnis, in den Inhalt der Seiten, auf die verlinkt wird, einzugreifen.<\/p>\n<ol>\n<li><strong>\u00c4nderungen<\/strong><\/li>\n<\/ol>\n<p>Da sich die Website in Abh\u00e4ngigkeit von technologischen und rechtlichen Entwicklungen ver\u00e4ndert und weiterentwickelt, wird diese Cookie-Richtlinie von Zeit zu Zeit in dieser Richtung aktualisiert, und die aktuelle Version der Cookie-Richtlinie wird unter \u201ehttps:\/\/laserisse.com\u201c ver\u00f6ffentlicht und steht Ihnen jederzeit zur Verf\u00fcgung.<\/p>\n<p>[1] Gem\u00e4\u00df Artikel 3.1.(e) mit der \u00dcberschrift \u201eDefinitionen\u201c des Gesetzes bedeutet \u201eVerarbeitung von personenbezogenen Daten\u201c: Erfassen, Aufzeichnen, Speichern von personenbezogenen Daten, ganz oder teilweise automatisch oder nicht automatisch, sofern sie Teil eines Datenerfassungssystems sind. bedeutet alle Arten von Vorg\u00e4ngen, die mit den Daten durchgef\u00fchrt werden, wie z.B. Aufbewahren, \u00c4ndern, Umordnen, Offenlegen, \u00dcbertragen, \u00dcbernehmen, Verf\u00fcgbarmachen, Klassifizieren oder Verhindern ihrer Verwendung.<\/p>\n<p>(2) Gem\u00e4\u00df dem \u201eKommuniqu\u00e9 \u00fcber die Verfahren und Grunds\u00e4tze des Antrags an den Datenverwalter\u201c vom 10.03.2018 mit der Nummer 30356; k\u00f6nnen die Dateninhaber im Rahmen ihrer in Artikel 11 des Gesetzes festgelegten Rechte ihre Antr\u00e4ge schriftlich oder per eingeschriebener elektronischer Post (KEP) Adresse, sicherer elektronischer Unterschrift, mobiler Unterschrift oder zuvor von den Dateninhabern an LASERISSE LASER TECHNOLOGIES mitgeteilt und im System von LASERISSE LASER TECHNOLOGIES registriert, einreichen. Er \u00fcbermittelt sie an LASERISSE LASER TECHNOLOGIES \u00fcber die verf\u00fcgbare E-Mail-Adresse oder \u00fcber eine f\u00fcr Anwendungszwecke entwickelte Software oder Anwendung.<\/p>\n<p>(3) Gem\u00e4\u00df dem \u201eKommuniqu\u00e9 \u00fcber die Verfahren und Grunds\u00e4tze des Antrags an den f\u00fcr die Verarbeitung Verantwortlichen\u201c vom 10.03.2018 mit der Nummer 30356; Wenn der Antrag der betroffenen Person schriftlich beantwortet werden soll, werden bis zu zehn Seiten nicht berechnet. F\u00fcr jede Seite \u00fcber zehn Seiten hinaus kann eine Bearbeitungsgeb\u00fchr von 1 T\u00fcrkischen Lira erhoben werden. Wird die Antwort auf den Antrag auf einem Datentr\u00e4ger wie einer CD oder einem Flash-Speicher gegeben, kann die Geb\u00fchr, die von LASERISSE LASER TECHNOLOGIES verlangt werden kann, die Kosten des Datentr\u00e4gers nicht \u00fcbersteigen.<\/p>\n<\/div><\/div><\/div><\/div><\/div><\/div><\/div><\/section>\n","protected":false},"excerpt":{"rendered":"Cookie-Richtlinie Die Website mit dem Domainnamen \u201ehttps:\/\/laserisse.com\u201c (\u201eWebsite\u201c), Istanbul Trakya Free Zone, Ferhatpa\u015fa SB. Mah., Ali Riza Efendi Cad. No: 26\/2B1 \u00c7atalca\/\u0130stanbul\/T\u00fcrkei \u201eLaserisse Laser Technologies Se\u00e7kin Birzat ve Selahattin Burak \u00c7elikkaya Kollektif \u015eti.\u201c (im Folgenden kurz \u201eLaserisse Laser Technologies\u201c genannt) ist als Inhaber der Datenverarbeitung f\u00fcr die Festlegung der Zwecke und Mittel der Verarbeitung personenbezogener...","protected":false},"author":743,"featured_media":0,"parent":0,"menu_order":6,"comment_status":"closed","ping_status":"closed","template":"","meta":{"inline_featured_image":false,"footnotes":""},"class_list":["post-27239","page","type-page","status-publish","hentry"],"_links":{"self":[{"href":"https:\/\/laserisse.com\/de\/wp-json\/wp\/v2\/pages\/27239","targetHints":{"allow":["GET"]}}],"collection":[{"href":"https:\/\/laserisse.com\/de\/wp-json\/wp\/v2\/pages"}],"about":[{"href":"https:\/\/laserisse.com\/de\/wp-json\/wp\/v2\/types\/page"}],"author":[{"embeddable":true,"href":"https:\/\/laserisse.com\/de\/wp-json\/wp\/v2\/users\/743"}],"replies":[{"embeddable":true,"href":"https:\/\/laserisse.com\/de\/wp-json\/wp\/v2\/comments?post=27239"}],"version-history":[{"count":3,"href":"https:\/\/laserisse.com\/de\/wp-json\/wp\/v2\/pages\/27239\/revisions"}],"predecessor-version":[{"id":27242,"href":"https:\/\/laserisse.com\/de\/wp-json\/wp\/v2\/pages\/27239\/revisions\/27242"}],"wp:attachment":[{"href":"https:\/\/laserisse.com\/de\/wp-json\/wp\/v2\/media?parent=27239"}],"curies":[{"name":"wp","href":"https:\/\/api.w.org\/{rel}","templated":true}]}}