{"id":27214,"date":"2021-10-14T23:16:19","date_gmt":"2021-10-14T20:16:19","guid":{"rendered":"https:\/\/laserisse.com\/laserschweissen\/tube-laser-welding-cell\/"},"modified":"2024-09-16T10:19:05","modified_gmt":"2024-09-16T07:19:05","slug":"rohrlaser-schweisszelle","status":"publish","type":"page","link":"https:\/\/laserisse.com\/de\/laserschweissen\/rohrlaser-schweisszelle\/","title":{"rendered":"ROHRLASER-SCHWEISSZELLE"},"content":{"rendered":"<section class=\"l-section wpb_row height_custom\"><div class=\"l-section-h i-cf\"><div class=\"g-cols vc_row via_flex valign_top type_default stacking_default\"><div class=\"vc_col-sm-12 wpb_column vc_column_container\"><div class=\"vc_column-inner\"><div class=\"wpb_wrapper\"><div class=\"wpb_text_column\"><div class=\"wpb_wrapper\"><div style=\"width: 1200px;\" class=\"wp-video\"><!--[if lt IE 9]><script>document.createElement('video');<\/script><![endif]-->\n<video class=\"wp-video-shortcode\" id=\"video-27214-1\" width=\"1200\" height=\"675\" preload=\"metadata\" controls=\"controls\"><source type=\"video\/mp4\" src=\"https:\/\/laserisse.com\/wp-content\/uploads\/2021\/10\/TUBE-WELDING-CELL.mp4?_=1\" \/><a href=\"https:\/\/laserisse.com\/wp-content\/uploads\/2021\/10\/TUBE-WELDING-CELL.mp4\">https:\/\/laserisse.com\/wp-content\/uploads\/2021\/10\/TUBE-WELDING-CELL.mp4<\/a><\/video><\/div>\n<\/div><\/div><div class=\"w-separator size_large\"><\/div><div class=\"wpb_text_column\"><div class=\"wpb_wrapper\"><h2 style=\"text-align: center;\">ANDERE VIDEOS<\/h2>\n<\/div><\/div><div class=\"w-separator size_medium\"><\/div><div class=\"w-grid type_grid layout_blog_1 cols_5 with_css_animation\" id=\"us_grid_1\" style=\"--gap:1.5rem;\"><style>@media (max-width:1280px){#us_grid_1 .w-grid-item{width:33.3333%}}@media (max-width:1024px){#us_grid_1 .w-grid-item{width:50%}}@media (max-width:600px){#us_grid_1 .w-grid-item{width:50%}}.layout_blog_1 .w-grid-item-h{}.layout_blog_1 .usg_post_image_1{margin-bottom:0.5rem!important}.layout_blog_1 .usg_post_title_1{font-size:1rem!important}<\/style><div class=\"w-grid-list\">\t<article class=\"w-grid-item us_animate_aft size_1x1 post-27139 page type-page status-publish has-post-thumbnail hentry\" data-id=\"27139\" style=\"animation-delay:0s\">\r\n\t\t<div class=\"w-grid-item-h\">\r\n\t\t\t\t\t\t<div class=\"w-post-elm post_image usg_post_image_1 stretched\"><a href=\"https:\/\/laserisse.com\/de\/faserlaserbeschriftung-kundenspezifisches-designsystem\/\" aria-label=\"FASERLASERBESCHRIFTUNG \/ KUNDENSPEZIFISCHES DESIGNSYSTEM\"><img loading=\"lazy\" decoding=\"async\" width=\"1024\" height=\"1024\" src=\"https:\/\/laserisse.com\/wp-content\/uploads\/2021\/10\/laser-video-cover_f20new-1024x1024.jpg\" class=\"attachment-large size-large wp-post-image\" alt=\"\" srcset=\"https:\/\/laserisse.com\/wp-content\/uploads\/2021\/10\/laser-video-cover_f20new-1024x1024.jpg 1024w, https:\/\/laserisse.com\/wp-content\/uploads\/2021\/10\/laser-video-cover_f20new-300x300.jpg 300w, https:\/\/laserisse.com\/wp-content\/uploads\/2021\/10\/laser-video-cover_f20new-150x150.jpg 150w, https:\/\/laserisse.com\/wp-content\/uploads\/2021\/10\/laser-video-cover_f20new-1536x1536.jpg 1536w\" sizes=\"auto, (max-width: 1024px) 100vw, 1024px\" title=\"Laser Isse\"><\/a><\/div><h2 class=\"w-post-elm post_title usg_post_title_1 entry-title color_link_inherit\"><a href=\"https:\/\/laserisse.com\/de\/faserlaserbeschriftung-kundenspezifisches-designsystem\/\">FASERLASERBESCHRIFTUNG \/ KUNDENSPEZIFISCHES DESIGNSYSTEM<\/a><\/h2>\t\t<\/div>\r\n\t\t\t<\/article>\r\n\t<article class=\"w-grid-item us_animate_aft size_1x1 post-27144 page type-page status-publish has-post-thumbnail hentry\" data-id=\"27144\" style=\"animation-delay:0.1s\">\r\n\t\t<div class=\"w-grid-item-h\">\r\n\t\t\t\t\t\t<div class=\"w-post-elm post_image usg_post_image_1 stretched\"><a href=\"https:\/\/laserisse.com\/de\/faserlaserbeschriftung-klasse-1-freistehendes-system\/\" aria-label=\"FASERLASERBESCHRIFTUNG \/ KLASSE 1 FREISTEHENDES SYSTEM\"><img loading=\"lazy\" decoding=\"async\" width=\"1024\" height=\"1024\" src=\"https:\/\/laserisse.com\/wp-content\/uploads\/2021\/10\/laser-video-cover_f20-1024x1024.jpg\" class=\"attachment-large size-large wp-post-image\" alt=\"\" srcset=\"https:\/\/laserisse.com\/wp-content\/uploads\/2021\/10\/laser-video-cover_f20-1024x1024.jpg 1024w, https:\/\/laserisse.com\/wp-content\/uploads\/2021\/10\/laser-video-cover_f20-300x300.jpg 300w, https:\/\/laserisse.com\/wp-content\/uploads\/2021\/10\/laser-video-cover_f20-150x150.jpg 150w, https:\/\/laserisse.com\/wp-content\/uploads\/2021\/10\/laser-video-cover_f20-1536x1536.jpg 1536w\" sizes=\"auto, (max-width: 1024px) 100vw, 1024px\" title=\"Laser Isse\"><\/a><\/div><h2 class=\"w-post-elm post_title usg_post_title_1 entry-title color_link_inherit\"><a href=\"https:\/\/laserisse.com\/de\/faserlaserbeschriftung-klasse-1-freistehendes-system\/\">FASERLASERBESCHRIFTUNG \/ KLASSE 1 FREISTEHENDES SYSTEM<\/a><\/h2>\t\t<\/div>\r\n\t\t\t<\/article>\r\n\t<article class=\"w-grid-item us_animate_aft size_1x1 post-27204 page type-page status-publish has-post-thumbnail hentry\" data-id=\"27204\" style=\"animation-delay:0.2s\">\r\n\t\t<div class=\"w-grid-item-h\">\r\n\t\t\t\t\t\t<div class=\"w-post-elm post_image usg_post_image_1 stretched\"><a href=\"https:\/\/laserisse.com\/de\/laserschweissen\/tailored-blank-laser-welding-solutions\/\" aria-label=\"MASSGESCHNEIDERTE L\u00d6SUNGEN F\u00dcR DAS LASERSCHWEISSEN VON PLATINEN\"><img loading=\"lazy\" decoding=\"async\" width=\"1024\" height=\"1024\" src=\"https:\/\/laserisse.com\/wp-content\/uploads\/2021\/10\/laser-video-cover_tailor-1024x1024.jpg\" class=\"attachment-large size-large wp-post-image\" alt=\"\" srcset=\"https:\/\/laserisse.com\/wp-content\/uploads\/2021\/10\/laser-video-cover_tailor-1024x1024.jpg 1024w, https:\/\/laserisse.com\/wp-content\/uploads\/2021\/10\/laser-video-cover_tailor-300x300.jpg 300w, https:\/\/laserisse.com\/wp-content\/uploads\/2021\/10\/laser-video-cover_tailor-150x150.jpg 150w, https:\/\/laserisse.com\/wp-content\/uploads\/2021\/10\/laser-video-cover_tailor-1536x1536.jpg 1536w\" sizes=\"auto, (max-width: 1024px) 100vw, 1024px\" title=\"Laser Isse\"><\/a><\/div><h2 class=\"w-post-elm post_title usg_post_title_1 entry-title color_link_inherit\"><a href=\"https:\/\/laserisse.com\/de\/laserschweissen\/tailored-blank-laser-welding-solutions\/\">MASSGESCHNEIDERTE L\u00d6SUNGEN F\u00dcR DAS LASERSCHWEISSEN VON PLATINEN<\/a><\/h2>\t\t<\/div>\r\n\t\t\t<\/article>\r\n\t<article class=\"w-grid-item us_animate_aft size_1x1 post-27210 page type-page status-publish has-post-thumbnail hentry\" data-id=\"27210\" style=\"animation-delay:0.3s\">\r\n\t\t<div class=\"w-grid-item-h\">\r\n\t\t\t\t\t\t<div class=\"w-post-elm post_image usg_post_image_1 stretched\"><a href=\"https:\/\/laserisse.com\/de\/laserschweissen\/rundtakt-laserschweisszelle\/\" aria-label=\"RUNDTAKT-LASERSCHWEISSZELLE\"><img loading=\"lazy\" decoding=\"async\" width=\"1024\" height=\"1024\" src=\"https:\/\/laserisse.com\/wp-content\/uploads\/2021\/10\/laser-video-cover_rotary-1024x1024.jpg\" class=\"attachment-large size-large wp-post-image\" alt=\"\" srcset=\"https:\/\/laserisse.com\/wp-content\/uploads\/2021\/10\/laser-video-cover_rotary-1024x1024.jpg 1024w, https:\/\/laserisse.com\/wp-content\/uploads\/2021\/10\/laser-video-cover_rotary-300x300.jpg 300w, https:\/\/laserisse.com\/wp-content\/uploads\/2021\/10\/laser-video-cover_rotary-150x150.jpg 150w, https:\/\/laserisse.com\/wp-content\/uploads\/2021\/10\/laser-video-cover_rotary-1536x1536.jpg 1536w\" sizes=\"auto, (max-width: 1024px) 100vw, 1024px\" title=\"Laser Isse\"><\/a><\/div><h2 class=\"w-post-elm post_title usg_post_title_1 entry-title color_link_inherit\"><a href=\"https:\/\/laserisse.com\/de\/laserschweissen\/rundtakt-laserschweisszelle\/\">RUNDTAKT-LASERSCHWEISSZELLE<\/a><\/h2>\t\t<\/div>\r\n\t\t\t<\/article>\r\n\t<article class=\"w-grid-item us_animate_aft size_1x1 post-27211 page type-page status-publish has-post-thumbnail hentry\" data-id=\"27211\" style=\"animation-delay:0.4s\">\r\n\t\t<div class=\"w-grid-item-h\">\r\n\t\t\t\t\t\t<div class=\"w-post-elm post_image usg_post_image_1 stretched\"><a href=\"https:\/\/laserisse.com\/de\/laserschweissen\/handgeraet-nd-yag-laserschweissen\/\" aria-label=\"HANDGER\u00c4T ND: YAG-LASERSCHWEISSEN\"><img loading=\"lazy\" decoding=\"async\" width=\"1024\" height=\"1024\" src=\"https:\/\/laserisse.com\/wp-content\/uploads\/2021\/10\/laser-video-cover_ndyag-1024x1024.jpg\" class=\"attachment-large size-large wp-post-image\" alt=\"\" srcset=\"https:\/\/laserisse.com\/wp-content\/uploads\/2021\/10\/laser-video-cover_ndyag-1024x1024.jpg 1024w, https:\/\/laserisse.com\/wp-content\/uploads\/2021\/10\/laser-video-cover_ndyag-300x300.jpg 300w, https:\/\/laserisse.com\/wp-content\/uploads\/2021\/10\/laser-video-cover_ndyag-150x150.jpg 150w, https:\/\/laserisse.com\/wp-content\/uploads\/2021\/10\/laser-video-cover_ndyag-1536x1536.jpg 1536w\" sizes=\"auto, (max-width: 1024px) 100vw, 1024px\" title=\"Laser Isse\"><\/a><\/div><h2 class=\"w-post-elm post_title usg_post_title_1 entry-title color_link_inherit\"><a href=\"https:\/\/laserisse.com\/de\/laserschweissen\/handgeraet-nd-yag-laserschweissen\/\">HANDGER\u00c4T ND: YAG-LASERSCHWEISSEN<\/a><\/h2>\t\t<\/div>\r\n\t\t\t<\/article>\r\n\t<article class=\"w-grid-item us_animate_aft size_1x1 post-27261 page type-page status-publish has-post-thumbnail hentry\" data-id=\"27261\" style=\"animation-delay:0.5s\">\r\n\t\t<div class=\"w-grid-item-h\">\r\n\t\t\t\t\t\t<div class=\"w-post-elm post_image usg_post_image_1 stretched\"><a href=\"https:\/\/laserisse.com\/de\/laserschneiden\/produktionslinie-fuer-laserschneiden-nach-mass\/\" aria-label=\"PRODUKTIONSLINIE F\u00dcR LASERSCHNEIDEN NACH MASS\"><img loading=\"lazy\" decoding=\"async\" width=\"1024\" height=\"1024\" src=\"https:\/\/laserisse.com\/wp-content\/uploads\/2021\/10\/laser-video-cover_blanking-line-1024x1024.jpg\" class=\"attachment-large size-large wp-post-image\" alt=\"\" srcset=\"https:\/\/laserisse.com\/wp-content\/uploads\/2021\/10\/laser-video-cover_blanking-line-1024x1024.jpg 1024w, https:\/\/laserisse.com\/wp-content\/uploads\/2021\/10\/laser-video-cover_blanking-line-300x300.jpg 300w, https:\/\/laserisse.com\/wp-content\/uploads\/2021\/10\/laser-video-cover_blanking-line-150x150.jpg 150w, https:\/\/laserisse.com\/wp-content\/uploads\/2021\/10\/laser-video-cover_blanking-line-1536x1536.jpg 1536w\" sizes=\"auto, (max-width: 1024px) 100vw, 1024px\" title=\"Laser Isse\"><\/a><\/div><h2 class=\"w-post-elm post_title usg_post_title_1 entry-title color_link_inherit\"><a href=\"https:\/\/laserisse.com\/de\/laserschneiden\/produktionslinie-fuer-laserschneiden-nach-mass\/\">PRODUKTIONSLINIE F\u00dcR LASERSCHNEIDEN NACH MASS<\/a><\/h2>\t\t<\/div>\r\n\t\t\t<\/article>\r\n\t<article class=\"w-grid-item us_animate_aft size_1x1 post-27288 page type-page status-publish has-post-thumbnail hentry\" data-id=\"27288\" style=\"animation-delay:0.6s\">\r\n\t\t<div class=\"w-grid-item-h\">\r\n\t\t\t\t\t\t<div class=\"w-post-elm post_image usg_post_image_1 stretched\"><a href=\"https:\/\/laserisse.com\/de\/laserschneiden\/laserschneiden-mit-spulenvorschub\/\" aria-label=\"LASERSCHNEIDEN MIT SPULENVORSCHUB\"><img loading=\"lazy\" decoding=\"async\" width=\"1024\" height=\"1024\" src=\"https:\/\/laserisse.com\/wp-content\/uploads\/2021\/10\/laser-video-cover_coildfed-1024x1024.jpg\" class=\"attachment-large size-large wp-post-image\" alt=\"\" srcset=\"https:\/\/laserisse.com\/wp-content\/uploads\/2021\/10\/laser-video-cover_coildfed-1024x1024.jpg 1024w, https:\/\/laserisse.com\/wp-content\/uploads\/2021\/10\/laser-video-cover_coildfed-300x300.jpg 300w, https:\/\/laserisse.com\/wp-content\/uploads\/2021\/10\/laser-video-cover_coildfed-150x150.jpg 150w, https:\/\/laserisse.com\/wp-content\/uploads\/2021\/10\/laser-video-cover_coildfed-1536x1536.jpg 1536w\" sizes=\"auto, (max-width: 1024px) 100vw, 1024px\" title=\"Laser Isse\"><\/a><\/div><h2 class=\"w-post-elm post_title usg_post_title_1 entry-title color_link_inherit\"><a href=\"https:\/\/laserisse.com\/de\/laserschneiden\/laserschneiden-mit-spulenvorschub\/\">LASERSCHNEIDEN MIT SPULENVORSCHUB<\/a><\/h2>\t\t<\/div>\r\n\t\t\t<\/article>\r\n\t<article class=\"w-grid-item us_animate_aft size_1x1 post-27275 page type-page status-publish has-post-thumbnail hentry\" data-id=\"27275\" style=\"animation-delay:0.7s\">\r\n\t\t<div class=\"w-grid-item-h\">\r\n\t\t\t\t\t\t<div class=\"w-post-elm post_image usg_post_image_1 stretched\"><a href=\"https:\/\/laserisse.com\/de\/laser-reinigung\/galvo-dual-clean-serie-farbe-entfernen\/\" aria-label=\"GALVO DUAL CLEAN SERIE FARBE ENTFERNEN\"><img loading=\"lazy\" decoding=\"async\" width=\"1024\" height=\"1024\" src=\"https:\/\/laserisse.com\/wp-content\/uploads\/2021\/10\/laser-video-cover_galvo-1024x1024.jpg\" class=\"attachment-large size-large wp-post-image\" alt=\"\" srcset=\"https:\/\/laserisse.com\/wp-content\/uploads\/2021\/10\/laser-video-cover_galvo-1024x1024.jpg 1024w, https:\/\/laserisse.com\/wp-content\/uploads\/2021\/10\/laser-video-cover_galvo-300x300.jpg 300w, https:\/\/laserisse.com\/wp-content\/uploads\/2021\/10\/laser-video-cover_galvo-150x150.jpg 150w, https:\/\/laserisse.com\/wp-content\/uploads\/2021\/10\/laser-video-cover_galvo-1536x1536.jpg 1536w\" sizes=\"auto, (max-width: 1024px) 100vw, 1024px\" title=\"Laser Isse\"><\/a><\/div><h2 class=\"w-post-elm post_title usg_post_title_1 entry-title color_link_inherit\"><a href=\"https:\/\/laserisse.com\/de\/laser-reinigung\/galvo-dual-clean-serie-farbe-entfernen\/\">GALVO DUAL CLEAN SERIE FARBE ENTFERNEN<\/a><\/h2>\t\t<\/div>\r\n\t\t\t<\/article>\r\n\t<article class=\"w-grid-item us_animate_aft size_1x1 post-27279 page type-page status-publish has-post-thumbnail hentry\" data-id=\"27279\" style=\"animation-delay:0.8s\">\r\n\t\t<div class=\"w-grid-item-h\">\r\n\t\t\t\t\t\t<div class=\"w-post-elm post_image usg_post_image_1 stretched\"><a href=\"https:\/\/laserisse.com\/de\/laser-reinigung\/handgefuehrte-faserlaserreinigung\/\" aria-label=\"HANDGEF\u00dcHRTE FASERLASERREINIGUNG\"><img loading=\"lazy\" decoding=\"async\" width=\"1024\" height=\"1024\" src=\"https:\/\/laserisse.com\/wp-content\/uploads\/2021\/10\/laser-video-cover_handheld-clean-1024x1024.jpg\" class=\"attachment-large size-large wp-post-image\" alt=\"\" srcset=\"https:\/\/laserisse.com\/wp-content\/uploads\/2021\/10\/laser-video-cover_handheld-clean-1024x1024.jpg 1024w, https:\/\/laserisse.com\/wp-content\/uploads\/2021\/10\/laser-video-cover_handheld-clean-300x300.jpg 300w, https:\/\/laserisse.com\/wp-content\/uploads\/2021\/10\/laser-video-cover_handheld-clean-150x150.jpg 150w, https:\/\/laserisse.com\/wp-content\/uploads\/2021\/10\/laser-video-cover_handheld-clean-1536x1536.jpg 1536w\" sizes=\"auto, (max-width: 1024px) 100vw, 1024px\" title=\"Laser Isse\"><\/a><\/div><h2 class=\"w-post-elm post_title usg_post_title_1 entry-title color_link_inherit\"><a href=\"https:\/\/laserisse.com\/de\/laser-reinigung\/handgefuehrte-faserlaserreinigung\/\">HANDGEF\u00dcHRTE FASERLASERREINIGUNG<\/a><\/h2>\t\t<\/div>\r\n\t\t\t<\/article>\r\n<\/div><div class=\"w-grid-preloader\">\t<div class=\"g-preloader type_1\">\r\n\t\t<div><\/div>\r\n\t<\/div>\r\n\t<\/div>\t<div class=\"w-grid-json hidden\" onclick='return {&quot;action&quot;:&quot;us_ajax_grid&quot;,&quot;infinite_scroll&quot;:0,&quot;max_num_pages&quot;:1,&quot;pagination&quot;:&quot;none&quot;,&quot;template_vars&quot;:{&quot;columns&quot;:&quot;5&quot;,&quot;exclude_items&quot;:&quot;none&quot;,&quot;img_size&quot;:&quot;default&quot;,&quot;ignore_items_size&quot;:0,&quot;items_layout&quot;:&quot;blog_1&quot;,&quot;items_offset&quot;:&quot;1&quot;,&quot;load_animation&quot;:&quot;aft&quot;,&quot;overriding_link&quot;:&quot;{\\&quot;url\\&quot;:\\&quot;\\&quot;}&quot;,&quot;post_id&quot;:0,&quot;query_args&quot;:{&quot;ignore_sticky_posts&quot;:1,&quot;post_type&quot;:&quot;any&quot;,&quot;post__in&quot;:[&quot;11617&quot;,&quot;11619&quot;,&quot;11621&quot;,&quot;11626&quot;,&quot;11628&quot;,&quot;11634&quot;,&quot;11655&quot;,&quot;11663&quot;,&quot;11661&quot;],&quot;posts_per_page&quot;:&quot;10&quot;},&quot;orderby_query_args&quot;:{&quot;orderby&quot;:{&quot;post__in&quot;:&quot;ASC&quot;},&quot;order&quot;:&quot;ASC&quot;},&quot;type&quot;:&quot;grid&quot;,&quot;us_grid_post_type&quot;:&quot;ids&quot;,&quot;us_grid_ajax_index&quot;:1,&quot;us_grid_filter_query_string&quot;:null,&quot;us_grid_index&quot;:1,&quot;page_args&quot;:[],&quot;lang&quot;:&quot;de&quot;}}'><\/div>\r\n\t<\/div><\/div><\/div><\/div><\/div><\/div><\/section>\n","protected":false},"excerpt":{"rendered":"https:\/\/laserisse.com\/wp-content\/uploads\/2021\/10\/HANDHELD-LASER-CLEANING-1.mp4 ANDERE VIDEOS FASERLASERBESCHRIFTUNG \/ KUNDENSPEZIFISCHES DESIGNSYSTEM FASERLASERBESCHRIFTUNG \/ KLASSE 1 FREISTEHENDES SYSTEM MASSGESCHNEIDERTE L\u00d6SUNGEN F\u00dcR DAS LASERSCHWEISSEN VON PLATINEN RUNDTAKT-LASERSCHWEISSZELLE HANDGER\u00c4T ND: YAG-LASERSCHWEISSEN ROHRLASER-SCHWEISSZELLE PRODUKTIONSLINIE F\u00dcR LASERSCHNEIDEN NACH MASS LASERSCHNEIDEN MIT SPULENVORSCHUB GALVO DUAL CLEAN SERIE FARBE ENTFERNEN","protected":false},"author":743,"featured_media":26098,"parent":27188,"menu_order":30,"comment_status":"closed","ping_status":"closed","template":"","meta":{"inline_featured_image":false,"footnotes":""},"class_list":["post-27214","page","type-page","status-publish","has-post-thumbnail","hentry"],"_links":{"self":[{"href":"https:\/\/laserisse.com\/de\/wp-json\/wp\/v2\/pages\/27214","targetHints":{"allow":["GET"]}}],"collection":[{"href":"https:\/\/laserisse.com\/de\/wp-json\/wp\/v2\/pages"}],"about":[{"href":"https:\/\/laserisse.com\/de\/wp-json\/wp\/v2\/types\/page"}],"author":[{"embeddable":true,"href":"https:\/\/laserisse.com\/de\/wp-json\/wp\/v2\/users\/743"}],"replies":[{"embeddable":true,"href":"https:\/\/laserisse.com\/de\/wp-json\/wp\/v2\/comments?post=27214"}],"version-history":[{"count":2,"href":"https:\/\/laserisse.com\/de\/wp-json\/wp\/v2\/pages\/27214\/revisions"}],"predecessor-version":[{"id":27218,"href":"https:\/\/laserisse.com\/de\/wp-json\/wp\/v2\/pages\/27214\/revisions\/27218"}],"up":[{"embeddable":true,"href":"https:\/\/laserisse.com\/de\/wp-json\/wp\/v2\/pages\/27188"}],"wp:featuredmedia":[{"embeddable":true,"href":"https:\/\/laserisse.com\/de\/wp-json\/wp\/v2\/media\/26098"}],"wp:attachment":[{"href":"https:\/\/laserisse.com\/de\/wp-json\/wp\/v2\/media?parent=27214"}],"curies":[{"name":"wp","href":"https:\/\/api.w.org\/{rel}","templated":true}]}}