{"id":27177,"date":"2020-04-11T20:31:49","date_gmt":"2020-04-11T17:31:49","guid":{"rendered":"https:\/\/laserisse.com\/videos-old\/"},"modified":"2024-09-16T09:05:10","modified_gmt":"2024-09-16T06:05:10","slug":"videos-old","status":"publish","type":"page","link":"https:\/\/laserisse.com\/de\/videos-old\/","title":{"rendered":"Videos-Old"},"content":{"rendered":"<section class=\"l-section wpb_row height_huge width_full color_alternate with_img parallax_ver\"><div class=\"l-section-img\" role=\"img\" data-img-width=\"1920\" data-img-height=\"955\" style=\"background-image: url(https:\/\/laserisse.com\/wp-content\/uploads\/2020\/04\/laserisse-videos-header.jpg);background-position: bottom center;background-repeat: no-repeat;\"><\/div><div class=\"l-section-overlay\" style=\"background:rgba(34,35,41,0.65)\"><\/div><div class=\"l-section-h i-cf\"><div class=\"g-cols vc_row via_flex valign_middle type_default stacking_default\"><div class=\"vc_col-sm-12 wpb_column vc_column_container\"><div class=\"vc_column-inner\"><div class=\"wpb_wrapper\"><div class=\"wpb_text_column\"><div class=\"wpb_wrapper\"><h2 style=\"text-align: center; color: white;\">Laser ISSE Videos<\/h2>\n<\/div><\/div><\/div><\/div><\/div><\/div><\/div><\/section><section class=\"l-section wpb_row height_custom\"><div class=\"l-section-h i-cf\"><div class=\"g-cols vc_row via_flex valign_top type_default stacking_default\"><div class=\"vc_col-sm-12 wpb_column vc_column_container\"><div class=\"vc_column-inner\"><div class=\"wpb_wrapper\"><div class=\"w-tabs layout_ver navwidth_auto navpos_left style_trendy switch_click has_scrolling\" style=\"--sections-title-size:1em\"><div class=\"w-tabs-list items_4 align_none\" style=\"font-family:var(--font-family);\"><div class=\"w-tabs-list-h\"><button class=\"w-tabs-item active\" aria-controls=\"content-1586375453615-903add80-0fe3fcda-725a\" aria-expanded=\"false\"><span class=\"w-tabs-item-title\">Videos zur Lasermarkierung<\/span><\/button><button class=\"w-tabs-item\" aria-controls=\"content-1586375453659-f42bb2da-6e77fcda-725a\" aria-expanded=\"false\"><span class=\"w-tabs-item-title\">Videos zum Laserschneiden<\/span><\/button><button class=\"w-tabs-item\" aria-controls=\"content-1586375530192-88066c8f-30a0fcda-725a\" aria-expanded=\"false\"><span class=\"w-tabs-item-title\">Videos zum Laserschwei\u00dfen<\/span><\/button><button class=\"w-tabs-item\" aria-controls=\"content-1594917397195-806ba35b-1c42\" aria-expanded=\"false\"><span class=\"w-tabs-item-title\">Videos zur Laserreinigung<\/span><\/button><\/div><\/div><div class=\"w-tabs-sections titles-align_none icon_chevron cpos_right\"><div class=\"w-tabs-section active\" id=\"1586375453615-903add80-0fe3fcda-725a\"><button class=\"w-tabs-section-header active\" aria-controls=\"content-1586375453615-903add80-0fe3fcda-725a\" aria-expanded=\"true\"><div class=\"w-tabs-section-title\">Videos zur Lasermarkierung<\/div><div class=\"w-tabs-section-control\"><\/div><\/button><div  class=\"w-tabs-section-content\" id=\"content-1586375453615-903add80-0fe3fcda-725a\"><div class=\"w-tabs-section-content-h i-cf\"><div class=\"w-separator size_small\"><\/div><div class=\"wpb_text_column\"><div class=\"wpb_wrapper\"><p><strong>Produkte zur Lasermarkierung<\/strong><\/p>\n<\/div><\/div><div class=\"g-cols wpb_row via_flex valign_top type_default stacking_default\"><div class=\"vc_col-sm-6 wpb_column vc_column_container\"><div class=\"vc_column-inner\"><div class=\"wpb_wrapper\">[vc_raw_html]JTNDaWZyYW1lJTIwd2lkdGglM0QlMjIxMDAlMjUlMjIlMjBoZWlnaHQlM0QlMjIyNjBweCUyMiUyMHNyYyUzRCUyMmh0dHBzJTNBJTJGJTJGd3d3LnlvdXR1YmUuY29tJTJGZW1iZWQlMkZkLWt3QnJIZFMzNCUzRnJlbCUzRDAlMjZhbXAlM0JlbmFibGVqc2FwaSUzRDElMjIlMjBmcmFtZWJvcmRlciUzRCUyMjAlMjIlM0UlM0MlMkZpZnJhbWUlM0U=[\/vc_raw_html]<\/div><\/div><\/div><div class=\"vc_col-sm-6 wpb_column vc_column_container\"><div class=\"vc_column-inner\"><div class=\"wpb_wrapper\">[vc_raw_html]JTNDaWZyYW1lJTIwd2lkdGglM0QlMjIxMDAlMjUlMjIlMjBoZWlnaHQlM0QlMjIyNjBweCUyMiUyMHNyYyUzRCUyMmh0dHBzJTNBJTJGJTJGd3d3LnlvdXR1YmUuY29tJTJGZW1iZWQlMkZyeU5SZnBVbkNfMCUzRnJlbCUzRDAlMjZhbXAlM0JlbmFibGVqc2FwaSUzRDElMjIlMjBmcmFtZWJvcmRlciUzRCUyMjAlMjIlM0UlM0MlMkZpZnJhbWUlM0U=[\/vc_raw_html]<\/div><\/div><\/div><\/div><div class=\"g-cols wpb_row via_flex valign_top type_default stacking_default\"><div class=\"vc_col-sm-6 wpb_column vc_column_container\"><div class=\"vc_column-inner\"><div class=\"wpb_wrapper\">[vc_raw_html]JTNDaWZyYW1lJTIwd2lkdGglM0QlMjIxMDAlMjUlMjIlMjBoZWlnaHQlM0QlMjIyNjBweCUyMiUyMHNyYyUzRCUyMmh0dHBzJTNBJTJGJTJGd3d3LnlvdXR1YmUuY29tJTJGZW1iZWQlMkZDWHFyVWxKb2QwSSUzRnJlbCUzRDAlMjZhbXAlM0JlbmFibGVqc2FwaSUzRDElMjIlMjBmcmFtZWJvcmRlciUzRCUyMjAlMjIlM0UlM0MlMkZpZnJhbWUlM0U=[\/vc_raw_html]<\/div><\/div><\/div><div class=\"vc_col-sm-6 wpb_column vc_column_container\"><div class=\"vc_column-inner\"><div class=\"wpb_wrapper\">[vc_raw_html]JTNDdmlkZW8lMjB3aWR0aCUzRCUyMjEwMCUyNSUyMiUyMGhlaWdodCUzRCUyMjI2MHB4JTIyJTIwY29udHJvbHMlM0UlMEElMjAlMjAlM0Nzb3VyY2UlMjBzcmMlM0QlMjJodHRwcyUzQSUyRiUyRmxhc2VyaXNzZS5jb20lMkZ3cC1jb250ZW50JTJGdXBsb2FkcyUyRjIwMjAlMkYwOCUyRmxhc2VyaXNzZS10dXJja21hcmstMS5tcDQlMjIlMjB0eXBlJTNEJTIydmlkZW8lMkZtcDQlMjIlM0UlMjBUYXJheSVDNCVCMWMlQzQlQjFuJUM0JUIxeiUyMGJ1JTIwdGVrbm9sb2ppeWklMjBkZXN0ZWtsZW1peW9yLiUwQSUzQyUyRnZpZGVvJTNF[\/vc_raw_html]<\/div><\/div><\/div><\/div><div class=\"g-cols wpb_row via_flex valign_top type_default stacking_default\"><div class=\"vc_col-sm-6 wpb_column vc_column_container\"><div class=\"vc_column-inner\"><div class=\"wpb_wrapper\">[vc_raw_html]JTNDdmlkZW8lMjB3aWR0aCUzRCUyMjEwMCUyNSUyMiUyMGhlaWdodCUzRCUyMjI2MHB4JTIyJTIwY29udHJvbHMlM0UlMEElMjAlMjAlM0Nzb3VyY2UlMjBzcmMlM0QlMjJodHRwcyUzQSUyRiUyRmxhc2VyaXNzZS5jb20lMkZ3cC1jb250ZW50JTJGdXBsb2FkcyUyRjIwMjAlMkYwOCUyRmxhc2VyaXNzZS10dXJja21hcmstMi5tcDQlMjIlMjB0eXBlJTNEJTIydmlkZW8lMkZtcDQlMjIlM0UlMjBUYXJheSVDNCVCMWMlQzQlQjFuJUM0JUIxeiUyMGJ1JTIwdGVrbm9sb2ppeWklMjBkZXN0ZWtsZW1peW9yLiUwQSUzQyUyRnZpZGVvJTNF[\/vc_raw_html]<\/div><\/div><\/div><div class=\"vc_col-sm-6 wpb_column vc_column_container\"><div class=\"vc_column-inner\"><div class=\"wpb_wrapper\"><\/div><\/div><\/div><\/div><\/div><\/div><\/div><div class=\"w-tabs-section\" id=\"1586375453659-f42bb2da-6e77fcda-725a\"><button class=\"w-tabs-section-header\" aria-controls=\"content-1586375453659-f42bb2da-6e77fcda-725a\" aria-expanded=\"false\"><div class=\"w-tabs-section-title\">Videos zum Laserschneiden<\/div><div class=\"w-tabs-section-control\"><\/div><\/button><div  class=\"w-tabs-section-content\" id=\"content-1586375453659-f42bb2da-6e77fcda-725a\"><div class=\"w-tabs-section-content-h i-cf\"><div class=\"w-separator size_small\"><\/div><div class=\"wpb_text_column\"><div class=\"wpb_wrapper\"><p><strong>Produkte zum Laserschneiden<\/strong><\/p>\n<\/div><\/div><div class=\"g-cols wpb_row via_flex valign_top type_default stacking_default\"><div class=\"vc_col-sm-6 wpb_column vc_column_container\"><div class=\"vc_column-inner\"><div class=\"wpb_wrapper\">[vc_raw_html]JTNDaWZyYW1lJTIwd2lkdGglM0QlMjIxMDAlMjUlMjIlMjBoZWlnaHQlM0QlMjIyNjBweCUyMiUyMHNyYyUzRCUyMmh0dHBzJTNBJTJGJTJGd3d3LnlvdXR1YmUuY29tJTJGZW1iZWQlMkZWUk5uSzk4Yk8zdyUzRnJlbCUzRDAlMjZhbXAlM0JlbmFibGVqc2FwaSUzRDElMjIlMjBmcmFtZWJvcmRlciUzRCUyMjAlMjIlM0UlM0MlMkZpZnJhbWUlM0U=[\/vc_raw_html]<\/div><\/div><\/div><div class=\"vc_col-sm-6 wpb_column vc_column_container\"><div class=\"vc_column-inner\"><div class=\"wpb_wrapper\">[vc_raw_html]JTNDdmlkZW8lMjB3aWR0aCUzRCUyMjEwMCUyNSUyMiUyMGhlaWdodCUzRCUyMjI2MHB4JTIyJTIwY29udHJvbHMlM0UlMEElMjAlMjAlM0Nzb3VyY2UlMjBzcmMlM0QlMjJodHRwcyUzQSUyRiUyRmxhc2VyaXNzZS5jb20lMkZ3cC1jb250ZW50JTJGdXBsb2FkcyUyRjIwMjAlMkYwNSUyRnR1cmNjdXR2aWRlb3MxLm1wNCUyMiUyMHR5cGUlM0QlMjJ2aWRlbyUyRm1wNCUyMiUzRSUyMFRhcmF5JUM0JUIxYyVDNCVCMW4lQzQlQjF6JTIwYnUlMjB0ZWtub2xvaml5aSUyMGRlc3Rla2xlbWl5b3IuJTBBJTNDJTJGdmlkZW8lM0U=[\/vc_raw_html]<\/div><\/div><\/div><\/div><div class=\"g-cols wpb_row via_flex valign_top type_default stacking_default\"><div class=\"vc_col-sm-6 wpb_column vc_column_container\"><div class=\"vc_column-inner\"><div class=\"wpb_wrapper\">[vc_raw_html]JTNDdmlkZW8lMjB3aWR0aCUzRCUyMjEwMCUyNSUyMiUyMGhlaWdodCUzRCUyMjI2MHB4JTIyJTIwY29udHJvbHMlM0UlMEElMjAlMjAlM0Nzb3VyY2UlMjBzcmMlM0QlMjJodHRwcyUzQSUyRiUyRmxhc2VyaXNzZS5jb20lMkZ3cC1jb250ZW50JTJGdXBsb2FkcyUyRjIwMjAlMkYwNSUyRnR1cmNjdXR2aWRlb3MyLm1wNCUyMiUyMHR5cGUlM0QlMjJ2aWRlbyUyRm1wNCUyMiUzRSUyMFRhcmF5JUM0JUIxYyVDNCVCMW4lQzQlQjF6JTIwYnUlMjB0ZWtub2xvaml5aSUyMGRlc3Rla2xlbWl5b3IuJTBBJTNDJTJGdmlkZW8lM0U=[\/vc_raw_html]<\/div><\/div><\/div><div class=\"vc_col-sm-6 wpb_column vc_column_container\"><div class=\"vc_column-inner\"><div class=\"wpb_wrapper\">[vc_raw_html]JTNDdmlkZW8lMjB3aWR0aCUzRCUyMjEwMCUyNSUyMiUyMGhlaWdodCUzRCUyMjI2MHB4JTIyJTIwY29udHJvbHMlM0UlMEElMjAlMjAlM0Nzb3VyY2UlMjBzcmMlM0QlMjJodHRwcyUzQSUyRiUyRmxhc2VyaXNzZS5jb20lMkZ3cC1jb250ZW50JTJGdXBsb2FkcyUyRjIwMjAlMkYwNSUyRnR1cmNjdXR2aWRlb3MzLm1wNCUyMiUyMHR5cGUlM0QlMjJ2aWRlbyUyRm1wNCUyMiUzRSUyMFRhcmF5JUM0JUIxYyVDNCVCMW4lQzQlQjF6JTIwYnUlMjB0ZWtub2xvaml5aSUyMGRlc3Rla2xlbWl5b3IuJTBBJTNDJTJGdmlkZW8lM0U=[\/vc_raw_html]<\/div><\/div><\/div><\/div><div class=\"g-cols wpb_row via_flex valign_top type_default stacking_default\"><div class=\"vc_col-sm-6 wpb_column vc_column_container\"><div class=\"vc_column-inner\"><div class=\"wpb_wrapper\">[vc_raw_html]JTNDdmlkZW8lMjB3aWR0aCUzRCUyMjEwMCUyNSUyMiUyMGhlaWdodCUzRCUyMjI2MHB4JTIyJTIwY29udHJvbHMlM0UlMEElMjAlMjAlM0Nzb3VyY2UlMjBzcmMlM0QlMjJodHRwcyUzQSUyRiUyRmxhc2VyaXNzZS5jb20lMkZ3cC1jb250ZW50JTJGdXBsb2FkcyUyRjIwMjAlMkYwNSUyRnR1cmNjdXR2aWRlb3M0Lm1wNCUyMiUyMHR5cGUlM0QlMjJ2aWRlbyUyRm1wNCUyMiUzRSUyMFRhcmF5JUM0JUIxYyVDNCVCMW4lQzQlQjF6JTIwYnUlMjB0ZWtub2xvaml5aSUyMGRlc3Rla2xlbWl5b3IuJTBBJTNDJTJGdmlkZW8lM0U=[\/vc_raw_html]<\/div><\/div><\/div><div class=\"vc_col-sm-6 wpb_column vc_column_container\"><div class=\"vc_column-inner\"><div class=\"wpb_wrapper\"><\/div><\/div><\/div><\/div><\/div><\/div><\/div><div class=\"w-tabs-section\" id=\"1586375530192-88066c8f-30a0fcda-725a\"><button class=\"w-tabs-section-header\" aria-controls=\"content-1586375530192-88066c8f-30a0fcda-725a\" aria-expanded=\"false\"><div class=\"w-tabs-section-title\">Videos zum Laserschwei\u00dfen<\/div><div class=\"w-tabs-section-control\"><\/div><\/button><div  class=\"w-tabs-section-content\" id=\"content-1586375530192-88066c8f-30a0fcda-725a\"><div class=\"w-tabs-section-content-h i-cf\"><div class=\"w-separator size_small\"><\/div><div class=\"wpb_text_column\"><div class=\"wpb_wrapper\"><p><strong>Produkte f\u00fcr das Laserschwei\u00dfen<\/strong><\/p>\n<\/div><\/div><div class=\"g-cols wpb_row via_flex valign_top type_default stacking_default\"><div class=\"vc_col-sm-6 wpb_column vc_column_container\"><div class=\"vc_column-inner\"><div class=\"wpb_wrapper\">[vc_raw_html]JTNDaWZyYW1lJTIwd2lkdGglM0QlMjIxMDAlMjUlMjIlMjBoZWlnaHQlM0QlMjIyNjBweCUyMiUyMHNyYyUzRCUyMmh0dHBzJTNBJTJGJTJGd3d3LnlvdXR1YmUuY29tJTJGZW1iZWQlMkZpNDd5djBtdzAzQSUzRnJlbCUzRDAlMjZhbXAlM0JlbmFibGVqc2FwaSUzRDElMjIlMjBmcmFtZWJvcmRlciUzRCUyMjAlMjIlM0UlM0MlMkZpZnJhbWUlM0U=[\/vc_raw_html]<\/div><\/div><\/div><div class=\"vc_col-sm-6 wpb_column vc_column_container\"><div class=\"vc_column-inner\"><div class=\"wpb_wrapper\">[vc_raw_html]JTNDdmlkZW8lMjB3aWR0aCUzRCUyMjEwMCUyNSUyMiUyMGhlaWdodCUzRCUyMjI2MHB4JTIyJTIwY29udHJvbHMlM0UlMEElMjAlMjAlM0Nzb3VyY2UlMjBzcmMlM0QlMjJodHRwcyUzQSUyRiUyRmxhc2VyaXNzZS5jb20lMkZ3cC1jb250ZW50JTJGdXBsb2FkcyUyRjIwMjAlMkYwNiUyRndlbGRpbmctdmlkZW8tMS5tcDQlMjIlMjB0eXBlJTNEJTIydmlkZW8lMkZtcDQlMjIlM0UlMjBUYXJheSVDNCVCMWMlQzQlQjFuJUM0JUIxeiUyMGJ1JTIwdGVrbm9sb2ppeWklMjBkZXN0ZWtsZW1peW9yLiUwQSUzQyUyRnZpZGVvJTNF[\/vc_raw_html]<\/div><\/div><\/div><\/div><div class=\"g-cols wpb_row via_flex valign_top type_default stacking_default\"><div class=\"vc_col-sm-6 wpb_column vc_column_container\"><div class=\"vc_column-inner\"><div class=\"wpb_wrapper\">[vc_raw_html]JTNDdmlkZW8lMjB3aWR0aCUzRCUyMjEwMCUyNSUyMiUyMGhlaWdodCUzRCUyMjI2MHB4JTIyJTIwY29udHJvbHMlM0UlMEElMjAlMjAlM0Nzb3VyY2UlMjBzcmMlM0QlMjJodHRwcyUzQSUyRiUyRmxhc2VyaXNzZS5jb20lMkZ3cC1jb250ZW50JTJGdXBsb2FkcyUyRjIwMjAlMkYwNiUyRndlbGRpbmctdmlkZW8tMi5tcDQlMjIlMjB0eXBlJTNEJTIydmlkZW8lMkZtcDQlMjIlM0UlMjBUYXJheSVDNCVCMWMlQzQlQjFuJUM0JUIxeiUyMGJ1JTIwdGVrbm9sb2ppeWklMjBkZXN0ZWtsZW1peW9yLiUwQSUzQyUyRnZpZGVvJTNF[\/vc_raw_html]<\/div><\/div><\/div><div class=\"vc_col-sm-6 wpb_column vc_column_container\"><div class=\"vc_column-inner\"><div class=\"wpb_wrapper\"><\/div><\/div><\/div><\/div><\/div><\/div><\/div><div class=\"w-tabs-section\" id=\"1594917397195-806ba35b-1c42\"><button class=\"w-tabs-section-header\" aria-controls=\"content-1594917397195-806ba35b-1c42\" aria-expanded=\"false\"><div class=\"w-tabs-section-title\">Videos zur Laserreinigung<\/div><div class=\"w-tabs-section-control\"><\/div><\/button><div  class=\"w-tabs-section-content\" id=\"content-1594917397195-806ba35b-1c42\"><div class=\"w-tabs-section-content-h i-cf\"><div class=\"w-separator size_small\"><\/div><div class=\"wpb_text_column\"><div class=\"wpb_wrapper\"><p><strong>Produkte f\u00fcr die Laserreinigung<\/strong><\/p>\n<\/div><\/div><div class=\"g-cols wpb_row via_flex valign_top type_default stacking_default\"><div class=\"vc_col-sm-6 wpb_column vc_column_container\"><div class=\"vc_column-inner\"><div class=\"wpb_wrapper\">[vc_raw_html]JTNDaWZyYW1lJTIwd2lkdGglM0QlMjIxMDAlMjUlMjIlMjBoZWlnaHQlM0QlMjIyNjBweCUyMiUyMHNyYyUzRCUyMmh0dHBzJTNBJTJGJTJGd3d3LnlvdXR1YmUuY29tJTJGZW1iZWQlMkZaaEdxczgzQzBZWSUzRnJlbCUzRDAlMjZhbXAlM0JlbmFibGVqc2FwaSUzRDElMjIlMjBmcmFtZWJvcmRlciUzRCUyMjAlMjIlM0UlM0MlMkZpZnJhbWUlM0U=[\/vc_raw_html]<\/div><\/div><\/div><div class=\"vc_col-sm-6 wpb_column vc_column_container\"><div class=\"vc_column-inner\"><div class=\"wpb_wrapper\">[vc_raw_html]JTNDaWZyYW1lJTIwd2lkdGglM0QlMjIxMDAlMjUlMjIlMjBoZWlnaHQlM0QlMjIyNjBweCUyMiUyMHNyYyUzRCUyMmh0dHBzJTNBJTJGJTJGd3d3LnlvdXR1YmUuY29tJTJGZW1iZWQlMkZmOE1IUFA4Nm1mdyUzRnJlbCUzRDAlMjZhbXAlM0JlbmFibGVqc2FwaSUzRDElMjIlMjBmcmFtZWJvcmRlciUzRCUyMjAlMjIlM0UlM0MlMkZpZnJhbWUlM0U=[\/vc_raw_html]<\/div><\/div><\/div><\/div><div class=\"g-cols wpb_row via_flex valign_top type_default stacking_default\"><div class=\"vc_col-sm-6 wpb_column vc_column_container\"><div class=\"vc_column-inner\"><div class=\"wpb_wrapper\">[vc_raw_html]JTNDdmlkZW8lMjB3aWR0aCUzRCUyMjEwMCUyNSUyMiUyMGhlaWdodCUzRCUyMjI2MHB4JTIyJTIwY29udHJvbHMlM0UlMEElMjAlMjAlM0Nzb3VyY2UlMjBzcmMlM0QlMjJodHRwcyUzQSUyRiUyRmxhc2VyaXNzZS5jb20lMkZ3cC1jb250ZW50JTJGdXBsb2FkcyUyRjIwMjAlMkYwOCUyRmxhc2VyaXNzZS10dXJjY2xlYW4tMi5tcDQlMjIlM0UlMjBUYXJheSVDNCVCMWMlQzQlQjFuJUM0JUIxeiUyMGJ1JTIwdGVrbm9sb2ppeWklMjBkZXN0ZWtsZW1peW9yLiUwQSUzQyUyRnZpZGVvJTNF[\/vc_raw_html]<\/div><\/div><\/div><div class=\"vc_col-sm-6 wpb_column vc_column_container\"><div class=\"vc_column-inner\"><div class=\"wpb_wrapper\">[vc_raw_html]JTNDdmlkZW8lMjB3aWR0aCUzRCUyMjEwMCUyNSUyMiUyMGhlaWdodCUzRCUyMjI2MHB4JTIyJTIwY29udHJvbHMlM0UlMEElMjAlMjAlM0Nzb3VyY2UlMjBzcmMlM0QlMjJodHRwcyUzQSUyRiUyRmxhc2VyaXNzZS5jb20lMkZ3cC1jb250ZW50JTJGdXBsb2FkcyUyRjIwMjAlMkYwNiUyRmxhc2VyLWNsZWFuaW5nLXNhbXBsZS12aWRlby0yLm1wNCUyMiUyMHR5cGUlM0QlMjJ2aWRlbyUyRm1wNCUyMiUzRSUyMFRhcmF5JUM0JUIxYyVDNCVCMW4lQzQlQjF6JTIwYnUlMjB0ZWtub2xvaml5aSUyMGRlc3Rla2xlbWl5b3IuJTBBJTNDJTJGdmlkZW8lM0U=[\/vc_raw_html]<\/div><\/div><\/div><\/div><\/div><\/div><\/div><\/div><\/div><\/div><\/div><\/div><\/div><\/div><\/section>\n","protected":false},"excerpt":{"rendered":"Laser ISSE Videos Videos zur LasermarkierungVideos zum LaserschneidenVideos zum Laserschwei\u00dfenVideos zur LaserreinigungVideos zur LasermarkierungProdukte zur Lasermarkierung [vc_raw_html]JTNDaWZyYW1lJTIwd2lkdGglM0QlMjIxMDAlMjUlMjIlMjBoZWlnaHQlM0QlMjIyNjBweCUyMiUyMHNyYyUzRCUyMmh0dHBzJTNBJTJGJTJGd3d3LnlvdXR1YmUuY29tJTJGZW1iZWQlMkZkLWt3QnJIZFMzNCUzRnJlbCUzRDAlMjZhbXAlM0JlbmFibGVqc2FwaSUzRDElMjIlMjBmcmFtZWJvcmRlciUzRCUyMjAlMjIlM0UlM0MlMkZpZnJhbWUlM0U=[\/vc_raw_html][vc_raw_html]JTNDaWZyYW1lJTIwd2lkdGglM0QlMjIxMDAlMjUlMjIlMjBoZWlnaHQlM0QlMjIyNjBweCUyMiUyMHNyYyUzRCUyMmh0dHBzJTNBJTJGJTJGd3d3LnlvdXR1YmUuY29tJTJGZW1iZWQlMkZyeU5SZnBVbkNfMCUzRnJlbCUzRDAlMjZhbXAlM0JlbmFibGVqc2FwaSUzRDElMjIlMjBmcmFtZWJvcmRlciUzRCUyMjAlMjIlM0UlM0MlMkZpZnJhbWUlM0U=[\/vc_raw_html][vc_raw_html]JTNDaWZyYW1lJTIwd2lkdGglM0QlMjIxMDAlMjUlMjIlMjBoZWlnaHQlM0QlMjIyNjBweCUyMiUyMHNyYyUzRCUyMmh0dHBzJTNBJTJGJTJGd3d3LnlvdXR1YmUuY29tJTJGZW1iZWQlMkZDWHFyVWxKb2QwSSUzRnJlbCUzRDAlMjZhbXAlM0JlbmFibGVqc2FwaSUzRDElMjIlMjBmcmFtZWJvcmRlciUzRCUyMjAlMjIlM0UlM0MlMkZpZnJhbWUlM0U=[\/vc_raw_html][vc_raw_html]JTNDdmlkZW8lMjB3aWR0aCUzRCUyMjEwMCUyNSUyMiUyMGhlaWdodCUzRCUyMjI2MHB4JTIyJTIwY29udHJvbHMlM0UlMEElMjAlMjAlM0Nzb3VyY2UlMjBzcmMlM0QlMjJodHRwcyUzQSUyRiUyRmxhc2VyaXNzZS5jb20lMkZ3cC1jb250ZW50JTJGdXBsb2FkcyUyRjIwMjAlMkYwOCUyRmxhc2VyaXNzZS10dXJja21hcmstMS5tcDQlMjIlMjB0eXBlJTNEJTIydmlkZW8lMkZtcDQlMjIlM0UlMjBUYXJheSVDNCVCMWMlQzQlQjFuJUM0JUIxeiUyMGJ1JTIwdGVrbm9sb2ppeWklMjBkZXN0ZWtsZW1peW9yLiUwQSUzQyUyRnZpZGVvJTNF[\/vc_raw_html][vc_raw_html]JTNDdmlkZW8lMjB3aWR0aCUzRCUyMjEwMCUyNSUyMiUyMGhlaWdodCUzRCUyMjI2MHB4JTIyJTIwY29udHJvbHMlM0UlMEElMjAlMjAlM0Nzb3VyY2UlMjBzcmMlM0QlMjJodHRwcyUzQSUyRiUyRmxhc2VyaXNzZS5jb20lMkZ3cC1jb250ZW50JTJGdXBsb2FkcyUyRjIwMjAlMkYwOCUyRmxhc2VyaXNzZS10dXJja21hcmstMi5tcDQlMjIlMjB0eXBlJTNEJTIydmlkZW8lMkZtcDQlMjIlM0UlMjBUYXJheSVDNCVCMWMlQzQlQjFuJUM0JUIxeiUyMGJ1JTIwdGVrbm9sb2ppeWklMjBkZXN0ZWtsZW1peW9yLiUwQSUzQyUyRnZpZGVvJTNF[\/vc_raw_html]Videos zum LaserschneidenProdukte zum Laserschneiden [vc_raw_html]JTNDaWZyYW1lJTIwd2lkdGglM0QlMjIxMDAlMjUlMjIlMjBoZWlnaHQlM0QlMjIyNjBweCUyMiUyMHNyYyUzRCUyMmh0dHBzJTNBJTJGJTJGd3d3LnlvdXR1YmUuY29tJTJGZW1iZWQlMkZWUk5uSzk4Yk8zdyUzRnJlbCUzRDAlMjZhbXAlM0JlbmFibGVqc2FwaSUzRDElMjIlMjBmcmFtZWJvcmRlciUzRCUyMjAlMjIlM0UlM0MlMkZpZnJhbWUlM0U=[\/vc_raw_html][vc_raw_html]JTNDdmlkZW8lMjB3aWR0aCUzRCUyMjEwMCUyNSUyMiUyMGhlaWdodCUzRCUyMjI2MHB4JTIyJTIwY29udHJvbHMlM0UlMEElMjAlMjAlM0Nzb3VyY2UlMjBzcmMlM0QlMjJodHRwcyUzQSUyRiUyRmxhc2VyaXNzZS5jb20lMkZ3cC1jb250ZW50JTJGdXBsb2FkcyUyRjIwMjAlMkYwNSUyRnR1cmNjdXR2aWRlb3MxLm1wNCUyMiUyMHR5cGUlM0QlMjJ2aWRlbyUyRm1wNCUyMiUzRSUyMFRhcmF5JUM0JUIxYyVDNCVCMW4lQzQlQjF6JTIwYnUlMjB0ZWtub2xvaml5aSUyMGRlc3Rla2xlbWl5b3IuJTBBJTNDJTJGdmlkZW8lM0U=[\/vc_raw_html][vc_raw_html]JTNDdmlkZW8lMjB3aWR0aCUzRCUyMjEwMCUyNSUyMiUyMGhlaWdodCUzRCUyMjI2MHB4JTIyJTIwY29udHJvbHMlM0UlMEElMjAlMjAlM0Nzb3VyY2UlMjBzcmMlM0QlMjJodHRwcyUzQSUyRiUyRmxhc2VyaXNzZS5jb20lMkZ3cC1jb250ZW50JTJGdXBsb2FkcyUyRjIwMjAlMkYwNSUyRnR1cmNjdXR2aWRlb3MyLm1wNCUyMiUyMHR5cGUlM0QlMjJ2aWRlbyUyRm1wNCUyMiUzRSUyMFRhcmF5JUM0JUIxYyVDNCVCMW4lQzQlQjF6JTIwYnUlMjB0ZWtub2xvaml5aSUyMGRlc3Rla2xlbWl5b3IuJTBBJTNDJTJGdmlkZW8lM0U=[\/vc_raw_html][vc_raw_html]JTNDdmlkZW8lMjB3aWR0aCUzRCUyMjEwMCUyNSUyMiUyMGhlaWdodCUzRCUyMjI2MHB4JTIyJTIwY29udHJvbHMlM0UlMEElMjAlMjAlM0Nzb3VyY2UlMjBzcmMlM0QlMjJodHRwcyUzQSUyRiUyRmxhc2VyaXNzZS5jb20lMkZ3cC1jb250ZW50JTJGdXBsb2FkcyUyRjIwMjAlMkYwNSUyRnR1cmNjdXR2aWRlb3MzLm1wNCUyMiUyMHR5cGUlM0QlMjJ2aWRlbyUyRm1wNCUyMiUzRSUyMFRhcmF5JUM0JUIxYyVDNCVCMW4lQzQlQjF6JTIwYnUlMjB0ZWtub2xvaml5aSUyMGRlc3Rla2xlbWl5b3IuJTBBJTNDJTJGdmlkZW8lM0U=[\/vc_raw_html][vc_raw_html]JTNDdmlkZW8lMjB3aWR0aCUzRCUyMjEwMCUyNSUyMiUyMGhlaWdodCUzRCUyMjI2MHB4JTIyJTIwY29udHJvbHMlM0UlMEElMjAlMjAlM0Nzb3VyY2UlMjBzcmMlM0QlMjJodHRwcyUzQSUyRiUyRmxhc2VyaXNzZS5jb20lMkZ3cC1jb250ZW50JTJGdXBsb2FkcyUyRjIwMjAlMkYwNSUyRnR1cmNjdXR2aWRlb3M0Lm1wNCUyMiUyMHR5cGUlM0QlMjJ2aWRlbyUyRm1wNCUyMiUzRSUyMFRhcmF5JUM0JUIxYyVDNCVCMW4lQzQlQjF6JTIwYnUlMjB0ZWtub2xvaml5aSUyMGRlc3Rla2xlbWl5b3IuJTBBJTNDJTJGdmlkZW8lM0U=[\/vc_raw_html]Videos zum Laserschwei\u00dfenProdukte f\u00fcr das Laserschwei\u00dfen [vc_raw_html]JTNDaWZyYW1lJTIwd2lkdGglM0QlMjIxMDAlMjUlMjIlMjBoZWlnaHQlM0QlMjIyNjBweCUyMiUyMHNyYyUzRCUyMmh0dHBzJTNBJTJGJTJGd3d3LnlvdXR1YmUuY29tJTJGZW1iZWQlMkZpNDd5djBtdzAzQSUzRnJlbCUzRDAlMjZhbXAlM0JlbmFibGVqc2FwaSUzRDElMjIlMjBmcmFtZWJvcmRlciUzRCUyMjAlMjIlM0UlM0MlMkZpZnJhbWUlM0U=[\/vc_raw_html][vc_raw_html]JTNDdmlkZW8lMjB3aWR0aCUzRCUyMjEwMCUyNSUyMiUyMGhlaWdodCUzRCUyMjI2MHB4JTIyJTIwY29udHJvbHMlM0UlMEElMjAlMjAlM0Nzb3VyY2UlMjBzcmMlM0QlMjJodHRwcyUzQSUyRiUyRmxhc2VyaXNzZS5jb20lMkZ3cC1jb250ZW50JTJGdXBsb2FkcyUyRjIwMjAlMkYwNiUyRndlbGRpbmctdmlkZW8tMS5tcDQlMjIlMjB0eXBlJTNEJTIydmlkZW8lMkZtcDQlMjIlM0UlMjBUYXJheSVDNCVCMWMlQzQlQjFuJUM0JUIxeiUyMGJ1JTIwdGVrbm9sb2ppeWklMjBkZXN0ZWtsZW1peW9yLiUwQSUzQyUyRnZpZGVvJTNF[\/vc_raw_html][vc_raw_html]JTNDdmlkZW8lMjB3aWR0aCUzRCUyMjEwMCUyNSUyMiUyMGhlaWdodCUzRCUyMjI2MHB4JTIyJTIwY29udHJvbHMlM0UlMEElMjAlMjAlM0Nzb3VyY2UlMjBzcmMlM0QlMjJodHRwcyUzQSUyRiUyRmxhc2VyaXNzZS5jb20lMkZ3cC1jb250ZW50JTJGdXBsb2FkcyUyRjIwMjAlMkYwNiUyRndlbGRpbmctdmlkZW8tMi5tcDQlMjIlMjB0eXBlJTNEJTIydmlkZW8lMkZtcDQlMjIlM0UlMjBUYXJheSVDNCVCMWMlQzQlQjFuJUM0JUIxeiUyMGJ1JTIwdGVrbm9sb2ppeWklMjBkZXN0ZWtsZW1peW9yLiUwQSUzQyUyRnZpZGVvJTNF[\/vc_raw_html]Videos zur LaserreinigungProdukte f\u00fcr die Laserreinigung [vc_raw_html]JTNDaWZyYW1lJTIwd2lkdGglM0QlMjIxMDAlMjUlMjIlMjBoZWlnaHQlM0QlMjIyNjBweCUyMiUyMHNyYyUzRCUyMmh0dHBzJTNBJTJGJTJGd3d3LnlvdXR1YmUuY29tJTJGZW1iZWQlMkZaaEdxczgzQzBZWSUzRnJlbCUzRDAlMjZhbXAlM0JlbmFibGVqc2FwaSUzRDElMjIlMjBmcmFtZWJvcmRlciUzRCUyMjAlMjIlM0UlM0MlMkZpZnJhbWUlM0U=[\/vc_raw_html][vc_raw_html]JTNDaWZyYW1lJTIwd2lkdGglM0QlMjIxMDAlMjUlMjIlMjBoZWlnaHQlM0QlMjIyNjBweCUyMiUyMHNyYyUzRCUyMmh0dHBzJTNBJTJGJTJGd3d3LnlvdXR1YmUuY29tJTJGZW1iZWQlMkZmOE1IUFA4Nm1mdyUzRnJlbCUzRDAlMjZhbXAlM0JlbmFibGVqc2FwaSUzRDElMjIlMjBmcmFtZWJvcmRlciUzRCUyMjAlMjIlM0UlM0MlMkZpZnJhbWUlM0U=[\/vc_raw_html][vc_raw_html]JTNDdmlkZW8lMjB3aWR0aCUzRCUyMjEwMCUyNSUyMiUyMGhlaWdodCUzRCUyMjI2MHB4JTIyJTIwY29udHJvbHMlM0UlMEElMjAlMjAlM0Nzb3VyY2UlMjBzcmMlM0QlMjJodHRwcyUzQSUyRiUyRmxhc2VyaXNzZS5jb20lMkZ3cC1jb250ZW50JTJGdXBsb2FkcyUyRjIwMjAlMkYwOCUyRmxhc2VyaXNzZS10dXJjY2xlYW4tMi5tcDQlMjIlM0UlMjBUYXJheSVDNCVCMWMlQzQlQjFuJUM0JUIxeiUyMGJ1JTIwdGVrbm9sb2ppeWklMjBkZXN0ZWtsZW1peW9yLiUwQSUzQyUyRnZpZGVvJTNF[\/vc_raw_html][vc_raw_html]JTNDdmlkZW8lMjB3aWR0aCUzRCUyMjEwMCUyNSUyMiUyMGhlaWdodCUzRCUyMjI2MHB4JTIyJTIwY29udHJvbHMlM0UlMEElMjAlMjAlM0Nzb3VyY2UlMjBzcmMlM0QlMjJodHRwcyUzQSUyRiUyRmxhc2VyaXNzZS5jb20lMkZ3cC1jb250ZW50JTJGdXBsb2FkcyUyRjIwMjAlMkYwNiUyRmxhc2VyLWNsZWFuaW5nLXNhbXBsZS12aWRlby0yLm1wNCUyMiUyMHR5cGUlM0QlMjJ2aWRlbyUyRm1wNCUyMiUzRSUyMFRhcmF5JUM0JUIxYyVDNCVCMW4lQzQlQjF6JTIwYnUlMjB0ZWtub2xvaml5aSUyMGRlc3Rla2xlbWl5b3IuJTBBJTNDJTJGdmlkZW8lM0U=[\/vc_raw_html]","protected":false},"author":743,"featured_media":0,"parent":0,"menu_order":25,"comment_status":"closed","ping_status":"closed","template":"","meta":{"inline_featured_image":false,"footnotes":""},"class_list":["post-27177","page","type-page","status-publish","hentry"],"_links":{"self":[{"href":"https:\/\/laserisse.com\/de\/wp-json\/wp\/v2\/pages\/27177","targetHints":{"allow":["GET"]}}],"collection":[{"href":"https:\/\/laserisse.com\/de\/wp-json\/wp\/v2\/pages"}],"about":[{"href":"https:\/\/laserisse.com\/de\/wp-json\/wp\/v2\/types\/page"}],"author":[{"embeddable":true,"href":"https:\/\/laserisse.com\/de\/wp-json\/wp\/v2\/users\/743"}],"replies":[{"embeddable":true,"href":"https:\/\/laserisse.com\/de\/wp-json\/wp\/v2\/comments?post=27177"}],"version-history":[{"count":3,"href":"https:\/\/laserisse.com\/de\/wp-json\/wp\/v2\/pages\/27177\/revisions"}],"predecessor-version":[{"id":27181,"href":"https:\/\/laserisse.com\/de\/wp-json\/wp\/v2\/pages\/27177\/revisions\/27181"}],"wp:attachment":[{"href":"https:\/\/laserisse.com\/de\/wp-json\/wp\/v2\/media?parent=27177"}],"curies":[{"name":"wp","href":"https:\/\/api.w.org\/{rel}","templated":true}]}}