{"id":27167,"date":"2020-04-11T19:48:31","date_gmt":"2020-04-11T16:48:31","guid":{"rendered":"https:\/\/laserisse.com\/human-resources\/"},"modified":"2024-09-16T08:52:56","modified_gmt":"2024-09-16T05:52:56","slug":"personalwesen","status":"publish","type":"page","link":"https:\/\/laserisse.com\/de\/personalwesen\/","title":{"rendered":"Personalwesen"},"content":{"rendered":"<section class=\"l-section wpb_row height_huge width_full color_alternate with_img parallax_ver\"><div class=\"l-section-img\" role=\"img\" data-img-width=\"1920\" data-img-height=\"955\" style=\"background-image: url(https:\/\/laserisse.com\/wp-content\/uploads\/2020\/04\/laserisse-human-resources-header.jpg);background-position: top center;background-repeat: no-repeat;\"><\/div><div class=\"l-section-overlay\" style=\"background:rgba(34,35,41,0.65)\"><\/div><div class=\"l-section-h i-cf\"><div class=\"g-cols vc_row via_flex valign_middle type_default stacking_default\"><div class=\"vc_col-sm-12 wpb_column vc_column_container\"><div class=\"vc_column-inner\"><div class=\"wpb_wrapper\"><div class=\"wpb_text_column\"><div class=\"wpb_wrapper\"><h1 style=\"text-align: center; color: white;\">Personalwesen<\/h1>\n<\/div><\/div><\/div><\/div><\/div><\/div><\/div><\/section><section class=\"l-section wpb_row height_auto\"><div class=\"l-section-h i-cf\"><div class=\"g-cols vc_row via_flex valign_top type_default stacking_default\"><div class=\"vc_col-sm-4 wpb_column vc_column_container\"><div class=\"vc_column-inner\"><div class=\"wpb_wrapper\"><div class=\"w-image us_custom_8a0380b4 aboutus-company-image align_center us_animate_fade\"><div class=\"w-image-h\"><img decoding=\"async\" width=\"600\" height=\"881\" src=\"https:\/\/laserisse.com\/wp-content\/uploads\/2020\/04\/laserisse-hr-policy-image.jpg\" class=\"attachment-full size-full\" alt=\"\" loading=\"lazy\" srcset=\"https:\/\/laserisse.com\/wp-content\/uploads\/2020\/04\/laserisse-hr-policy-image.jpg 600w, https:\/\/laserisse.com\/wp-content\/uploads\/2020\/04\/laserisse-hr-policy-image-204x300.jpg 204w, https:\/\/laserisse.com\/wp-content\/uploads\/2020\/04\/laserisse-hr-policy-image-58x85.jpg 58w, https:\/\/laserisse.com\/wp-content\/uploads\/2020\/04\/laserisse-hr-policy-image-409x600.jpg 409w, https:\/\/laserisse.com\/wp-content\/uploads\/2020\/04\/laserisse-hr-policy-image-272x400.jpg 272w\" sizes=\"auto, (max-width: 600px) 100vw, 600px\" title=\"Laser Isse\"><\/div><\/div><\/div><\/div><\/div><div class=\"vc_col-sm-8 wpb_column vc_column_container\"><div class=\"vc_column-inner\"><div class=\"wpb_wrapper\"><div class=\"w-separator size_large\"><\/div><div class=\"wpb_text_column\"><div class=\"wpb_wrapper\"><div class=\"title\">\n<h5>Unsere Personalpolitik<\/h5>\n<\/div>\n<\/div><\/div><div class=\"w-separator size_small\"><\/div><div class=\"wpb_text_column\"><div class=\"wpb_wrapper\"><p><strong>Laser ISSE<\/strong> \u2013 Lasertechnologien f\u00fchrt sich mit der Vision \u201eSt\u00e4ndige Innovation und Verbesserung\u201c in die Zukunft, um seine hohe Position in den Lasersektoren zu bewahren. Auf der Grundlage des reichen Wissens und des Verst\u00e4ndnisses f\u00fcr Qualit\u00e4tsprodukte und -dienstleistungen k\u00f6nnen wir die Wettbewerbsf\u00e4higkeit in allen Bereichen steigern. Das Personalmanagement von Laser ISSE hilft uns, uns auf unsere Gesch\u00e4ftsstrategien zu konzentrieren, mit dem Ziel, alle Personalanwendungen integriert zu verwalten.<\/p>\n<p>Indem wir die Ziele unserer Personalprozesse in den Mittelpunkt unserer Gesch\u00e4ftspriorit\u00e4ten stellen, sind wir in der Lage:<\/p>\n<ul>\n<li>Qualifizierte und messbare Schulungs- und Entwicklungsm\u00f6glichkeiten f\u00fcr unsere Mitarbeiter anzubieten, um kontinuierliche Verbesserung zu gew\u00e4hrleisten.<\/li>\n<li>Den Fokus auf die Talente der Mitarbeiter zu legen und verschiedene Bildungs- und Entwicklungsumgebungen zu schaffen, um das Potenzial aller Teammitglieder zu erkennen und zu f\u00f6rdern.<\/li>\n<li>Vielfalt, verbunden mit Multikulturalit\u00e4t, als Chance im Mitarbeiterprofil zu sehen.<\/li>\n<li>Teamarbeit und die Zugeh\u00f6rigkeit zu einem Team zu unterst\u00fctzen.<\/li>\n<li>Neue Entwicklungen mit dem Verst\u00e4ndnis des kontinuierlichen Lernens in die Unternehmenskultur zu integrieren.<\/li>\n<li>Das Gleichgewicht zwischen Arbeits- und Privatleben aller Mitarbeiter zu respektieren.<\/li>\n<li>Das Wohl der Gesellschaft mit Individuen zu dienen, die sich ihrer individuellen, sozialen und \u00f6kologischen Verantwortung bewusst sind.<\/li>\n<\/ul>\n<\/div><\/div><div class=\"w-separator size_small\"><\/div><\/div><\/div><\/div><\/div><\/div><\/section><section class=\"l-section wpb_row height_custom\"><div class=\"l-section-h i-cf\"><div class=\"g-cols vc_row via_flex valign_top type_default stacking_default\"><div class=\"vc_col-sm-3 wpb_column vc_column_container\"><div class=\"vc_column-inner\"><div class=\"wpb_wrapper\"><div class=\"wpb_text_column\"><div class=\"wpb_wrapper\"><h5>Offene Stellen<\/h5>\n<\/div><\/div><div class=\"wpb_text_column\"><div class=\"wpb_wrapper\"><p>&#8230;.<\/p>\n<\/div><\/div><\/div><\/div><\/div><div class=\"vc_col-sm-9 wpb_column vc_column_container\"><div class=\"vc_column-inner\"><div class=\"wpb_wrapper\"><div class=\"wpb_text_column\"><div class=\"wpb_wrapper\"><h5>Allgemeine Bewerbung<\/h5>\n<\/div><\/div>\n<div class=\"wpcf7 no-js\" id=\"wpcf7-f6473-o1\" lang=\"en-US\" dir=\"ltr\">\n<div class=\"screen-reader-response\"><p role=\"status\" aria-live=\"polite\" aria-atomic=\"true\"><\/p> <ul><\/ul><\/div>\n<form action=\"\/de\/wp-json\/wp\/v2\/pages\/27167#wpcf7-f6473-o1\" method=\"post\" class=\"wpcf7-form init\" aria-label=\"Contact form\" novalidate=\"novalidate\" data-status=\"init\">\n<div style=\"display: none;\">\n<input type=\"hidden\" name=\"_wpcf7\" value=\"6473\" \/>\n<input type=\"hidden\" name=\"_wpcf7_version\" value=\"5.9.8\" \/>\n<input type=\"hidden\" name=\"_wpcf7_locale\" value=\"en_US\" \/>\n<input type=\"hidden\" name=\"_wpcf7_unit_tag\" value=\"wpcf7-f6473-o1\" \/>\n<input type=\"hidden\" name=\"_wpcf7_container_post\" value=\"0\" \/>\n<input type=\"hidden\" name=\"_wpcf7_posted_data_hash\" value=\"\" \/>\n<input type=\"hidden\" name=\"_wpcf7_recaptcha_response\" value=\"\" \/>\n<\/div>\n<h6>Human Resources Form\n<\/h6>\n<p><label>Position (required)<\/label><span class=\"wpcf7-form-control-wrap\" data-name=\"position\"><input size=\"40\" maxlength=\"400\" class=\"wpcf7-form-control wpcf7-text wpcf7-validates-as-required\" aria-required=\"true\" aria-invalid=\"false\" value=\"\" type=\"text\" name=\"position\" \/><\/span><label>Have you applied to Laser ISSE previously?<\/label><span class=\"wpcf7-form-control-wrap\" data-name=\"apply\"><input size=\"40\" maxlength=\"400\" class=\"wpcf7-form-control wpcf7-text wpcf7-validates-as-required\" aria-required=\"true\" aria-invalid=\"false\" value=\"\" type=\"text\" name=\"apply\" \/><\/span><label>Your Salary Expectation<\/label><span class=\"wpcf7-form-control-wrap\" data-name=\"salary-expectation\"><input size=\"40\" maxlength=\"400\" class=\"wpcf7-form-control wpcf7-text wpcf7-validates-as-required\" aria-required=\"true\" aria-invalid=\"false\" value=\"\" type=\"text\" name=\"salary-expectation\" \/><\/span>\n<\/p>\n<h6>Personal Information\n<\/h6>\n<p><label>Name (required)<\/label><span class=\"wpcf7-form-control-wrap\" data-name=\"your-name\"><input size=\"40\" maxlength=\"400\" class=\"wpcf7-form-control wpcf7-text wpcf7-validates-as-required\" aria-required=\"true\" aria-invalid=\"false\" value=\"\" type=\"text\" name=\"your-name\" \/><\/span><label>Surname (required)<\/label><span class=\"wpcf7-form-control-wrap\" data-name=\"your-surname\"><input size=\"40\" maxlength=\"400\" class=\"wpcf7-form-control wpcf7-text wpcf7-validates-as-required\" aria-required=\"true\" aria-invalid=\"false\" value=\"\" type=\"text\" name=\"your-surname\" \/><\/span><label>Address<\/label><span class=\"wpcf7-form-control-wrap\" data-name=\"your-address\"><textarea cols=\"40\" rows=\"10\" maxlength=\"2000\" class=\"wpcf7-form-control wpcf7-textarea\" aria-invalid=\"false\" name=\"your-address\"><\/textarea><\/span><label>Home Phone<\/label><span class=\"wpcf7-form-control-wrap\" data-name=\"home-phone\"><input size=\"40\" maxlength=\"400\" class=\"wpcf7-form-control wpcf7-text wpcf7-validates-as-required\" aria-required=\"true\" aria-invalid=\"false\" value=\"\" type=\"text\" name=\"home-phone\" \/><\/span><label>Mobile<\/label><span class=\"wpcf7-form-control-wrap\" data-name=\"mobile-phone\"><input size=\"40\" maxlength=\"400\" class=\"wpcf7-form-control wpcf7-text wpcf7-validates-as-required\" aria-required=\"true\" aria-invalid=\"false\" value=\"\" type=\"text\" name=\"mobile-phone\" \/><\/span><label>E-Mail (required)<\/label><span class=\"wpcf7-form-control-wrap\" data-name=\"your-email\"><input size=\"40\" maxlength=\"400\" class=\"wpcf7-form-control wpcf7-email wpcf7-validates-as-required wpcf7-text wpcf7-validates-as-email\" aria-required=\"true\" aria-invalid=\"false\" value=\"\" type=\"email\" name=\"your-email\" \/><\/span><label>Gender<\/label><input type=\"radio\" name=\"gender\" value=\"female\" \/> Female <input type=\"radio\" name=\"gender\" value=\"male\" \/> Male<label>Marital Status<\/label><input type=\"radio\" name=\"mstatus\" value=\"single\" \/> Single <input type=\"radio\" name=\"mstatus\" value=\"married\" \/> Married<label>Nationality<\/label><input type=\"radio\" name=\"nationality\" value=\"single\" \/> T.C <input type=\"radio\" name=\"nationality\" value=\"married\" \/> Other Nationality\n<\/p>\n<h6>Education Information\n<\/h6>\n<p><label>Graduate School<\/label><span class=\"wpcf7-form-control-wrap\" data-name=\"your-master\"><textarea cols=\"40\" rows=\"10\" maxlength=\"2000\" class=\"wpcf7-form-control wpcf7-textarea\" aria-invalid=\"false\" name=\"your-master\"><\/textarea><\/span><label>University<\/label><span class=\"wpcf7-form-control-wrap\" data-name=\"your-university\"><textarea cols=\"40\" rows=\"10\" maxlength=\"2000\" class=\"wpcf7-form-control wpcf7-textarea\" aria-invalid=\"false\" name=\"your-university\"><\/textarea><\/span><label>High School<\/label><span class=\"wpcf7-form-control-wrap\" data-name=\"your-highschool\"><textarea cols=\"40\" rows=\"10\" maxlength=\"2000\" class=\"wpcf7-form-control wpcf7-textarea\" aria-invalid=\"false\" name=\"your-highschool\"><\/textarea><\/span>\n<\/p>\n<h6>Work Experience\n<\/h6>\n<p><label>Company Information<\/label><span class=\"wpcf7-form-control-wrap\" data-name=\"company-information1\"><textarea cols=\"40\" rows=\"10\" maxlength=\"2000\" class=\"wpcf7-form-control wpcf7-textarea\" aria-invalid=\"false\" name=\"company-information1\"><\/textarea><\/span><label>Company Information<\/label><span class=\"wpcf7-form-control-wrap\" data-name=\"company-information2\"><textarea cols=\"40\" rows=\"10\" maxlength=\"2000\" class=\"wpcf7-form-control wpcf7-textarea\" aria-invalid=\"false\" name=\"company-information2\"><\/textarea><\/span><label>Company Information<\/label><span class=\"wpcf7-form-control-wrap\" data-name=\"company-information3\"><textarea cols=\"40\" rows=\"10\" maxlength=\"2000\" class=\"wpcf7-form-control wpcf7-textarea\" aria-invalid=\"false\" name=\"company-information3\"><\/textarea><\/span>\n<\/p>\n<h6>Foreign Language\n<\/h6>\n<p><label>Language and ability<\/label><span class=\"wpcf7-form-control-wrap\" data-name=\"language-ability1\"><input size=\"40\" maxlength=\"400\" class=\"wpcf7-form-control wpcf7-text\" aria-invalid=\"false\" value=\"\" type=\"text\" name=\"language-ability1\" \/><\/span><label>Language and ability<\/label><span class=\"wpcf7-form-control-wrap\" data-name=\"language-ability2\"><input size=\"40\" maxlength=\"400\" class=\"wpcf7-form-control wpcf7-text\" aria-invalid=\"false\" value=\"\" type=\"text\" name=\"language-ability2\" \/><\/span><label>Language and ability<\/label><span class=\"wpcf7-form-control-wrap\" data-name=\"language-ability3\"><input size=\"40\" maxlength=\"400\" class=\"wpcf7-form-control wpcf7-text\" aria-invalid=\"false\" value=\"\" type=\"text\" name=\"language-ability3\" \/><\/span>\n<\/p>\n<h6>Driver\u2019s License\n<\/h6>\n<p><span class=\"wpcf7-form-control-wrap\" data-name=\"driving-license\"><textarea cols=\"40\" rows=\"10\" maxlength=\"2000\" class=\"wpcf7-form-control wpcf7-textarea\" aria-invalid=\"false\" name=\"driving-license\"><\/textarea><\/span>\n<\/p>\n<h6>References\n<\/h6>\n<p><span class=\"wpcf7-form-control-wrap\" data-name=\"your-references\"><textarea cols=\"40\" rows=\"10\" maxlength=\"2000\" class=\"wpcf7-form-control wpcf7-textarea\" aria-invalid=\"false\" name=\"your-references\"><\/textarea><\/span><input class=\"wpcf7-form-control wpcf7-submit has-spinner\" type=\"submit\" value=\"Submit\" \/>\n<\/p><div class=\"wpcf7-response-output\" aria-hidden=\"true\"><\/div>\n<\/form>\n<\/div>\n<\/div><\/div><\/div><\/div><\/div><\/section>\n","protected":false},"excerpt":{"rendered":"Personalwesen Unsere Personalpolitik Laser ISSE \u2013 Lasertechnologien f\u00fchrt sich mit der Vision \u201eSt\u00e4ndige Innovation und Verbesserung\u201c in die Zukunft, um seine hohe Position in den Lasersektoren zu bewahren. Auf der Grundlage des reichen Wissens und des Verst\u00e4ndnisses f\u00fcr Qualit\u00e4tsprodukte und -dienstleistungen k\u00f6nnen wir die Wettbewerbsf\u00e4higkeit in allen Bereichen steigern. Das Personalmanagement von Laser ISSE hilft...","protected":false},"author":743,"featured_media":0,"parent":0,"menu_order":23,"comment_status":"closed","ping_status":"closed","template":"","meta":{"inline_featured_image":false,"footnotes":""},"class_list":["post-27167","page","type-page","status-publish","hentry"],"_links":{"self":[{"href":"https:\/\/laserisse.com\/de\/wp-json\/wp\/v2\/pages\/27167","targetHints":{"allow":["GET"]}}],"collection":[{"href":"https:\/\/laserisse.com\/de\/wp-json\/wp\/v2\/pages"}],"about":[{"href":"https:\/\/laserisse.com\/de\/wp-json\/wp\/v2\/types\/page"}],"author":[{"embeddable":true,"href":"https:\/\/laserisse.com\/de\/wp-json\/wp\/v2\/users\/743"}],"replies":[{"embeddable":true,"href":"https:\/\/laserisse.com\/de\/wp-json\/wp\/v2\/comments?post=27167"}],"version-history":[{"count":3,"href":"https:\/\/laserisse.com\/de\/wp-json\/wp\/v2\/pages\/27167\/revisions"}],"predecessor-version":[{"id":27170,"href":"https:\/\/laserisse.com\/de\/wp-json\/wp\/v2\/pages\/27167\/revisions\/27170"}],"wp:attachment":[{"href":"https:\/\/laserisse.com\/de\/wp-json\/wp\/v2\/media?parent=27167"}],"curies":[{"name":"wp","href":"https:\/\/api.w.org\/{rel}","templated":true}]}}