{"id":27158,"date":"2015-10-26T12:35:37","date_gmt":"2015-10-26T09:35:37","guid":{"rendered":"https:\/\/laserisse.com\/news\/"},"modified":"2024-09-13T16:55:15","modified_gmt":"2024-09-13T13:55:15","slug":"newsroom","status":"publish","type":"page","link":"https:\/\/laserisse.com\/de\/newsroom\/","title":{"rendered":"Laser ISSE Blog"},"content":{"rendered":"<section class=\"l-section wpb_row height_huge width_full color_alternate with_img parallax_ver\"><div class=\"l-section-img\" role=\"img\" data-img-width=\"1920\" data-img-height=\"955\" style=\"background-image: url(https:\/\/laserisse.com\/wp-content\/uploads\/2020\/04\/laserisse-blog-header.jpg);background-position: bottom center;background-repeat: no-repeat;\"><\/div><div class=\"l-section-overlay\" style=\"background:rgba(34,35,41,0.65)\"><\/div><div class=\"l-section-h i-cf\"><div class=\"g-cols vc_row via_flex valign_middle type_default stacking_default\"><div class=\"vc_col-sm-12 wpb_column vc_column_container\"><div class=\"vc_column-inner\"><div class=\"wpb_wrapper\"><div class=\"w-separator size_medium\"><\/div><div class=\"wpb_text_column\"><div class=\"wpb_wrapper\"><h2 style=\"text-align: center; color: white;\">Laser ISSE Blog<\/h2>\n<\/div><\/div><\/div><\/div><\/div><\/div><\/div><\/section><section class=\"l-section wpb_row height_custom\"><div class=\"l-section-h i-cf\"><div class=\"g-cols vc_row via_flex valign_top type_default stacking_default\"><div class=\"vc_col-sm-12 wpb_column vc_column_container\"><div class=\"vc_column-inner\"><div class=\"wpb_wrapper\"><div class=\"w-grid type_grid layout_blog_4 cols_3 with_filters\" id=\"us_grid_1\" style=\"--gap:1.5rem;\"><style>@media (max-width:1280px){#us_grid_1 .w-grid-item{width:50%}}@media (max-width:1024px){#us_grid_1 .w-grid-list{margin:0}#us_grid_1 .w-grid-item{width:100%;padding:0;margin-bottom:var(--gap,0px)}}@media (max-width:600px){#us_grid_1 .w-grid-list{margin:0}#us_grid_1 .w-grid-item{width:100%;padding:0;margin-bottom:var(--gap,0px)}}@media (min-width:1024px){#us_grid_1 .w-post-elm.post_title{font-size:1.5rem!important}}.layout_blog_4 .w-grid-item-h{}.layout_blog_4 .usg_post_image_1{margin-bottom:0.6rem!important}.layout_blog_4 .usg_post_title_1{font-size:1.2rem!important;margin-bottom:0.3rem!important}.layout_blog_4 .usg_post_date_1{color:var(--color-content-faded)!important;font-size:0.8rem!important;line-height:1.6!important}<\/style><div class=\"g-filters style_1 align_center\"><button class=\"g-filters-item active\" data-taxonomy=\"ankuendigungen\" data-amount=\"8\"><span>Ank\u00fcndigungen<\/span><span class=\"g-filters-item-amount\">8<\/span><\/button><button class=\"g-filters-item\" data-taxonomy=\"besuchte-messen\" data-amount=\"14\"><span>Besuchte Messen<\/span><span class=\"g-filters-item-amount\">14<\/span><\/button><button class=\"g-filters-item\" data-taxonomy=\"laser-labor\" data-amount=\"3\"><span>Laser-Labor<\/span><span class=\"g-filters-item-amount\">3<\/span><\/button><\/div><div class=\"w-grid-list\" data-filter_taxonomy_name=\"category\" data-filter_default_taxonomies=\"ankuendigungen\">\t<article class=\"w-grid-item size_1x1 post-28890 post type-post status-publish format-standard has-post-thumbnail hentry category-ankuendigungen\" data-id=\"28890\">\r\n\t\t<div class=\"w-grid-item-h\">\r\n\t\t\t\t\t\t<div class=\"w-post-elm post_image usg_post_image_1 stretched\"><a href=\"https:\/\/laserisse.com\/de\/ankuendigungen\/open-house-at-laser-isse-europe-gmbh-2\/\" aria-label=\"Tag der offenen T\u00fcr bei der Laser ISSE Europe GmbH\"><img loading=\"lazy\" decoding=\"async\" width=\"1024\" height=\"1024\" src=\"https:\/\/laserisse.com\/wp-content\/uploads\/2025\/11\/Open-House-Laser-ISSE-Europe-GmbH-k-1024x1024.jpg\" class=\"attachment-large size-large wp-post-image\" alt=\"\" srcset=\"https:\/\/laserisse.com\/wp-content\/uploads\/2025\/11\/Open-House-Laser-ISSE-Europe-GmbH-k-1024x1024.jpg 1024w, https:\/\/laserisse.com\/wp-content\/uploads\/2025\/11\/Open-House-Laser-ISSE-Europe-GmbH-k-300x300.jpg 300w, https:\/\/laserisse.com\/wp-content\/uploads\/2025\/11\/Open-House-Laser-ISSE-Europe-GmbH-k-150x150.jpg 150w, https:\/\/laserisse.com\/wp-content\/uploads\/2025\/11\/Open-House-Laser-ISSE-Europe-GmbH-k-1280x1280.jpg 1280w, https:\/\/laserisse.com\/wp-content\/uploads\/2025\/11\/Open-House-Laser-ISSE-Europe-GmbH-k-400x400.jpg 400w, https:\/\/laserisse.com\/wp-content\/uploads\/2025\/11\/Open-House-Laser-ISSE-Europe-GmbH-k.jpg 1500w\" sizes=\"auto, (max-width: 1024px) 100vw, 1024px\" title=\"Laser Isse\"><\/a><\/div><h2 class=\"w-post-elm post_title usg_post_title_1 entry-title color_link_inherit\"><a href=\"https:\/\/laserisse.com\/de\/ankuendigungen\/open-house-at-laser-isse-europe-gmbh-2\/\">Tag der offenen T\u00fcr bei der Laser ISSE Europe GmbH<\/a><\/h2><time class=\"w-post-elm post_date usg_post_date_1 has_text_color entry-date published\" datetime=\"2025-11-19T12:03:37+03:00\" title=\"19 November 2025 um 12:03:37 +03:00\u00a0Uhr\">vor 5\u00a0Monaten<\/time>\t\t<\/div>\r\n\t\t\t<\/article>\r\n\t<article class=\"w-grid-item size_1x1 post-24946 post type-post status-publish format-standard has-post-thumbnail hentry category-ankuendigungen\" data-id=\"24946\">\r\n\t\t<div class=\"w-grid-item-h\">\r\n\t\t\t\t\t\t<div class=\"w-post-elm post_image usg_post_image_1 stretched\"><a href=\"https:\/\/laserisse.com\/de\/ankuendigungen\/laser-isse-europe-gmbh-grosse-eroeffnung\/\" aria-label=\"LASER ISSE EUROPE GMBH \u2013 GROSSE ER\u00d6FFNUNG\"><img loading=\"lazy\" decoding=\"async\" width=\"1000\" height=\"1000\" src=\"https:\/\/laserisse.com\/wp-content\/uploads\/2024\/01\/laserisse-gmbh.jpg\" class=\"attachment-large size-large wp-post-image\" alt=\"\" srcset=\"https:\/\/laserisse.com\/wp-content\/uploads\/2024\/01\/laserisse-gmbh.jpg 1000w, https:\/\/laserisse.com\/wp-content\/uploads\/2024\/01\/laserisse-gmbh-300x300.jpg 300w, https:\/\/laserisse.com\/wp-content\/uploads\/2024\/01\/laserisse-gmbh-150x150.jpg 150w\" sizes=\"auto, (max-width: 1000px) 100vw, 1000px\" title=\"Laser Isse\"><\/a><\/div><h2 class=\"w-post-elm post_title usg_post_title_1 entry-title color_link_inherit\"><a href=\"https:\/\/laserisse.com\/de\/ankuendigungen\/laser-isse-europe-gmbh-grosse-eroeffnung\/\">LASER ISSE EUROPE GMBH \u2013 GROSSE ER\u00d6FFNUNG<\/a><\/h2><time class=\"w-post-elm post_date usg_post_date_1 has_text_color entry-date published\" datetime=\"2024-03-05T12:02:23+03:00\" title=\"5 M\u00e4rz 2024 um 12:02:23 +03:00\u00a0Uhr\">vor 2\u00a0Jahren<\/time>\t\t<\/div>\r\n\t\t\t<\/article>\r\n\t<article class=\"w-grid-item size_1x1 post-26889 post type-post status-publish format-standard has-post-thumbnail hentry category-ankuendigungen\" data-id=\"26889\">\r\n\t\t<div class=\"w-grid-item-h\">\r\n\t\t\t\t\t\t<div class=\"w-post-elm post_image usg_post_image_1 stretched\"><a href=\"https:\/\/laserisse.com\/de\/ankuendigungen\/frohes-neues-jahr-willkommen-2022\/\" aria-label=\"Frohes neues Jahr &#8211; Willkommen 2022\"><img loading=\"lazy\" decoding=\"async\" width=\"1024\" height=\"1024\" src=\"https:\/\/laserisse.com\/wp-content\/uploads\/2021\/12\/laseiisse-blog-2022-1024x1024.jpg\" class=\"attachment-large size-large wp-post-image\" alt=\"\" srcset=\"https:\/\/laserisse.com\/wp-content\/uploads\/2021\/12\/laseiisse-blog-2022-1024x1024.jpg 1024w, https:\/\/laserisse.com\/wp-content\/uploads\/2021\/12\/laseiisse-blog-2022-300x300.jpg 300w, https:\/\/laserisse.com\/wp-content\/uploads\/2021\/12\/laseiisse-blog-2022-150x150.jpg 150w, https:\/\/laserisse.com\/wp-content\/uploads\/2021\/12\/laseiisse-blog-2022-1536x1536.jpg 1536w\" sizes=\"auto, (max-width: 1024px) 100vw, 1024px\" title=\"Laser Isse\"><\/a><\/div><h2 class=\"w-post-elm post_title usg_post_title_1 entry-title color_link_inherit\"><a href=\"https:\/\/laserisse.com\/de\/ankuendigungen\/frohes-neues-jahr-willkommen-2022\/\">Frohes neues Jahr &#8211; Willkommen 2022<\/a><\/h2><time class=\"w-post-elm post_date usg_post_date_1 has_text_color entry-date published\" datetime=\"2021-12-31T15:58:26+03:00\" title=\"31 Dezember 2021 um 15:58:26 +03:00\u00a0Uhr\">vor 4\u00a0Jahren<\/time>\t\t<\/div>\r\n\t\t\t<\/article>\r\n\t<article class=\"w-grid-item size_1x1 post-26977 post type-post status-publish format-standard has-post-thumbnail hentry category-ankuendigungen\" data-id=\"26977\">\r\n\t\t<div class=\"w-grid-item-h\">\r\n\t\t\t\t\t\t<div class=\"w-post-elm post_image usg_post_image_1 stretched\"><a href=\"https:\/\/laserisse.com\/de\/ankuendigungen\/aenderung-unseres-markennamens\/\" aria-label=\"\u00c4nderung unseres Markennamens\"><img loading=\"lazy\" decoding=\"async\" width=\"728\" height=\"728\" src=\"https:\/\/laserisse.com\/wp-content\/uploads\/2018\/01\/Laser-Isse-Change-in-machine-brand.jpg\" class=\"attachment-large size-large wp-post-image\" alt=\"\" srcset=\"https:\/\/laserisse.com\/wp-content\/uploads\/2018\/01\/Laser-Isse-Change-in-machine-brand.jpg 728w, https:\/\/laserisse.com\/wp-content\/uploads\/2018\/01\/Laser-Isse-Change-in-machine-brand-300x300.jpg 300w, https:\/\/laserisse.com\/wp-content\/uploads\/2018\/01\/Laser-Isse-Change-in-machine-brand-150x150.jpg 150w\" sizes=\"auto, (max-width: 728px) 100vw, 728px\" title=\"Laser Isse\"><\/a><\/div><h2 class=\"w-post-elm post_title usg_post_title_1 entry-title color_link_inherit\"><a href=\"https:\/\/laserisse.com\/de\/ankuendigungen\/aenderung-unseres-markennamens\/\">\u00c4nderung unseres Markennamens<\/a><\/h2><time class=\"w-post-elm post_date usg_post_date_1 has_text_color entry-date published\" datetime=\"2018-01-11T16:14:49+03:00\" title=\"11 Januar 2018 um 16:14:49 +03:00\u00a0Uhr\">vor 8\u00a0Jahren<\/time>\t\t<\/div>\r\n\t\t\t<\/article>\r\n<\/div><div class=\"w-grid-preloader\">\t<div class=\"g-preloader type_1\">\r\n\t\t<div><\/div>\r\n\t<\/div>\r\n\t<\/div>\t<div class=\"w-grid-json hidden\" onclick='return {&quot;action&quot;:&quot;us_ajax_grid&quot;,&quot;infinite_scroll&quot;:0,&quot;max_num_pages&quot;:1,&quot;pagination&quot;:&quot;infinite&quot;,&quot;template_vars&quot;:{&quot;columns&quot;:&quot;3&quot;,&quot;exclude_items&quot;:&quot;none&quot;,&quot;img_size&quot;:&quot;default&quot;,&quot;ignore_items_size&quot;:0,&quot;items_layout&quot;:&quot;blog_4&quot;,&quot;items_offset&quot;:&quot;1&quot;,&quot;load_animation&quot;:&quot;none&quot;,&quot;overriding_link&quot;:&quot;%7B%22url%22%3A%22%22%7D&quot;,&quot;post_id&quot;:0,&quot;query_args&quot;:{&quot;post_type&quot;:[&quot;post&quot;],&quot;tax_query&quot;:[{&quot;taxonomy&quot;:&quot;category&quot;,&quot;field&quot;:&quot;slug&quot;,&quot;terms&quot;:&quot;ankuendigungen&quot;}],&quot;post_status&quot;:[&quot;publish&quot;],&quot;posts_per_page&quot;:&quot;6&quot;},&quot;orderby_query_args&quot;:{&quot;orderby&quot;:{&quot;date&quot;:&quot;DESC&quot;}},&quot;type&quot;:&quot;grid&quot;,&quot;us_grid_post_type&quot;:&quot;post&quot;,&quot;us_grid_ajax_index&quot;:1,&quot;us_grid_filter_query_string&quot;:null,&quot;us_grid_index&quot;:1,&quot;page_args&quot;:[],&quot;lang&quot;:&quot;de&quot;}}'><\/div>\r\n\t<\/div><\/div><\/div><\/div><\/div><\/div><\/section>\n","protected":false},"excerpt":{"rendered":"Als Laser SOS haben wir uns entschieden, eine Tradition von 10 erfolgreichen Jahren, mehr als 1000 Maschinen und \u00fcber 10.000 Kunden fortzusetzen und zuk\u00fcnftige Erfolge unter einem neuen Markennamen zu begr\u00fc\u00dfen. Lassen Sie uns unseren neuen Markennamen, LASER ISSE, willkommen hei\u00dfen! Die \u00c4nderungen werden Sie bald sehen.","protected":false},"author":743,"featured_media":0,"parent":0,"menu_order":22,"comment_status":"closed","ping_status":"closed","template":"","meta":{"inline_featured_image":false,"footnotes":""},"class_list":["post-27158","page","type-page","status-publish","hentry"],"_links":{"self":[{"href":"https:\/\/laserisse.com\/de\/wp-json\/wp\/v2\/pages\/27158","targetHints":{"allow":["GET"]}}],"collection":[{"href":"https:\/\/laserisse.com\/de\/wp-json\/wp\/v2\/pages"}],"about":[{"href":"https:\/\/laserisse.com\/de\/wp-json\/wp\/v2\/types\/page"}],"author":[{"embeddable":true,"href":"https:\/\/laserisse.com\/de\/wp-json\/wp\/v2\/users\/743"}],"replies":[{"embeddable":true,"href":"https:\/\/laserisse.com\/de\/wp-json\/wp\/v2\/comments?post=27158"}],"version-history":[{"count":1,"href":"https:\/\/laserisse.com\/de\/wp-json\/wp\/v2\/pages\/27158\/revisions"}],"predecessor-version":[{"id":27159,"href":"https:\/\/laserisse.com\/de\/wp-json\/wp\/v2\/pages\/27158\/revisions\/27159"}],"wp:attachment":[{"href":"https:\/\/laserisse.com\/de\/wp-json\/wp\/v2\/media?parent=27158"}],"curies":[{"name":"wp","href":"https:\/\/api.w.org\/{rel}","templated":true}]}}