{"id":27148,"date":"2021-10-16T15:21:17","date_gmt":"2021-10-16T12:21:17","guid":{"rendered":"https:\/\/laserisse.com\/you-are-invited-to-our-stand-at-blechexpo\/"},"modified":"2024-09-13T16:43:38","modified_gmt":"2024-09-13T13:43:38","slug":"wir-laden-sie-zu-unserem-stand-auf-der-blechexpo-ein","status":"publish","type":"page","link":"https:\/\/laserisse.com\/de\/wir-laden-sie-zu-unserem-stand-auf-der-blechexpo-ein\/","title":{"rendered":"Wir laden Sie zu unserem Stand auf der Blechexpo ein"},"content":{"rendered":"<section class=\"l-section wpb_row height_custom\"><div class=\"l-section-h i-cf\"><div class=\"g-cols vc_row via_flex valign_top type_default stacking_default\"><div class=\"vc_col-sm-12 wpb_column vc_column_container\"><div class=\"vc_column-inner\"><div class=\"wpb_wrapper\"><div class=\"wpb_text_column\"><div class=\"wpb_wrapper\"><h2 style=\"text-align: center;\">SIE SIND EINGELADEN<\/h2>\n<\/div><\/div><div class=\"w-separator size_small\"><\/div><div class=\"wpb_text_column\"><div class=\"wpb_wrapper\"><p>Nutzen Sie die Gelegenheit und erfahren Sie mehr \u00fcber unsere Maschinen und Technologien zum Lasermarkieren und -gravieren, Laserschneiden, Laserschwei\u00dfen und Laserreinigen, mit denen Sie der Konkurrenz einen Schritt voraus sind.<\/p>\n<p>Sie k\u00f6nnen unsere L\u00f6sungen und Anwendungen bei einer auf Ihre Bed\u00fcrfnisse abgestimmten Live-Demonstration erleben.<br \/>\nF\u00fcllen Sie auch das untenstehende Formular aus und besuchen Sie unseren Stand, um Ihr spezielles Geschenk zu erhalten.<\/p>\n<\/div><\/div><div class=\"w-separator size_medium\"><\/div>\n<div class=\"wpcf7 no-js\" id=\"wpcf7-f11646-o1\" lang=\"en-US\" dir=\"ltr\">\n<div class=\"screen-reader-response\"><p role=\"status\" aria-live=\"polite\" aria-atomic=\"true\"><\/p> <ul><\/ul><\/div>\n<form action=\"\/de\/wp-json\/wp\/v2\/pages\/27148#wpcf7-f11646-o1\" method=\"post\" class=\"wpcf7-form init\" aria-label=\"Contact form\" novalidate=\"novalidate\" data-status=\"init\">\n<div style=\"display: none;\">\n<input type=\"hidden\" name=\"_wpcf7\" value=\"11646\" \/>\n<input type=\"hidden\" name=\"_wpcf7_version\" value=\"5.9.8\" \/>\n<input type=\"hidden\" name=\"_wpcf7_locale\" value=\"en_US\" \/>\n<input type=\"hidden\" name=\"_wpcf7_unit_tag\" value=\"wpcf7-f11646-o1\" \/>\n<input type=\"hidden\" name=\"_wpcf7_container_post\" value=\"0\" \/>\n<input type=\"hidden\" name=\"_wpcf7_posted_data_hash\" value=\"\" \/>\n<input type=\"hidden\" name=\"_wpcf7_recaptcha_response\" value=\"\" \/>\n<\/div>\n<p><label>Your Name & Surname <span class=\"wpcf7-form-control-wrap\" data-name=\"your-name\"><input size=\"40\" maxlength=\"400\" class=\"wpcf7-form-control wpcf7-text wpcf7-validates-as-required\" aria-required=\"true\" aria-invalid=\"false\" value=\"\" type=\"text\" name=\"your-name\" \/><\/span><\/label><label>Your Phone <span class=\"wpcf7-form-control-wrap\" data-name=\"tel-299\"><input size=\"40\" maxlength=\"400\" class=\"wpcf7-form-control wpcf7-tel wpcf7-validates-as-required wpcf7-text wpcf7-validates-as-tel\" aria-required=\"true\" aria-invalid=\"false\" value=\"\" type=\"tel\" name=\"tel-299\" \/><\/span><\/label><label>Your Email <span class=\"wpcf7-form-control-wrap\" data-name=\"your-email\"><input size=\"40\" maxlength=\"400\" class=\"wpcf7-form-control wpcf7-email wpcf7-validates-as-required wpcf7-text wpcf7-validates-as-email\" aria-required=\"true\" aria-invalid=\"false\" value=\"\" type=\"email\" name=\"your-email\" \/><\/span><\/label><input class=\"wpcf7-form-control wpcf7-submit has-spinner\" type=\"submit\" value=\"Submit\" \/>\n<\/p><div class=\"wpcf7-response-output\" aria-hidden=\"true\"><\/div>\n<\/form>\n<\/div>\n<div class=\"w-separator size_medium\"><\/div><div class=\"w-image align_center\"><div class=\"w-image-h\"><img decoding=\"async\" width=\"2560\" height=\"401\" src=\"https:\/\/laserisse.com\/wp-content\/uploads\/2021\/10\/Laser-Isse_Web_Banner_Stuttgart_En-scaled.jpg\" class=\"attachment-full size-full\" alt=\"\" loading=\"lazy\" srcset=\"https:\/\/laserisse.com\/wp-content\/uploads\/2021\/10\/Laser-Isse_Web_Banner_Stuttgart_En-scaled.jpg 2560w, https:\/\/laserisse.com\/wp-content\/uploads\/2021\/10\/Laser-Isse_Web_Banner_Stuttgart_En-300x47.jpg 300w, https:\/\/laserisse.com\/wp-content\/uploads\/2021\/10\/Laser-Isse_Web_Banner_Stuttgart_En-1024x160.jpg 1024w, https:\/\/laserisse.com\/wp-content\/uploads\/2021\/10\/Laser-Isse_Web_Banner_Stuttgart_En-1536x240.jpg 1536w\" sizes=\"auto, (max-width: 2560px) 100vw, 2560px\" title=\"Laser Isse\"><\/div><\/div><\/div><\/div><\/div><\/div><\/div><\/section>\n","protected":false},"excerpt":{"rendered":"SIE SIND EINGELADEN Nutzen Sie die Gelegenheit und erfahren Sie mehr \u00fcber unsere Maschinen und Technologien zum Lasermarkieren und -gravieren, Laserschneiden, Laserschwei\u00dfen und Laserreinigen, mit denen Sie der Konkurrenz einen Schritt voraus sind. Sie k\u00f6nnen unsere L\u00f6sungen und Anwendungen bei einer auf Ihre Bed\u00fcrfnisse abgestimmten Live-Demonstration erleben. F\u00fcllen Sie auch das untenstehende Formular aus und...","protected":false},"author":743,"featured_media":0,"parent":0,"menu_order":15,"comment_status":"closed","ping_status":"closed","template":"","meta":{"inline_featured_image":false,"footnotes":""},"class_list":["post-27148","page","type-page","status-publish","hentry"],"_links":{"self":[{"href":"https:\/\/laserisse.com\/de\/wp-json\/wp\/v2\/pages\/27148","targetHints":{"allow":["GET"]}}],"collection":[{"href":"https:\/\/laserisse.com\/de\/wp-json\/wp\/v2\/pages"}],"about":[{"href":"https:\/\/laserisse.com\/de\/wp-json\/wp\/v2\/types\/page"}],"author":[{"embeddable":true,"href":"https:\/\/laserisse.com\/de\/wp-json\/wp\/v2\/users\/743"}],"replies":[{"embeddable":true,"href":"https:\/\/laserisse.com\/de\/wp-json\/wp\/v2\/comments?post=27148"}],"version-history":[{"count":3,"href":"https:\/\/laserisse.com\/de\/wp-json\/wp\/v2\/pages\/27148\/revisions"}],"predecessor-version":[{"id":27151,"href":"https:\/\/laserisse.com\/de\/wp-json\/wp\/v2\/pages\/27148\/revisions\/27151"}],"wp:attachment":[{"href":"https:\/\/laserisse.com\/de\/wp-json\/wp\/v2\/media?parent=27148"}],"curies":[{"name":"wp","href":"https:\/\/api.w.org\/{rel}","templated":true}]}}