{"id":26997,"date":"2022-08-11T10:16:07","date_gmt":"2022-08-11T07:16:07","guid":{"rendered":"https:\/\/laserisse.com\/laser-blanking-custom-made-production-line\/"},"modified":"2025-01-06T18:20:44","modified_gmt":"2025-01-06T15:20:44","slug":"produktionslinie-fuer-laserschneiden-nach-mass","status":"publish","type":"page","link":"https:\/\/laserisse.com\/de\/produktionslinie-fuer-laserschneiden-nach-mass\/","title":{"rendered":"PRODUKTIONSLINIE F\u00dcR LASERSCHNEIDEN NACH MASS"},"content":{"rendered":"<section class=\"l-section wpb_row height_custom color_primary with_img parallax_hor bgwidth_120\"><div class=\"l-section-img\" role=\"img\" data-img-width=\"1920\" data-img-height=\"1080\" style=\"background-image: url(https:\/\/laserisse.com\/wp-content\/uploads\/2022\/10\/custom-laser-blanking-line.jpg);background-position: top center;background-repeat: no-repeat;\"><\/div><div class=\"l-section-overlay\" style=\"background:rgba(2,2,2,0.67)\"><\/div><div class=\"l-section-h i-cf\"><div class=\"g-cols vc_row via_flex valign_top type_default stacking_default\"><div class=\"vc_col-sm-12 wpb_column vc_column_container\"><div class=\"vc_column-inner\"><div class=\"wpb_wrapper\"><div class=\"w-separator size_medium\"><\/div><div class=\"wpb_text_column\"><div class=\"wpb_wrapper\"><h1 style=\"text-align: center;\">Laser Blanking<\/h1>\n<h1 style=\"text-align: center;\">Ma\u00dfgeschneiderte Produktionslinie<\/h1>\n<\/div><\/div><div class=\"w-separator size_small\"><\/div><div class=\"w-iconbox iconpos_top style_default color_custom align_center no_text no_title\"><a href=\"#intro\" class=\"w-iconbox-link\" aria-label=\"far|chevron-down\"><div class=\"w-iconbox-icon\" style=\"font-size:3rem;--icon-color:#ffffff;\"><i class=\"far fa-chevron-down\"><\/i><\/div><\/a><div class=\"w-iconbox-meta\"><\/div><\/div><\/div><\/div><\/div><\/div><\/div><\/section><section class=\"l-section wpb_row hide_on_mobiles height_auto color_secondary type_sticky\" id=\"intro\"><div class=\"l-section-h i-cf\"><div class=\"g-cols vc_row via_flex valign_top type_default stacking_default\"><div class=\"vc_col-sm-12 wpb_column vc_column_container\"><div class=\"vc_column-inner\"><div class=\"wpb_wrapper\"><nav class=\"w-menu us_custom_d16317ef layout_hor style_blocks not_responsive us_menu_1 with_children\" style=\"--main-ver-indent:0.8em;--main-hor-indent:0.8em;--main-color:#ffffff;--main-hover-color:#1a1a1a;--main-active-color:#d1d1d1;\"><ul id=\"menu-cutting-laser-blanking-custom-made-production-line-german\" class=\"menu\"><li id=\"menu-item-27493\" class=\"menu-item menu-item-type-custom menu-item-object-custom menu-item-27493\"><a href=\"#main\">Laser Blanking Custom Made Production Line<\/a><\/li><li id=\"menu-item-27494\" class=\"menu-item menu-item-type-custom menu-item-object-custom menu-item-27494\"><a href=\"#units\">Units<\/a><\/li><li id=\"menu-item-27495\" class=\"menu-item menu-item-type-custom menu-item-object-custom menu-item-27495\"><a href=\"#overview\">Overview<\/a><\/li><li id=\"menu-item-27496\" class=\"menu-item menu-item-type-custom menu-item-object-custom menu-item-27496\"><a href=\"#video\">Application Videos<\/a><\/li><\/ul><\/nav><\/div><\/div><\/div><\/div><\/div><\/section><section class=\"l-section wpb_row us_custom_680133ec height_small\" id=\"main\"><div class=\"l-section-h i-cf\"><div class=\"g-cols vc_row via_flex valign_top type_default stacking_default\"><div class=\"vc_col-sm-12 wpb_column vc_column_container\"><div class=\"vc_column-inner\"><div class=\"wpb_wrapper\"><div class=\"w-separator size_medium\"><\/div><div class=\"w-image align_none\"><div class=\"w-image-h\"><img decoding=\"async\" width=\"3840\" height=\"966\" src=\"https:\/\/laserisse.com\/wp-content\/uploads\/2022\/08\/custom-cutting-line.png\" class=\"attachment-full size-full\" alt=\"\" loading=\"lazy\" srcset=\"https:\/\/laserisse.com\/wp-content\/uploads\/2022\/08\/custom-cutting-line.png 3840w, https:\/\/laserisse.com\/wp-content\/uploads\/2022\/08\/custom-cutting-line-300x75.png 300w, https:\/\/laserisse.com\/wp-content\/uploads\/2022\/08\/custom-cutting-line-1024x258.png 1024w, https:\/\/laserisse.com\/wp-content\/uploads\/2022\/08\/custom-cutting-line-1536x386.png 1536w\" sizes=\"auto, (max-width: 3840px) 100vw, 3840px\" title=\"Laser Isse\"><\/div><\/div><div class=\"w-separator size_medium\"><\/div><div class=\"wpb_text_column\"><div class=\"wpb_wrapper\"><p style=\"color: #ed1b2f; font-size: 30px; text-align: left;\">EINE <strong>Linie<\/strong>, ZWEI <strong>Methoden<\/strong><\/p>\n<p style=\"font-size: 25px; text-align: left;\">Coil-fed Shear <strong>Blanking<\/strong> &amp; Laser <strong>Schneidlinie<\/strong><\/p>\n<p style=\"text-align: left;\">Die Blanking-Linie schneidet alle Ihre ma\u00dfgeschneiderten Zuschnitte direkt von der Coil mit unseren schl\u00fcsselfertigen L\u00f6sungen und nutzt dabei die Automatisierung f\u00fcr das Zuf\u00fchren, Nivellieren, Schneiden und Stapeln aller geschnittenen Teile.<\/p>\n<ul>\n<li style=\"text-align: left;\"><strong>Shear-Schneiden<\/strong>\u00a0bietet schnelles Schneiden von Zuschnitten in jeder Gr\u00f6\u00dfe<\/li>\n<li style=\"text-align: left;\"><strong>Laserschneiden<\/strong> bietet Hochgeschwindigkeitsschneiden f\u00fcr gerade Linien, trapezf\u00f6rmige und jede beliebige Form von Zuschnitten f\u00fcr Ihre Produktionsanforderungen<\/li>\n<\/ul>\n<\/div><\/div><div class=\"w-separator size_medium\" id=\"units\"><\/div><div class=\"wpb_text_column\"><div class=\"wpb_wrapper\"><h3 style=\"text-align: right;\">Laser Blanking Ma\u00dfgeschneiderte Produktionslinie-Einheiten<\/h3>\n<\/div><\/div><div class=\"w-separator size_medium\"><\/div><div class=\"g-cols wpb_row via_flex valign_top type_default stacking_default\"><div class=\"vc_col-sm-12 wpb_column vc_column_container\"><div class=\"vc_column-inner\"><div class=\"wpb_wrapper\"><div class=\"w-image align_none\"><div class=\"w-image-h\"><img decoding=\"async\" width=\"1920\" height=\"843\" src=\"https:\/\/laserisse.com\/wp-content\/uploads\/2022\/09\/laser-blanki\u0307ng-custom-made-producti\u0307on-li\u0307ne-1.png\" class=\"attachment-full size-full\" alt=\"\" loading=\"lazy\" srcset=\"https:\/\/laserisse.com\/wp-content\/uploads\/2022\/09\/laser-blanki\u0307ng-custom-made-producti\u0307on-li\u0307ne-1.png 1920w, https:\/\/laserisse.com\/wp-content\/uploads\/2022\/09\/laser-blanki\u0307ng-custom-made-producti\u0307on-li\u0307ne-1-300x132.png 300w, https:\/\/laserisse.com\/wp-content\/uploads\/2022\/09\/laser-blanki\u0307ng-custom-made-producti\u0307on-li\u0307ne-1-1024x450.png 1024w, https:\/\/laserisse.com\/wp-content\/uploads\/2022\/09\/laser-blanki\u0307ng-custom-made-producti\u0307on-li\u0307ne-1-1536x674.png 1536w\" sizes=\"auto, (max-width: 1920px) 100vw, 1920px\" title=\"Laser Isse\"><\/div><\/div><\/div><\/div><\/div><\/div><div class=\"g-cols wpb_row via_flex valign_top type_default stacking_default\"><div class=\"vc_col-sm-4 wpb_column vc_column_container\"><div class=\"vc_column-inner\"><div class=\"wpb_wrapper\"><div class=\"w-image align_none\"><div class=\"w-image-h\"><img decoding=\"async\" width=\"300\" height=\"203\" src=\"https:\/\/laserisse.com\/wp-content\/uploads\/2022\/08\/Resim1-300x203.png\" class=\"attachment-medium size-medium\" alt=\"\" loading=\"lazy\" srcset=\"https:\/\/laserisse.com\/wp-content\/uploads\/2022\/08\/Resim1-300x203.png 300w, https:\/\/laserisse.com\/wp-content\/uploads\/2022\/08\/Resim1.png 715w\" sizes=\"auto, (max-width: 300px) 100vw, 300px\" title=\"Laser Isse\"><\/div><\/div><div class=\"wpb_text_column\"><div class=\"wpb_wrapper\"><p style=\"text-align: center;\"><strong>Abwickler<\/strong><\/p>\n<\/div><\/div><\/div><\/div><\/div><div class=\"vc_col-sm-4 wpb_column vc_column_container\"><div class=\"vc_column-inner\"><div class=\"wpb_wrapper\"><div class=\"w-image align_none\"><div class=\"w-image-h\"><img decoding=\"async\" width=\"300\" height=\"203\" src=\"https:\/\/laserisse.com\/wp-content\/uploads\/2022\/08\/Resim2-300x203.png\" class=\"attachment-medium size-medium\" alt=\"\" loading=\"lazy\" srcset=\"https:\/\/laserisse.com\/wp-content\/uploads\/2022\/08\/Resim2-300x203.png 300w, https:\/\/laserisse.com\/wp-content\/uploads\/2022\/08\/Resim2.png 681w\" sizes=\"auto, (max-width: 300px) 100vw, 300px\" title=\"Laser Isse\"><\/div><\/div><div class=\"wpb_text_column\"><div class=\"wpb_wrapper\"><p style=\"text-align: center;\"><strong>Nivelliermaschine<\/strong><\/p>\n<\/div><\/div><\/div><\/div><\/div><div class=\"vc_col-sm-4 wpb_column vc_column_container\"><div class=\"vc_column-inner\"><div class=\"wpb_wrapper\"><div class=\"w-image align_none\"><div class=\"w-image-h\"><img decoding=\"async\" width=\"300\" height=\"206\" src=\"https:\/\/laserisse.com\/wp-content\/uploads\/2022\/08\/Resim3-300x206.png\" class=\"attachment-medium size-medium\" alt=\"\" loading=\"lazy\" srcset=\"https:\/\/laserisse.com\/wp-content\/uploads\/2022\/08\/Resim3-300x206.png 300w, https:\/\/laserisse.com\/wp-content\/uploads\/2022\/08\/Resim3.png 760w\" sizes=\"auto, (max-width: 300px) 100vw, 300px\" title=\"Laser Isse\"><\/div><\/div><div class=\"wpb_text_column\"><div class=\"wpb_wrapper\"><p style=\"text-align: center;\"><strong>Exzenter<\/strong><br \/>\n<strong>Fliegende Schere<\/strong><\/p>\n<\/div><\/div><\/div><\/div><\/div><\/div><div class=\"g-cols wpb_row via_flex valign_top type_default stacking_default\"><div class=\"vc_col-sm-4 wpb_column vc_column_container\"><div class=\"vc_column-inner\"><div class=\"wpb_wrapper\"><div class=\"w-image align_none\"><div class=\"w-image-h\"><img decoding=\"async\" width=\"300\" height=\"161\" src=\"https:\/\/laserisse.com\/wp-content\/uploads\/2022\/08\/Resim4-300x161.png\" class=\"attachment-medium size-medium\" alt=\"\" loading=\"lazy\" srcset=\"https:\/\/laserisse.com\/wp-content\/uploads\/2022\/08\/Resim4-300x161.png 300w, https:\/\/laserisse.com\/wp-content\/uploads\/2022\/08\/Resim4.png 495w\" sizes=\"auto, (max-width: 300px) 100vw, 300px\" title=\"Laser Isse\"><\/div><\/div><div class=\"wpb_text_column\"><div class=\"wpb_wrapper\"><p style=\"text-align: center;\"><strong>Stapeln<\/strong><br \/>\n<strong>Einheit<\/strong><\/p>\n<\/div><\/div><\/div><\/div><\/div><div class=\"vc_col-sm-4 wpb_column vc_column_container\"><div class=\"vc_column-inner\"><div class=\"wpb_wrapper\"><div class=\"w-image align_none\"><div class=\"w-image-h\"><img decoding=\"async\" width=\"300\" height=\"190\" src=\"https:\/\/laserisse.com\/wp-content\/uploads\/2022\/08\/Resim5-300x190.png\" class=\"attachment-medium size-medium\" alt=\"\" loading=\"lazy\" srcset=\"https:\/\/laserisse.com\/wp-content\/uploads\/2022\/08\/Resim5-300x190.png 300w, https:\/\/laserisse.com\/wp-content\/uploads\/2022\/08\/Resim5.png 618w\" sizes=\"auto, (max-width: 300px) 100vw, 300px\" title=\"Laser Isse\"><\/div><\/div><div class=\"wpb_text_column\"><div class=\"wpb_wrapper\"><p style=\"text-align: center;\"><strong>Laser<\/strong><br \/>\n<strong>Schneidzelle<\/strong><\/p>\n<\/div><\/div><\/div><\/div><\/div><div class=\"vc_col-sm-4 wpb_column vc_column_container\"><div class=\"vc_column-inner\"><div class=\"wpb_wrapper\"><div class=\"w-image align_none\"><div class=\"w-image-h\"><img decoding=\"async\" width=\"300\" height=\"205\" src=\"https:\/\/laserisse.com\/wp-content\/uploads\/2022\/08\/Resim6-300x205.png\" class=\"attachment-medium size-medium\" alt=\"\" loading=\"lazy\" srcset=\"https:\/\/laserisse.com\/wp-content\/uploads\/2022\/08\/Resim6-300x205.png 300w, https:\/\/laserisse.com\/wp-content\/uploads\/2022\/08\/Resim6.png 520w\" sizes=\"auto, (max-width: 300px) 100vw, 300px\" title=\"Laser Isse\"><\/div><\/div><div class=\"wpb_text_column\"><div class=\"wpb_wrapper\"><p style=\"text-align: center;\"><strong>Entlade- &amp;<\/strong><br \/>\n<strong>Stapelstation<\/strong><\/p>\n<\/div><\/div><\/div><\/div><\/div><\/div><\/div><\/div><\/div><\/div><\/div><\/section><section class=\"l-section wpb_row height_custom\" id=\"overview\"><div class=\"l-section-h i-cf\"><div class=\"g-cols vc_row via_flex valign_top type_default stacking_default\"><div class=\"vc_col-sm-12 wpb_column vc_column_container\"><div class=\"vc_column-inner\"><div class=\"wpb_wrapper\"><div class=\"wpb_text_column\"><div class=\"wpb_wrapper\"><h3 style=\"text-align: left;\">\u00dcberblick \u00fcber die Coil-Schneidlinie<\/h3>\n<\/div><\/div><div class=\"w-image align_none\"><div class=\"w-image-h\"><img decoding=\"async\" width=\"1920\" height=\"1080\" src=\"https:\/\/laserisse.com\/wp-content\/uploads\/2022\/09\/coil-fed-blanking-overview.png\" class=\"attachment-full size-full\" alt=\"\" loading=\"lazy\" srcset=\"https:\/\/laserisse.com\/wp-content\/uploads\/2022\/09\/coil-fed-blanking-overview.png 1920w, https:\/\/laserisse.com\/wp-content\/uploads\/2022\/09\/coil-fed-blanking-overview-300x169.png 300w, https:\/\/laserisse.com\/wp-content\/uploads\/2022\/09\/coil-fed-blanking-overview-1024x576.png 1024w, https:\/\/laserisse.com\/wp-content\/uploads\/2022\/09\/coil-fed-blanking-overview-1536x864.png 1536w\" sizes=\"auto, (max-width: 1920px) 100vw, 1920px\" title=\"Laser Isse\"><\/div><\/div><\/div><\/div><\/div><\/div><\/div><\/section><section class=\"l-section wpb_row height_small\" id=\"video\"><div class=\"l-section-h i-cf\"><div class=\"g-cols vc_row via_flex valign_top type_default stacking_default\"><div class=\"vc_col-sm-12 wpb_column vc_column_container\"><div class=\"vc_column-inner\"><div class=\"wpb_wrapper\"><div class=\"wpb_text_column\"><div class=\"wpb_wrapper\"><h2 style=\"color: #ed1b2f; text-align: center;\"><strong>Anwendungsvideos<\/strong><\/h2>\n<\/div><\/div><div class=\"w-separator size_medium\"><\/div><div class=\"g-cols wpb_row via_flex valign_top type_default stacking_default\"><div class=\"vc_col-sm-6 wpb_column vc_column_container\"><div class=\"vc_column-inner\"><div class=\"wpb_wrapper\"><div class=\"wpb_text_column\"><div class=\"wpb_wrapper\"><div style=\"position: relative; padding-top: 56.25%;\"><iframe style=\"border: none; position: absolute; top: 0; left: 0; height: 100%; width: 100%;\" src=\"https:\/\/customer-mbxktl6mguo62w5b.cloudflarestream.com\/a3684568c92c3f070a751ff5cc6288df\/iframe?poster=https%3A%2F%2Fcustomer-mbxktl6mguo62w5b.cloudflarestream.com%2Fa3684568c92c3f070a751ff5cc6288df%2Fthumbnails%2Fthumbnail.jpg%3Ftime%3D%26height%3D600\" allowfullscreen=\"allowfullscreen\"><\/iframe><\/div>\n<\/div><\/div><\/div><\/div><\/div><div class=\"vc_col-sm-6 wpb_column vc_column_container\"><div class=\"vc_column-inner\"><div class=\"wpb_wrapper\"><div class=\"wpb_text_column\"><div class=\"wpb_wrapper\"><div style=\"position: relative; padding-top: 56.25%;\"><iframe style=\"border: none; position: absolute; top: 0; left: 0; height: 100%; width: 100%;\" src=\"https:\/\/customer-mbxktl6mguo62w5b.cloudflarestream.com\/8f9f4249863a96cdf2b261c93e6a2208\/iframe?poster=https%3A%2F%2Fcustomer-mbxktl6mguo62w5b.cloudflarestream.com%2F8f9f4249863a96cdf2b261c93e6a2208%2Fthumbnails%2Fthumbnail.jpg%3Ftime%3D%26height%3D600\" allowfullscreen=\"allowfullscreen\"><\/iframe><\/div>\n<\/div><\/div><\/div><\/div><\/div><\/div><\/div><\/div><\/div><\/div><\/div><\/section><section class=\"l-section wpb_row height_huge color_secondary with_img parallax_ver\"><div class=\"l-section-img\" role=\"img\" data-img-width=\"1920\" data-img-height=\"750\" style=\"background-image: url(https:\/\/laserisse.com\/wp-content\/uploads\/2020\/04\/laserisse-trusted-global-clients.jpg);background-repeat: no-repeat;\"><\/div><div class=\"l-section-overlay\" style=\"background:rgba(43,44,54,0.83)\"><\/div><div class=\"l-section-h i-cf\"><div class=\"g-cols vc_row via_flex valign_top type_default stacking_default\"><div class=\"vc_col-sm-12 wpb_column vc_column_container\"><div class=\"vc_column-inner\"><div class=\"wpb_wrapper\"><div class=\"wpb_text_column\"><div class=\"wpb_wrapper\"><h5 style=\"text-align: center;\"><\/h5>\n<h5 style=\"text-align: center;\"><strong><span class=\"theme_color\" style=\"color: #e40521;\">20+ <\/span><\/strong>Jahre Lasererfahrung \u2022 <span class=\"theme_color\" style=\"color: #e40521;\">18.000+<\/span> m\u00b2 Arbeitsfl\u00e4che \u2022 <span class=\"theme_color\" style=\"color: #e40521;\">4 <\/span>Anlagen \u2022 <span class=\"theme_color\" style=\"color: #e40521;\">150+ <\/span>Mitarbeiter <span class=\"theme_color\" style=\"color: #e40521;\">150+ <\/span>verschiedene Laseranwendungen \u2022 <span class=\"theme_color\" style=\"color: #e40521;\">1700+ <\/span>Laser-Systeminstallationen \u2022 Exportiert in <span class=\"theme_color\" style=\"color: #e40521;\">56 <\/span>L\u00e4nder<\/h5>\n<p style=\"text-align: center;\">Mit dem Vertrauen unserer Kunden k\u00f6nnen wir eine bessere Zukunft schaffen, indem wir modernste Lasertechnologie nutzen, um eine perfekte Produktion zu erreichen.<\/p>\n<\/div><\/div><\/div><\/div><\/div><\/div><\/div><\/section>\n","protected":false},"excerpt":{"rendered":"Laser Blanking Ma\u00dfgeschneiderte Produktionslinie Laser Blanking Custom Made Production LineUnitsOverviewApplication VideosEINE Linie, ZWEI Methoden Coil-fed Shear Blanking &amp; Laser Schneidlinie Die Blanking-Linie schneidet alle Ihre ma\u00dfgeschneiderten Zuschnitte direkt von der Coil mit unseren schl\u00fcsselfertigen L\u00f6sungen und nutzt dabei die Automatisierung f\u00fcr das Zuf\u00fchren, Nivellieren, Schneiden und Stapeln aller geschnittenen Teile. Shear-Schneiden\u00a0bietet schnelles Schneiden von Zuschnitten...","protected":false},"author":743,"featured_media":0,"parent":0,"menu_order":1,"comment_status":"closed","ping_status":"closed","template":"","meta":{"inline_featured_image":false,"footnotes":""},"class_list":["post-26997","page","type-page","status-publish","hentry"],"_links":{"self":[{"href":"https:\/\/laserisse.com\/de\/wp-json\/wp\/v2\/pages\/26997","targetHints":{"allow":["GET"]}}],"collection":[{"href":"https:\/\/laserisse.com\/de\/wp-json\/wp\/v2\/pages"}],"about":[{"href":"https:\/\/laserisse.com\/de\/wp-json\/wp\/v2\/types\/page"}],"author":[{"embeddable":true,"href":"https:\/\/laserisse.com\/de\/wp-json\/wp\/v2\/users\/743"}],"replies":[{"embeddable":true,"href":"https:\/\/laserisse.com\/de\/wp-json\/wp\/v2\/comments?post=26997"}],"version-history":[{"count":7,"href":"https:\/\/laserisse.com\/de\/wp-json\/wp\/v2\/pages\/26997\/revisions"}],"predecessor-version":[{"id":27777,"href":"https:\/\/laserisse.com\/de\/wp-json\/wp\/v2\/pages\/26997\/revisions\/27777"}],"wp:attachment":[{"href":"https:\/\/laserisse.com\/de\/wp-json\/wp\/v2\/media?parent=26997"}],"curies":[{"name":"wp","href":"https:\/\/api.w.org\/{rel}","templated":true}]}}